{"id":949,"date":"2016-01-15T15:42:24","date_gmt":"2016-01-15T14:42:24","guid":{"rendered":"https:\/\/essenglish.org\/messenger\/?page_id=949"},"modified":"2016-01-15T15:42:24","modified_gmt":"2016-01-15T14:42:24","slug":"issue-ii2-autumn-1993","status":"publish","type":"page","link":"https:\/\/essenglish.org\/messenger\/back-issues-1990-2005\/issue-ii2-autumn-1993\/","title":{"rendered":"Issue II\/2 &#8211; Autumn 1993"},"content":{"rendered":"<p><a href=\"https:\/\/i0.wp.com\/essenglish.org\/messenger\/wp-content\/uploads\/sites\/2\/2016\/01\/mes22.jpg?ssl=1\" rel=\"attachment wp-att-950\"><img data-recalc-dims=\"1\" loading=\"lazy\" decoding=\"async\" class=\"aligncenter size-full wp-image-950\" src=\"https:\/\/i0.wp.com\/essenglish.org\/messenger\/wp-content\/uploads\/sites\/2\/2016\/01\/mes22.jpg?resize=220%2C300&#038;ssl=1\" alt=\"mes22\" width=\"220\" height=\"300\" \/><\/a><\/p>\n<table border=\"0\" cellspacing=\"2\" cellpadding=\"2\">\n<tbody>\n<tr>\n<td colspan=\"3\">\n<div><small><small><span style=\"font-family: Palatino\"><span style=\"font-size: xx-small\"><small><small>Cover design by Norbert Mastalerz.<\/small><\/small><\/span><\/span><\/small><\/small><\/div>\n<div><b><span style=\"font-family: Palatino\"><span style=\"font-size: xx-small\">Contents <\/span><\/span><\/b><\/div>\n<\/td>\n<\/tr>\n<tr>\n<td><b>Editorial<\/b>: What has ESSE Accomplished?<\/td>\n<td><\/td>\n<td>4<\/td>\n<\/tr>\n<tr>\n<td>The ESSE Conference in Bordeaux. 4 &#8211; 8 September, 1993<\/td>\n<td><\/td>\n<td>7<\/td>\n<\/tr>\n<tr>\n<td>Lines of Desire<\/td>\n<td>Robert Clark<\/td>\n<td>9<\/td>\n<\/tr>\n<tr>\n<td>Election of the ESSE Chairman and Secretary<\/td>\n<td>Robert Clark<\/td>\n<td>10<\/td>\n<\/tr>\n<tr>\n<td>Hommage to Levitchi<\/td>\n<td>Ioan Aurel Preda<\/td>\n<td>11<\/td>\n<\/tr>\n<tr>\n<td><\/td>\n<td><\/td>\n<td><\/td>\n<\/tr>\n<tr>\n<td><b>Interview<\/b>: Tom Sharpe<\/td>\n<td>Ana Moya Gutierrez<\/td>\n<td>12<\/td>\n<\/tr>\n<tr>\n<td><\/td>\n<td><\/td>\n<td><\/td>\n<\/tr>\n<tr>\n<td><b>Briefings<\/b><\/td>\n<td><\/td>\n<td><\/td>\n<\/tr>\n<tr>\n<td>Number 6: Recent Developments in Pragmatics<\/td>\n<td>Rctiard Janney<\/td>\n<td>15<\/td>\n<\/tr>\n<tr>\n<td>Insert: Malcolm Bradbury on the ESSE Conference in Norwich.<\/td>\n<td>991<\/td>\n<td>23<\/td>\n<\/tr>\n<tr>\n<td>Number 7: Narratology<\/td>\n<td>Manfred Jahn &amp; Ansgar N\u00fcnning<\/td>\n<td>24<\/td>\n<\/tr>\n<tr>\n<td><\/td>\n<td><\/td>\n<td><\/td>\n<\/tr>\n<tr>\n<td><b>Rejoinders<\/b><\/td>\n<td><\/td>\n<td><\/td>\n<\/tr>\n<tr>\n<td>On the Stylistics of Jean-Jacques Lecercle<\/td>\n<td>Katie Wales<\/td>\n<td>30<\/td>\n<\/tr>\n<tr>\n<td>On the Cultural Studies of Susan Bassnett<\/td>\n<td>lan Spring<\/td>\n<td>32<\/td>\n<\/tr>\n<tr>\n<td>On European Copyright<\/td>\n<td>Patrick Parrinder<\/td>\n<td>35<\/td>\n<\/tr>\n<tr>\n<td>On Academic vs. Vocational Training in Higher Education in Britain (Editorial <i>The Messenger<\/i>Vol. 2. No. 1)<\/td>\n<td>Michael Hattaway<\/td>\n<td>37<\/td>\n<\/tr>\n<tr>\n<td>Language in Their Gesture: Th\u00e9\u00e2tre de Complicit\u00e9<\/td>\n<td>Hilary Taylor<\/td>\n<td>39<\/td>\n<\/tr>\n<tr>\n<td>Group Research in the Humanities and the Semiotic Study of Shakespeare<\/td>\n<td>Keir Elam<\/td>\n<td>43<\/td>\n<\/tr>\n<tr>\n<td>Software Notes: Word for Windows<\/td>\n<td>Robert Clark<\/td>\n<td>46<\/td>\n<\/tr>\n<tr>\n<td>ESSE Membership Database: New Codes 1993<\/td>\n<td>\u00a0Robert Clark<\/td>\n<td>47<\/td>\n<\/tr>\n<tr>\n<td>Report on a Book-Provision-Programme for Libraries in Eastern Europe<\/td>\n<td>Karin Psuleweit arid Christine Thomas<\/td>\n<td>48<\/td>\n<\/tr>\n<tr>\n<td>Books for the New Democracies<\/td>\n<td>Gordon. Campbell<\/td>\n<td>51<\/td>\n<\/tr>\n<tr>\n<td>Some TEMPUS Programmes in English Studies<\/td>\n<td><\/td>\n<td>52<\/td>\n<\/tr>\n<tr>\n<td>ERASMUS Tips and Tricks, Two<\/td>\n<td><\/td>\n<td>54<\/td>\n<\/tr>\n<tr>\n<td><\/td>\n<td><\/td>\n<td><\/td>\n<\/tr>\n<tr>\n<td><b>The National Societies<\/b><\/td>\n<td><\/td>\n<td><\/td>\n<\/tr>\n<tr>\n<td>The Netherlands Society for English Studies<\/td>\n<td>Bart Westerweel<\/td>\n<td>56<\/td>\n<\/tr>\n<tr>\n<td><\/td>\n<td><\/td>\n<td><\/td>\n<\/tr>\n<tr>\n<td>Editor&#8217;s Noticeboard incl. ESSE Bursaries 1994<\/td>\n<td><\/td>\n<td>58<\/td>\n<\/tr>\n<tr>\n<td>Calls for Papers<\/td>\n<td><\/td>\n<td>59<\/td>\n<\/tr>\n<tr>\n<td>Conference Announcements<\/td>\n<td><\/td>\n<td>60<\/td>\n<\/tr>\n<\/tbody>\n<\/table>\n<p><\/p>\n","protected":false},"excerpt":{"rendered":"<p>Cover design by Norbert Mastalerz. Contents Editorial: What has ESSE Accomplished? 4 The ESSE Conference in Bordeaux. 4 &#8211; 8 September, 1993 7 Lines of Desire Robert Clark 9 Election of the ESSE Chairman and Secretary Robert Clark 10 Hommage to Levitchi Ioan Aurel Preda 11 Interview: Tom Sharpe Ana Moya Gutierrez 12 Briefings Number [&hellip;]<\/p>\n","protected":false},"author":2,"featured_media":0,"parent":745,"menu_order":0,"comment_status":"closed","ping_status":"closed","template":"","meta":{"_crdt_document":"","ngg_post_thumbnail":0,"jetpack_post_was_ever_published":false,"footnotes":""},"categories":[],"tags":[],"class_list":["post-949","page","type-page","status-publish","hentry"],"jetpack_sharing_enabled":true,"_links":{"self":[{"href":"https:\/\/essenglish.org\/messenger\/wp-json\/wp\/v2\/pages\/949","targetHints":{"allow":["GET"]}}],"collection":[{"href":"https:\/\/essenglish.org\/messenger\/wp-json\/wp\/v2\/pages"}],"about":[{"href":"https:\/\/essenglish.org\/messenger\/wp-json\/wp\/v2\/types\/page"}],"author":[{"embeddable":true,"href":"https:\/\/essenglish.org\/messenger\/wp-json\/wp\/v2\/users\/2"}],"replies":[{"embeddable":true,"href":"https:\/\/essenglish.org\/messenger\/wp-json\/wp\/v2\/comments?post=949"}],"version-history":[{"count":1,"href":"https:\/\/essenglish.org\/messenger\/wp-json\/wp\/v2\/pages\/949\/revisions"}],"predecessor-version":[{"id":951,"href":"https:\/\/essenglish.org\/messenger\/wp-json\/wp\/v2\/pages\/949\/revisions\/951"}],"up":[{"embeddable":true,"href":"https:\/\/essenglish.org\/messenger\/wp-json\/wp\/v2\/pages\/745"}],"wp:attachment":[{"href":"https:\/\/essenglish.org\/messenger\/wp-json\/wp\/v2\/media?parent=949"}],"wp:term":[{"taxonomy":"category","embeddable":true,"href":"https:\/\/essenglish.org\/messenger\/wp-json\/wp\/v2\/categories?post=949"},{"taxonomy":"post_tag","embeddable":true,"href":"https:\/\/essenglish.org\/messenger\/wp-json\/wp\/v2\/tags?post=949"}],"curies":[{"name":"wp","href":"https:\/\/api.w.org\/{rel}","templated":true}]}}