{"id":793,"date":"2016-01-09T16:32:08","date_gmt":"2016-01-09T15:32:08","guid":{"rendered":"https:\/\/essenglish.org\/messenger\/?page_id=793"},"modified":"2016-01-09T16:32:08","modified_gmt":"2016-01-09T15:32:08","slug":"issue-xiii2-autumn-2004","status":"publish","type":"page","link":"https:\/\/essenglish.org\/messenger\/back-issues-1990-2005\/issue-xiii2-autumn-2004\/","title":{"rendered":"Issue XIII\/2 &#8211; Autumn 2004"},"content":{"rendered":"<p><a href=\"https:\/\/i0.wp.com\/essenglish.org\/messenger\/wp-content\/uploads\/sites\/2\/2016\/01\/mes132.jpg?ssl=1\" rel=\"attachment wp-att-794\"><img data-recalc-dims=\"1\" loading=\"lazy\" decoding=\"async\" class=\"aligncenter size-medium wp-image-794\" src=\"https:\/\/i0.wp.com\/essenglish.org\/messenger\/wp-content\/uploads\/sites\/2\/2016\/01\/mes132.jpg?resize=213%2C300&#038;ssl=1\" alt=\"mes132\" width=\"213\" height=\"300\" \/><\/a><\/p>\n<table border=\"0\" cellspacing=\"0\" cellpadding=\"0\">\n<tbody>\n<tr>\n<td colspan=\"3\"><small>Cover photograph with acknowledgments to Paul Sherwood and The Gallery Press, Ireland.<br \/>\nCover designed by Kristian Stotesbury, M\u00e4nts\u00e4l\u00e4, Finland.<\/p>\n<p><\/small><\/p>\n<div>Contents<\/div>\n<\/td>\n<\/tr>\n<tr>\n<td>The President\u2019s Column<\/td>\n<td><\/td>\n<td width=\"10%\">2<\/td>\n<\/tr>\n<tr>\n<td><\/td>\n<td><\/td>\n<td><\/td>\n<\/tr>\n<tr>\n<td>Winners of the ESSE Bursaries for 2004<\/td>\n<td><\/td>\n<td>3<\/td>\n<\/tr>\n<tr>\n<td><\/td>\n<td><\/td>\n<td><\/td>\n<\/tr>\n<tr>\n<td>ESSE Book Award 2006<\/td>\n<td><\/td>\n<td>4<\/td>\n<\/tr>\n<tr>\n<td><\/td>\n<td><\/td>\n<td><\/td>\n<\/tr>\n<tr>\n<td>In Memoriam Paul-Gabriel Bouc\u00e9 (1936-2004)<\/td>\n<td><\/td>\n<td>5<\/td>\n<\/tr>\n<tr>\n<td><\/td>\n<td><\/td>\n<td><\/td>\n<\/tr>\n<tr>\n<td>ESSE-8 Confernce, London 2006: First Circular<\/td>\n<td><\/td>\n<td>6<\/td>\n<\/tr>\n<tr>\n<td><\/td>\n<td><\/td>\n<td><\/td>\n<\/tr>\n<tr>\n<td>Articles<\/td>\n<td><\/td>\n<td><\/td>\n<\/tr>\n<tr>\n<td>\n<div>English Studies in Europe: Past, Present, and Future<\/div>\n<\/td>\n<td>Martin A. Kayman<\/td>\n<td>8<\/td>\n<\/tr>\n<tr>\n<td>\n<div>Asking Directions in Theory<\/div>\n<\/td>\n<td>Anton Kirchhofer<\/td>\n<td>11<\/td>\n<\/tr>\n<tr>\n<td>\n<div>The Recent History of Linguistic Relativity<\/div>\n<\/td>\n<td>Philip Carr<\/td>\n<td>17<\/td>\n<\/tr>\n<tr>\n<td>\n<div>Decency at a Discount? English Studies, Communication, Mediation<\/div>\n<\/td>\n<td>Roger D. Sell<\/td>\n<td>23<\/td>\n<\/tr>\n<tr>\n<td><\/td>\n<td><\/td>\n<td><\/td>\n<\/tr>\n<tr>\n<td>The Poetry of Medbh McGuckian<\/td>\n<td><\/td>\n<td><\/td>\n<\/tr>\n<tr>\n<td>\n<div>An Interview with Medbh McGuckian<\/div>\n<\/td>\n<td>Maria Jesus Lorenzo Modia<\/td>\n<td>35<\/td>\n<\/tr>\n<tr>\n<td>\n<div>Medbh McGuckian: New Poems<\/div>\n<\/td>\n<td><\/td>\n<td>44<\/td>\n<\/tr>\n<tr>\n<td>\n<div>Medbh McGuckian: The Angel in Two Parts<\/div>\n<\/td>\n<td>Borbala Farago<\/td>\n<td>47<\/td>\n<\/tr>\n<tr>\n<td><\/td>\n<td><\/td>\n<td><\/td>\n<\/tr>\n<tr>\n<td>Articles<\/td>\n<td><\/td>\n<td><\/td>\n<\/tr>\n<tr>\n<td>\n<div>The Importance of Travel Writing<\/div>\n<\/td>\n<td>Tim Youngs<\/td>\n<td>55<\/td>\n<\/tr>\n<tr>\n<td>\n<div>ELF at the Gate: The Position of English as a Lingua Franca<\/div>\n<\/td>\n<td>Jennifer Jenkins<\/td>\n<td>63<\/td>\n<\/tr>\n<tr>\n<td>\n<div>English as Heritage: On the Rebranding of a Conventional Discipline<\/div>\n<\/td>\n<td>Charles Owen<\/td>\n<td>70<\/td>\n<\/tr>\n<tr>\n<td><\/td>\n<td><\/td>\n<td><\/td>\n<\/tr>\n<tr>\n<td>Confernce Reports<\/td>\n<td><\/td>\n<td><\/td>\n<\/tr>\n<tr>\n<td>\n<div>19th Oxford Conference on the Teaching of Literature, April 2004<\/div>\n<\/td>\n<td><\/td>\n<td>81<\/td>\n<\/tr>\n<tr>\n<td>\n<div>14th International Conference on Virginia Woolf, June 2004<\/div>\n<\/td>\n<td><\/td>\n<td>82<\/td>\n<\/tr>\n<tr valign=\"top\">\n<td>\n<div>13th Annual CDE Conference, June 2004<\/div>\n<\/td>\n<td><\/td>\n<td>84<\/td>\n<\/tr>\n<tr>\n<td><\/td>\n<td><\/td>\n<td><\/td>\n<\/tr>\n<tr>\n<td>Book Reviews<\/td>\n<td><\/td>\n<td><\/td>\n<\/tr>\n<tr>\n<td>\n<div>Practical Phonetics and Phonology, by Beverley Collins and Inger M. Mees<\/div>\n<\/td>\n<td>Biljana Cubrovic<\/td>\n<td>87<\/td>\n<\/tr>\n<tr>\n<td>\n<div>The Reformation, by Joseph Arrowsmith<\/div>\n<\/td>\n<td>Clara Calvo<\/td>\n<td>89<\/td>\n<\/tr>\n<tr>\n<td><\/td>\n<td><\/td>\n<td><\/td>\n<\/tr>\n<tr valign=\"top\">\n<td>Conferences and Journals<\/td>\n<td><\/td>\n<td>91<\/td>\n<\/tr>\n<tr>\n<td><\/td>\n<td><\/td>\n<td><\/td>\n<\/tr>\n<tr>\n<td>Editorial Note<\/td>\n<td><\/td>\n<td>95<\/td>\n<\/tr>\n<tr>\n<td><\/td>\n<td><\/td>\n<td><\/td>\n<\/tr>\n<tr>\n<td>ESSE Board Members<\/td>\n<td><\/td>\n<td>96<\/td>\n<\/tr>\n<\/tbody>\n<\/table>\n<p><\/p>\n","protected":false},"excerpt":{"rendered":"<p>Cover photograph with acknowledgments to Paul Sherwood and The Gallery Press, Ireland. Cover designed by Kristian Stotesbury, M\u00e4nts\u00e4l\u00e4, Finland. Contents The President\u2019s Column 2 Winners of the ESSE Bursaries for 2004 3 ESSE Book Award 2006 4 In Memoriam Paul-Gabriel Bouc\u00e9 (1936-2004) 5 ESSE-8 Confernce, London 2006: First Circular 6 Articles English Studies in Europe: [&hellip;]<\/p>\n","protected":false},"author":2,"featured_media":0,"parent":745,"menu_order":0,"comment_status":"closed","ping_status":"closed","template":"","meta":{"_crdt_document":"","ngg_post_thumbnail":0,"jetpack_post_was_ever_published":false,"footnotes":""},"categories":[],"tags":[],"class_list":["post-793","page","type-page","status-publish","hentry"],"jetpack_sharing_enabled":true,"_links":{"self":[{"href":"https:\/\/essenglish.org\/messenger\/wp-json\/wp\/v2\/pages\/793","targetHints":{"allow":["GET"]}}],"collection":[{"href":"https:\/\/essenglish.org\/messenger\/wp-json\/wp\/v2\/pages"}],"about":[{"href":"https:\/\/essenglish.org\/messenger\/wp-json\/wp\/v2\/types\/page"}],"author":[{"embeddable":true,"href":"https:\/\/essenglish.org\/messenger\/wp-json\/wp\/v2\/users\/2"}],"replies":[{"embeddable":true,"href":"https:\/\/essenglish.org\/messenger\/wp-json\/wp\/v2\/comments?post=793"}],"version-history":[{"count":1,"href":"https:\/\/essenglish.org\/messenger\/wp-json\/wp\/v2\/pages\/793\/revisions"}],"predecessor-version":[{"id":795,"href":"https:\/\/essenglish.org\/messenger\/wp-json\/wp\/v2\/pages\/793\/revisions\/795"}],"up":[{"embeddable":true,"href":"https:\/\/essenglish.org\/messenger\/wp-json\/wp\/v2\/pages\/745"}],"wp:attachment":[{"href":"https:\/\/essenglish.org\/messenger\/wp-json\/wp\/v2\/media?parent=793"}],"wp:term":[{"taxonomy":"category","embeddable":true,"href":"https:\/\/essenglish.org\/messenger\/wp-json\/wp\/v2\/categories?post=793"},{"taxonomy":"post_tag","embeddable":true,"href":"https:\/\/essenglish.org\/messenger\/wp-json\/wp\/v2\/tags?post=793"}],"curies":[{"name":"wp","href":"https:\/\/api.w.org\/{rel}","templated":true}]}}