{"id":732,"date":"2016-01-09T13:41:02","date_gmt":"2016-01-09T12:41:02","guid":{"rendered":"https:\/\/essenglish.org\/messenger\/?page_id=732"},"modified":"2016-01-09T13:42:59","modified_gmt":"2016-01-09T12:42:59","slug":"issue-xv1-spring-2006","status":"publish","type":"page","link":"https:\/\/essenglish.org\/messenger\/back\/issue-xv1-spring-2006\/","title":{"rendered":"Issue XV\/1 &#8211; Spring 2006"},"content":{"rendered":"<p><a href=\"https:\/\/i0.wp.com\/essenglish.org\/messenger\/wp-content\/uploads\/sites\/2\/2016\/01\/mes151.jpg?ssl=1\" rel=\"attachment wp-att-733\"><img data-recalc-dims=\"1\" loading=\"lazy\" decoding=\"async\" class=\"aligncenter size-medium wp-image-733\" src=\"https:\/\/i0.wp.com\/essenglish.org\/messenger\/wp-content\/uploads\/sites\/2\/2016\/01\/mes151.jpg?resize=210%2C300&#038;ssl=1\" alt=\"mes151\" width=\"210\" height=\"300\" \/><\/a><br \/>\n<strong>Cover design, image and advertisement manipulation<\/strong> by Kristian Stotesbury, M\u00e4nts\u00e4l\u00e4, Finland<\/p>\n<hr \/>\n<div>The ESSE President\u2019s Column, p. 2<\/div>\n<div>ESSE Positions, p. 2<\/div>\n<div>Digitalization of The European English Messenger, p. 3<\/div>\n<div>ESSE Bursary Winners 2006, p. 5<\/div>\n<div>The ESSE Database, Publishers&#8217;s Mailings and University-English, p. 5<\/div>\n<div>European Journal of English Studies: Calls for Papers, p. 6<\/div>\n<p>ESSE 8-2006 London Conference Programme, p. 11<\/p>\n<hr \/>\n<p><strong>INTERVIEW<\/strong><\/p>\n<p>Constanza del Rio \u00c1lvaro and Francisco Collado Rodriguez, <em>On Literature and Ethic<\/em>: An Interview with J. Hillis Miller, p. 23<\/p>\n<p><a href=\"https:\/\/essenglish.org\/messenger\/wp-content\/uploads\/sites\/2\/2016\/01\/151-23-34.pdf\" target=\"_blank\">Download pp. 23-34<\/a><\/p>\n<hr \/>\n<p><strong>MICHAEL HAMBURGER<\/strong><\/p>\n<div>Lidia Vianu, &#8220;I am a Survivor from another Culture&#8221;: An Interview with Michael Hamburger, p. 35<\/div>\n<div>Michael Hamburger, Two Poems, p. 38<\/div>\n<p>Peter Lawson, Satire and Apocalypse in the Poems of Michael Hamburger, p. 42<\/p>\n<p><a href=\"https:\/\/essenglish.org\/messenger\/wp-content\/uploads\/sites\/2\/2016\/01\/151-35-45.pdf\" target=\"_blank\">Download pp. 35-45<\/a><\/p>\n<hr \/>\n<p><strong>ARTICLES<\/strong><\/p>\n<div>Sara Martin, The Wood and the Trees: Popular Fictions between Literary and Cultural Studies, p. 46<\/div>\n<div>Paula Kalaja,Whither Goest Thou? Foreign Language Learning and Teaching from a Finnish Perspective, p. 54<\/div>\n<p>Neil Forsyth, The Original Pronunciation Troilus and Cressida at Shakespeare&#8217;s New Globe Theatre, p. 62<\/p>\n<p><a href=\"https:\/\/essenglish.org\/messenger\/wp-content\/uploads\/sites\/2\/2016\/01\/151-46-65.pdf\" target=\"_blank\">Download pp. 46-65<\/a><\/p>\n<hr \/>\n<p><strong>LOUIS MACNEICE<\/strong><\/p>\n<div>Stan Smith, &#8220;Louis MacNeice in Barcelona, December 1938&#8221;, p. 66<\/div>\n<p>Joseph Pridmore, <em>Life for a Day<\/em>: Review, p. 67<\/p>\n<p><a href=\"https:\/\/essenglish.org\/messenger\/wp-content\/uploads\/sites\/2\/2016\/01\/151-66-68.pdf\" target=\"_blank\">Download pp. 66-68<\/a><\/p>\n<hr \/>\n<p>Stipe Grgas, English Studies in Croatia, p. 69<\/p>\n<div><strong>Conference Reports<\/strong>: Neil Forsyth, Jacek Mydla, p. 75<\/div>\n<div><strong>Book Reviews<\/strong>: Emmanouil Aretoulakis, David Malcolm, Krisztina Tim\u00e1r, Stipe Grgas, Margu\u00e9rite Corporaal, p. 77<\/div>\n<div><strong>Calls for Articles<\/strong>: Journals &amp; Anthologies, p. 91<\/div>\n<p><strong>Calls for Papers<\/strong>: Conferences, p. 94<\/p>\n<p><a href=\"https:\/\/essenglish.org\/messenger\/wp-content\/uploads\/sites\/2\/2016\/01\/151-69-93.pdf\" target=\"_blank\">Download pp. 69-93<\/a><\/p>\n<hr \/>\n<p><strong>ESSE Board Members<\/strong>, p. 96<\/p>\n<p>&nbsp;<\/p>\n","protected":false},"excerpt":{"rendered":"<p>Cover design, image and advertisement manipulation by Kristian Stotesbury, M\u00e4nts\u00e4l\u00e4, Finland The ESSE President\u2019s Column, p. 2 ESSE Positions, p. 2 Digitalization of The European English Messenger, p. 3 ESSE Bursary Winners 2006, p. 5 The ESSE Database, Publishers&#8217;s Mailings and University-English, p. 5 European Journal of English Studies: Calls for Papers, p. 6 ESSE [&hellip;]<\/p>\n","protected":false},"author":2,"featured_media":0,"parent":33,"menu_order":0,"comment_status":"closed","ping_status":"closed","template":"","meta":{"_crdt_document":"","ngg_post_thumbnail":0,"jetpack_post_was_ever_published":false,"footnotes":""},"categories":[],"tags":[],"class_list":["post-732","page","type-page","status-publish","hentry"],"jetpack_sharing_enabled":true,"_links":{"self":[{"href":"https:\/\/essenglish.org\/messenger\/wp-json\/wp\/v2\/pages\/732","targetHints":{"allow":["GET"]}}],"collection":[{"href":"https:\/\/essenglish.org\/messenger\/wp-json\/wp\/v2\/pages"}],"about":[{"href":"https:\/\/essenglish.org\/messenger\/wp-json\/wp\/v2\/types\/page"}],"author":[{"embeddable":true,"href":"https:\/\/essenglish.org\/messenger\/wp-json\/wp\/v2\/users\/2"}],"replies":[{"embeddable":true,"href":"https:\/\/essenglish.org\/messenger\/wp-json\/wp\/v2\/comments?post=732"}],"version-history":[{"count":4,"href":"https:\/\/essenglish.org\/messenger\/wp-json\/wp\/v2\/pages\/732\/revisions"}],"predecessor-version":[{"id":742,"href":"https:\/\/essenglish.org\/messenger\/wp-json\/wp\/v2\/pages\/732\/revisions\/742"}],"up":[{"embeddable":true,"href":"https:\/\/essenglish.org\/messenger\/wp-json\/wp\/v2\/pages\/33"}],"wp:attachment":[{"href":"https:\/\/essenglish.org\/messenger\/wp-json\/wp\/v2\/media?parent=732"}],"wp:term":[{"taxonomy":"category","embeddable":true,"href":"https:\/\/essenglish.org\/messenger\/wp-json\/wp\/v2\/categories?post=732"},{"taxonomy":"post_tag","embeddable":true,"href":"https:\/\/essenglish.org\/messenger\/wp-json\/wp\/v2\/tags?post=732"}],"curies":[{"name":"wp","href":"https:\/\/api.w.org\/{rel}","templated":true}]}}