{"id":694,"date":"2016-01-09T11:53:50","date_gmt":"2016-01-09T10:53:50","guid":{"rendered":"https:\/\/essenglish.org\/messenger\/?page_id=694"},"modified":"2016-01-09T12:43:47","modified_gmt":"2016-01-09T11:43:47","slug":"issue-xvi1-spring-2007","status":"publish","type":"page","link":"https:\/\/essenglish.org\/messenger\/back\/issue-xvi1-spring-2007\/","title":{"rendered":"Issue XVI\/1 &#8211; Spring 2007"},"content":{"rendered":"<p><a href=\"https:\/\/i0.wp.com\/essenglish.org\/messenger\/wp-content\/uploads\/sites\/2\/2016\/01\/mes161.jpg?ssl=1\" rel=\"attachment wp-att-695\"><img data-recalc-dims=\"1\" loading=\"lazy\" decoding=\"async\" class=\"aligncenter size-medium wp-image-695\" src=\"https:\/\/i0.wp.com\/essenglish.org\/messenger\/wp-content\/uploads\/sites\/2\/2016\/01\/mes161.jpg?resize=199%2C300&#038;ssl=1\" alt=\"mes161\" width=\"199\" height=\"300\" \/><\/a><br \/>\n<strong>Cover design, and image and advertisement manipulation<\/strong> by Kristian Stotesbury, M\u00e4nts\u00e4l\u00e4, Finland.<br \/>\n<strong>Photographs<\/strong>: Front Cover (\u201cLate Winter Blues\u201d): photograph by John A Stotesbury; photograph p. 3 adapted from an image supplied by Fernando Galv\u00e1n<small><big>; photographs p. 25 supplied by Macmillan; photographs pp. 42-43 supplied by Sofi\u0301a Mun\u0303oz Valdivieso and Birmingham Central Library, UK; photograph p. 86 adapted from an image supplied by Liliana Pop. <\/big><\/small><br \/>\n<strong>Production assistant<\/strong>: Joao Paulo Moreira, Coimbra, Portugal.<\/p>\n<hr \/>\n<p><strong>ESSE MATTERS<\/strong><\/p>\n<div>President\u2019s Column, p. 2<\/div>\n<div>Calls for Applications and Nominations for the ESSE Positions of Secretary and Treasurer, p. 4<\/div>\n<div>Editorial Notes, Password, Errata, p. 4<\/div>\n<div>Winners of the ESSE Bursaries for 2007, p. 6<\/div>\n<div>ESSE-9 Conference, \u00c5rhus, 22-26 August 2008, p. 7<\/div>\n<div>J. Lachlan Mackenzie, Round Table on the Bologna Process, p. 8<\/div>\n<div>Roberta Maierhofer, Round Table on the Bologna Process: Addendum, p. 11<\/div>\n<p>The European Journal of English Studies (EJES), p. 1<\/p>\n<p><a href=\"https:\/\/essenglish.org\/messenger\/wp-content\/uploads\/sites\/2\/2016\/01\/161-2-15.pdf\" target=\"_blank\">Download pp. 2-15<\/a><\/p>\n<div>\n<hr \/>\n<p><strong>POETRY<\/strong><\/p>\n<\/div>\n<p>Kit Fryatt, Three Translations from the Essex Book, p. 16<\/p>\n<p><a href=\"https:\/\/essenglish.org\/messenger\/wp-content\/uploads\/sites\/2\/2016\/01\/161-16-20.pdf\" target=\"_blank\">Download pp. 16-20<\/a><\/p>\n<hr \/>\n<p><strong>ARTICLES<\/strong><\/p>\n<p>Patrice Larroque,<em> Past Tense and Time Reference in Non-Standard English<\/em>, p. 21<\/p>\n<p><a href=\"https:\/\/essenglish.org\/messenger\/wp-content\/uploads\/sites\/2\/2016\/01\/161-21-24.pdf\" target=\"_blank\">Download pp. 21-24<\/a><\/p>\n<p>Jonathan Bate &amp; H\u00e9lo\u00efse S\u00e9n\u00e9chal, <em>Editing Shakespeare for the Twenty-First Century<\/em>, p. 25<\/p>\n<p><a href=\"https:\/\/essenglish.org\/messenger\/wp-content\/uploads\/sites\/2\/2016\/01\/161-25-32.pdf\" target=\"_blank\">Download pp. 25-32<\/a><\/p>\n<p>Bo Pettersson, <em>The Real in the Unreal: Mimesis and Postmodern American Fiction<\/em>, p. 33<\/p>\n<p><a href=\"https:\/\/essenglish.org\/messenger\/wp-content\/uploads\/sites\/2\/2016\/01\/161-33-39.pdf\" target=\"_blank\">Download pp. 33-39<\/a><\/p>\n<p>Sofia Mu\u00f1oz Valdivieso, <em>The Abolition of the British Slave Trade<\/em>, p. 41<\/p>\n<p><a href=\"https:\/\/essenglish.org\/messenger\/wp-content\/uploads\/sites\/2\/2016\/01\/161-41-49.pdf\" target=\"_blank\">Download pp. 41-49<\/a><\/p>\n<p>Robert Philipson &amp; Tove Skutnabb-Kangas,<em> Reviewing a Book and How It Relates to &#8220;Global&#8221; English: Ngugi wa Thiong&#8217;o, Wizard of the Crow<\/em>, p. 50<\/p>\n<p><a href=\"https:\/\/essenglish.org\/messenger\/wp-content\/uploads\/sites\/2\/2016\/01\/161-50-54.pdf\" target=\"_blank\">Download pp. 50-54<\/a><\/p>\n<hr \/>\n<p><strong>POETRY<\/strong><\/p>\n<p>Stan Smith, &#8220;Wire&#8221;, p. 55<\/p>\n<p><a href=\"https:\/\/essenglish.org\/messenger\/wp-content\/uploads\/sites\/2\/2016\/01\/161-55.pdf\" target=\"_blank\">Download p. 55<\/a><\/p>\n<hr \/>\n<p><strong>INTERVEW\u00a0\u00a0<\/strong>Lidia Vianu, Interviewing Peter Ackroyd, Part 2, p. 56<\/p>\n<p><a href=\"https:\/\/essenglish.org\/messenger\/back\/issue-xix2-autumn-2010\/\" target=\"_blank\">Download pp. 56-60<\/a><\/p>\n<hr \/>\n<p><strong>BOOK REVIEWS<\/strong>Regina Rudaityte, Loredana Fr\u0103\u0163il\u0103, Biljana Cubrovi\u0107, Fabio L. Vericat, Biljana Radi\u0107-Bojani\u0107, Johanna L. Wood, Anthony Barker, Jacob Thaisen, Gerald Porter, I\u0219il Ba\u0219, Joost de Bloois, Greg Matthews, Onno Kosters, Sue Vice, Mine \u00d6zyurt Kili\u00e7, p. 61<\/p>\n<p><a href=\"https:\/\/essenglish.org\/messenger\/wp-content\/uploads\/sites\/2\/2016\/01\/161-61-85.pdf\" target=\"_blank\">Download pp. 61-85<\/a><\/p>\n<hr \/>\n<p><strong>CONFERENCE REPORTS<\/strong>, p. 86Liliana Pop, Heiko Stahl, Ellen Gr\u00fcnkemeier, Nata\u0219a Milivojevi\u0107 &amp; Biljana Radi\u0107-Bojani\u0107<\/p>\n<p><a href=\"https:\/\/essenglish.org\/messenger\/wp-content\/uploads\/sites\/2\/2016\/01\/161-86-92.pdf\" target=\"_blank\">Download pp. 86-92<\/a><\/p>\n<hr \/>\n<p><strong>CALLS FOR PAPERS AND ARTICLES<\/strong>, p.\u00a0 93<\/p>\n<div><strong>ESSE BOARD MEMBERS: NATIONAL REPRESENTATIVES<\/strong>, p. 96<\/div>\n","protected":false},"excerpt":{"rendered":"<p>Cover design, and image and advertisement manipulation by Kristian Stotesbury, M\u00e4nts\u00e4l\u00e4, Finland. Photographs: Front Cover (\u201cLate Winter Blues\u201d): photograph by John A Stotesbury; photograph p. 3 adapted from an image supplied by Fernando Galv\u00e1n; photographs p. 25 supplied by Macmillan; photographs pp. 42-43 supplied by Sofi\u0301a Mun\u0303oz Valdivieso and Birmingham Central Library, UK; photograph p. [&hellip;]<\/p>\n","protected":false},"author":2,"featured_media":0,"parent":33,"menu_order":0,"comment_status":"closed","ping_status":"closed","template":"","meta":{"_crdt_document":"","ngg_post_thumbnail":0,"jetpack_post_was_ever_published":false,"footnotes":""},"categories":[],"tags":[],"class_list":["post-694","page","type-page","status-publish","hentry"],"jetpack_sharing_enabled":true,"_links":{"self":[{"href":"https:\/\/essenglish.org\/messenger\/wp-json\/wp\/v2\/pages\/694","targetHints":{"allow":["GET"]}}],"collection":[{"href":"https:\/\/essenglish.org\/messenger\/wp-json\/wp\/v2\/pages"}],"about":[{"href":"https:\/\/essenglish.org\/messenger\/wp-json\/wp\/v2\/types\/page"}],"author":[{"embeddable":true,"href":"https:\/\/essenglish.org\/messenger\/wp-json\/wp\/v2\/users\/2"}],"replies":[{"embeddable":true,"href":"https:\/\/essenglish.org\/messenger\/wp-json\/wp\/v2\/comments?post=694"}],"version-history":[{"count":6,"href":"https:\/\/essenglish.org\/messenger\/wp-json\/wp\/v2\/pages\/694\/revisions"}],"predecessor-version":[{"id":731,"href":"https:\/\/essenglish.org\/messenger\/wp-json\/wp\/v2\/pages\/694\/revisions\/731"}],"up":[{"embeddable":true,"href":"https:\/\/essenglish.org\/messenger\/wp-json\/wp\/v2\/pages\/33"}],"wp:attachment":[{"href":"https:\/\/essenglish.org\/messenger\/wp-json\/wp\/v2\/media?parent=694"}],"wp:term":[{"taxonomy":"category","embeddable":true,"href":"https:\/\/essenglish.org\/messenger\/wp-json\/wp\/v2\/categories?post=694"},{"taxonomy":"post_tag","embeddable":true,"href":"https:\/\/essenglish.org\/messenger\/wp-json\/wp\/v2\/tags?post=694"}],"curies":[{"name":"wp","href":"https:\/\/api.w.org\/{rel}","templated":true}]}}