{"id":676,"date":"2016-01-08T18:45:41","date_gmt":"2016-01-08T17:45:41","guid":{"rendered":"https:\/\/essenglish.org\/messenger\/?page_id=676"},"modified":"2016-01-08T18:46:43","modified_gmt":"2016-01-08T17:46:43","slug":"issue-xvi2-autumn-2007","status":"publish","type":"page","link":"https:\/\/essenglish.org\/messenger\/back\/issue-xvi2-autumn-2007\/","title":{"rendered":"Issue XVI\/2 &#8211; Autumn 2007"},"content":{"rendered":"<p><a href=\"https:\/\/i0.wp.com\/essenglish.org\/messenger\/wp-content\/uploads\/sites\/2\/2016\/01\/mes162.jpg?ssl=1\" rel=\"attachment wp-att-677\"><img data-recalc-dims=\"1\" loading=\"lazy\" decoding=\"async\" class=\"aligncenter size-medium wp-image-677\" src=\"https:\/\/i0.wp.com\/essenglish.org\/messenger\/wp-content\/uploads\/sites\/2\/2016\/01\/mes162.jpg?resize=209%2C300&#038;ssl=1\" alt=\"mes162\" width=\"209\" height=\"300\" \/><\/a><br \/>\n<strong>Cover design, and image and advertisement manipulation<\/strong> by Kristian Stotesbury, M\u00e4nts\u00e4l\u00e4, Finland.<br \/>\n<strong>Photograph and image<\/strong>: Front Cover (&#8220;The Way Ahead&#8221;): photograph by John A. Stotesbury; p. 43 &#8220;King Frost and the Snow Queen&#8221;, image supplied by Heidi Hansson.<\/p>\n<hr \/>\n<p><strong>ESSE MATTERS<\/strong><\/p>\n<div>The ESSE President\u2019s Column, p. 2<\/div>\n<div>Editorial Notes, Password, Erratum, p. 4<\/div>\n<div>Lachlan Mackenzie, ESSE Treasurer\u2019s Column, p. 5<\/div>\n<div>Hortensia P\u00e2rlog, Joys of an ESSE Secretary, p. 8<\/div>\n<div>ESSE Bursaries for 2008, p. 10<\/div>\n<p>ESSE Book Awards, p. 11<\/p>\n<p><a href=\"https:\/\/essenglish.org\/messenger\/wp-content\/uploads\/sites\/2\/2016\/01\/162-1-12.pdf\" target=\"_blank\">Download pp. 1-12<\/a><\/p>\n<p>ESSE-9 Conference, \u00c5rhus, 22-26 August 2008, p. 14<\/p>\n<p><a href=\"https:\/\/essenglish.org\/messenger\/wp-content\/uploads\/sites\/2\/2016\/01\/162-14-32.pdf\" target=\"_blank\">Download pp. 14-32<\/a><\/p>\n<p>The European Journal of English Studies (EJES), p. 33<\/p>\n<p><a href=\"https:\/\/essenglish.org\/messenger\/wp-content\/uploads\/sites\/2\/2016\/01\/162-33-36.pdf\" target=\"_blank\">Download pp. 33-36 <\/a><\/p>\n<hr \/>\n<p><strong>ARTICLES &amp; ESSAYS<\/strong><\/p>\n<p>Milena Kova\u010devi\u0107, Language and Culture: Reflections, Experience, p. 37<\/p>\n<p><a href=\"https:\/\/essenglish.org\/messenger\/wp-content\/uploads\/sites\/2\/2016\/01\/162-37-41.pdf\" target=\"_blank\">Download pp. 37-41<\/a><\/p>\n<p>Heidi Hansson,Foreign North: Outside Perspectives on the Nordic North, p. 42<\/p>\n<p><a href=\"https:\/\/essenglish.org\/messenger\/wp-content\/uploads\/sites\/2\/2016\/01\/162-42-46.pdf\" target=\"_blank\">Download pp. 42-46<\/a><\/p>\n<p>J\u00fcrgen Handke, VLC E-Bologna: The Bologna Process and the Virtual Linguistics Campus, 47<\/p>\n<p><a href=\"https:\/\/essenglish.org\/messenger\/wp-content\/uploads\/sites\/2\/2016\/01\/162-47-60.pdf\" target=\"_blank\">Download pp. 47-60<\/a><\/p>\n<p>Gy\u00f6rgy E. Sz\u00f6nyi,The Current Situation of English Studies in Hungary, p. 61<\/p>\n<p><a href=\"https:\/\/essenglish.org\/messenger\/wp-content\/uploads\/sites\/2\/2016\/01\/162-61-65.pdf\" target=\"_blank\">Download pp. 61-65<\/a><\/p>\n<p>Lehel Vadon, The Grand Old Man of English &amp; American Studies in Hungary: L\u00e1szl\u00f3 Orsz\u00e1gh, 1907-1984, p. 66<\/p>\n<p><a href=\"https:\/\/essenglish.org\/messenger\/wp-content\/uploads\/sites\/2\/2016\/01\/162-66-67.pdf\" target=\"_blank\">Download pp. 66-67<\/a><\/p>\n<p>Franco Marucci, T. S. Eliot Studies in Italy 1950-2007: An Overview, p. 68.<\/p>\n<p><a href=\"https:\/\/essenglish.org\/messenger\/wp-content\/uploads\/sites\/2\/2016\/01\/162-68-76.pdf\" target=\"_blank\">Download pp. 68-76<\/a><\/p>\n<p>Gregory Dowling, Review: Franco Marucci, Storia della letteratura inglese: Dal 1870 al 1921, p. 77.<\/p>\n<p><a href=\"https:\/\/essenglish.org\/messenger\/wp-content\/uploads\/sites\/2\/2016\/01\/162-77-81.pdf\" target=\"_blank\">Download pp. 77-81<\/a><\/p>\n<hr \/>\n<p><strong>BOOK REVIEWS<\/strong><\/p>\n<p>Jan Chovanec, Wolfgang Riehle, Cees Kosters, Yves Laberge, Rob Spence, Konstantina Georganta, Greg Matthews, p. 82<\/p>\n<p><a href=\"https:\/\/essenglish.org\/messenger\/wp-content\/uploads\/sites\/2\/2016\/01\/162-82-92.pdf\" target=\"_blank\">Download pp. 82-92<\/a><\/p>\n<hr \/>\n<p><strong>CALLS FOR PAPERS &amp; ARTICLES<\/strong>, p. 93<\/p>\n<p><strong>ESSE BOARD MEMBERS: NATIONAL REPRESENTATIVES<\/strong>, p. 96<\/p>\n","protected":false},"excerpt":{"rendered":"<p>Cover design, and image and advertisement manipulation by Kristian Stotesbury, M\u00e4nts\u00e4l\u00e4, Finland. Photograph and image: Front Cover (&#8220;The Way Ahead&#8221;): photograph by John A. Stotesbury; p. 43 &#8220;King Frost and the Snow Queen&#8221;, image supplied by Heidi Hansson. ESSE MATTERS The ESSE President\u2019s Column, p. 2 Editorial Notes, Password, Erratum, p. 4 Lachlan Mackenzie, ESSE [&hellip;]<\/p>\n","protected":false},"author":2,"featured_media":0,"parent":33,"menu_order":0,"comment_status":"closed","ping_status":"closed","template":"","meta":{"_crdt_document":"","ngg_post_thumbnail":0,"jetpack_post_was_ever_published":false,"footnotes":""},"categories":[],"tags":[],"class_list":["post-676","page","type-page","status-publish","hentry"],"jetpack_sharing_enabled":true,"_links":{"self":[{"href":"https:\/\/essenglish.org\/messenger\/wp-json\/wp\/v2\/pages\/676","targetHints":{"allow":["GET"]}}],"collection":[{"href":"https:\/\/essenglish.org\/messenger\/wp-json\/wp\/v2\/pages"}],"about":[{"href":"https:\/\/essenglish.org\/messenger\/wp-json\/wp\/v2\/types\/page"}],"author":[{"embeddable":true,"href":"https:\/\/essenglish.org\/messenger\/wp-json\/wp\/v2\/users\/2"}],"replies":[{"embeddable":true,"href":"https:\/\/essenglish.org\/messenger\/wp-json\/wp\/v2\/comments?post=676"}],"version-history":[{"count":2,"href":"https:\/\/essenglish.org\/messenger\/wp-json\/wp\/v2\/pages\/676\/revisions"}],"predecessor-version":[{"id":690,"href":"https:\/\/essenglish.org\/messenger\/wp-json\/wp\/v2\/pages\/676\/revisions\/690"}],"up":[{"embeddable":true,"href":"https:\/\/essenglish.org\/messenger\/wp-json\/wp\/v2\/pages\/33"}],"wp:attachment":[{"href":"https:\/\/essenglish.org\/messenger\/wp-json\/wp\/v2\/media?parent=676"}],"wp:term":[{"taxonomy":"category","embeddable":true,"href":"https:\/\/essenglish.org\/messenger\/wp-json\/wp\/v2\/categories?post=676"},{"taxonomy":"post_tag","embeddable":true,"href":"https:\/\/essenglish.org\/messenger\/wp-json\/wp\/v2\/tags?post=676"}],"curies":[{"name":"wp","href":"https:\/\/api.w.org\/{rel}","templated":true}]}}