{"id":664,"date":"2016-01-08T17:27:50","date_gmt":"2016-01-08T16:27:50","guid":{"rendered":"https:\/\/essenglish.org\/messenger\/?page_id=664"},"modified":"2016-01-08T17:50:31","modified_gmt":"2016-01-08T16:50:31","slug":"issue-xvii1-spring-2008","status":"publish","type":"page","link":"https:\/\/essenglish.org\/messenger\/back\/issue-xvii1-spring-2008\/","title":{"rendered":"Issue XVII\/1 &#8211; Spring 2008"},"content":{"rendered":"<p><a href=\"https:\/\/i0.wp.com\/essenglish.org\/messenger\/wp-content\/uploads\/sites\/2\/2016\/01\/mes171.jpg?ssl=1\" rel=\"attachment wp-att-667\"><img data-recalc-dims=\"1\" loading=\"lazy\" decoding=\"async\" class=\"aligncenter size-medium wp-image-667\" src=\"https:\/\/i0.wp.com\/essenglish.org\/messenger\/wp-content\/uploads\/sites\/2\/2016\/01\/mes171.jpg?resize=218%2C300&#038;ssl=1\" alt=\"mes171\" width=\"218\" height=\"300\" \/><\/a><br \/>\n<strong>Cover design, and image manipulation<\/strong>: Kristian Stotesbury, M\u00e4nts\u00e4l\u00e4, Finland.<br \/>\n<strong>Images<\/strong>: Front Cover &#8220;London Dark&#8221; by Gy\u00f6rgy Endre Sz\u00f6nyi (Szeged); p.6 University of Aarhus website; p.20 cover image by permission of Random House Publishers; p. 33 &#8220;Helsinki Cathedral at Night&#8221; by Jari K\u00e4\u00e4ri\u00e4inen (Helsinki); p. 48 &#8220;Domenico Pezzini&#8221; by Roberta Facchinetti (Verona); p. 66 &#8220;Ice Queen&#8221; supplied by Heidi Hansson.<br \/>\n<big><\/big><\/p>\n<hr \/>\n<p><strong>ESSE MATTERS<\/strong><\/p>\n<div>The ESSE President\u2019s Column, p. 2<\/div>\n<div>Editorial Notes, Password, Appeal, p. 5<\/div>\n<div>ESSE Bursary Winners 2008, p. 5<\/div>\n<div>ESSE-9 2008 Conference, \u00c5rhus, 22-26 August 2008, p. 6<\/div>\n<p>The European Journal of English Studies (EJES), p. 13<\/p>\n<p><a href=\"https:\/\/essenglish.org\/messenger\/wp-content\/uploads\/sites\/2\/2016\/01\/171-1-15.pdf\" target=\"_blank\">Download pp. 1-15<\/a><\/p>\n<hr \/>\n<p><strong>WRITING, WRITERS<\/strong><\/p>\n<div>Hedwig Schwall, <em>Muscular Metaphors in Anne Enright<\/em>: An Interview, p. 16<\/div>\n<div>John Eppel, Zimbabwe, p. 23<\/div>\n<div>Massimiliano Morini, An Interview with Les Murray, p. 26<\/div>\n<div>Les Murray, <em>Southern Hemisphere Garden<\/em>, p. 30<\/div>\n<div>Geoffrey Moorhouse, <em>Encountering Helsinki<\/em>, p. 31<\/div>\n<div>Stan Smith, <em>Journeys to War<\/em>, p. 36<\/div>\n<p>Roberta Facchinetti,<em> The Pleasures of Translating: An Interview with Domenico Pezzini<\/em>, p. 46.<\/p>\n<p><a href=\"https:\/\/essenglish.org\/messenger\/wp-content\/uploads\/sites\/2\/2016\/01\/171-16-49.pdf\" target=\"_blank\">Download pp. 16-49<\/a><\/p>\n<hr \/>\n<p><strong>ARTICLES\u00a0\u00a0<\/strong><\/p>\n<div>Jina Politi, Who Was the Man in the Macintosh? or The Union of Scholar-Gipsies with Moses, p. 50<\/div>\n<p>Heidi Hansson, King Frost and the Ice Queen: Gendered Personifications of the North, p. 59<\/p>\n<p><a href=\"https:\/\/essenglish.org\/messenger\/wp-content\/uploads\/sites\/2\/2016\/01\/171-50-69.pdf\" target=\"_blank\">Download pp. 50-69<\/a><\/p>\n<hr \/>\n<p>BOOK REVIEWS<\/p>\n<p>Jopi Nyman, Anne Holden R\u00f8nning, Dieter Fuchs, Rob Spence, Eric A. Anchimbe, Larisa Koci\u0107-Z\u00e1mb\u00f3, Peter Lawson, Erik Kooper, Marco de Waard, Patricia Novillo-Corval\u00e1n, Nata\u0161a Baki\u0107-Miri\u0107, p. 70<\/p>\n<p><a href=\"https:\/\/essenglish.org\/messenger\/wp-content\/uploads\/sites\/2\/2016\/01\/171-70-88.pdf\" target=\"_blank\">Download pp. 70-88<\/a><\/p>\n<hr \/>\n<p><strong>CONFERENCE REPORTS<\/strong><\/p>\n<div>Pia Brinzeu, Shakespeare in Romania, p. 89<\/div>\n<div>J. Rub\u00e9n Vald\u00e9s Miyares, &#8220;The Plots of History&#8221;, p. 90<\/div>\n<p>Biljana \u010cubrovi\u0107, 1st Belgrade International Meeting of English Phoneticians, p. 92<\/p>\n<p><a href=\"https:\/\/essenglish.org\/messenger\/wp-content\/uploads\/sites\/2\/2016\/01\/171-89-93.pdf\" target=\"_blank\">Download pp. 89-93<\/a><\/p>\n<hr \/>\n<p><strong>CALLS FOR PAPERS &amp; ARTICLES<\/strong> , p. 94<\/p>\n<p><strong>ESSE BOARD MEMBERS: NATIONAL REPRESENTATIVES<\/strong>, p. 96<\/p>\n","protected":false},"excerpt":{"rendered":"<p>Cover design, and image manipulation: Kristian Stotesbury, M\u00e4nts\u00e4l\u00e4, Finland. Images: Front Cover &#8220;London Dark&#8221; by Gy\u00f6rgy Endre Sz\u00f6nyi (Szeged); p.6 University of Aarhus website; p.20 cover image by permission of Random House Publishers; p. 33 &#8220;Helsinki Cathedral at Night&#8221; by Jari K\u00e4\u00e4ri\u00e4inen (Helsinki); p. 48 &#8220;Domenico Pezzini&#8221; by Roberta Facchinetti (Verona); p. 66 &#8220;Ice Queen&#8221; [&hellip;]<\/p>\n","protected":false},"author":2,"featured_media":0,"parent":33,"menu_order":0,"comment_status":"closed","ping_status":"closed","template":"","meta":{"_crdt_document":"","ngg_post_thumbnail":0,"jetpack_post_was_ever_published":false,"footnotes":""},"categories":[],"tags":[],"class_list":["post-664","page","type-page","status-publish","hentry"],"jetpack_sharing_enabled":true,"_links":{"self":[{"href":"https:\/\/essenglish.org\/messenger\/wp-json\/wp\/v2\/pages\/664","targetHints":{"allow":["GET"]}}],"collection":[{"href":"https:\/\/essenglish.org\/messenger\/wp-json\/wp\/v2\/pages"}],"about":[{"href":"https:\/\/essenglish.org\/messenger\/wp-json\/wp\/v2\/types\/page"}],"author":[{"embeddable":true,"href":"https:\/\/essenglish.org\/messenger\/wp-json\/wp\/v2\/users\/2"}],"replies":[{"embeddable":true,"href":"https:\/\/essenglish.org\/messenger\/wp-json\/wp\/v2\/comments?post=664"}],"version-history":[{"count":3,"href":"https:\/\/essenglish.org\/messenger\/wp-json\/wp\/v2\/pages\/664\/revisions"}],"predecessor-version":[{"id":674,"href":"https:\/\/essenglish.org\/messenger\/wp-json\/wp\/v2\/pages\/664\/revisions\/674"}],"up":[{"embeddable":true,"href":"https:\/\/essenglish.org\/messenger\/wp-json\/wp\/v2\/pages\/33"}],"wp:attachment":[{"href":"https:\/\/essenglish.org\/messenger\/wp-json\/wp\/v2\/media?parent=664"}],"wp:term":[{"taxonomy":"category","embeddable":true,"href":"https:\/\/essenglish.org\/messenger\/wp-json\/wp\/v2\/categories?post=664"},{"taxonomy":"post_tag","embeddable":true,"href":"https:\/\/essenglish.org\/messenger\/wp-json\/wp\/v2\/tags?post=664"}],"curies":[{"name":"wp","href":"https:\/\/api.w.org\/{rel}","templated":true}]}}