{"id":653,"date":"2016-01-08T16:23:58","date_gmt":"2016-01-08T15:23:58","guid":{"rendered":"https:\/\/essenglish.org\/messenger\/?page_id=653"},"modified":"2016-01-08T16:24:56","modified_gmt":"2016-01-08T15:24:56","slug":"issue-xvii2-autumn-2008","status":"publish","type":"page","link":"https:\/\/essenglish.org\/messenger\/back\/issue-xvii2-autumn-2008\/","title":{"rendered":"Issue XVII\/2 &#8211; Autumn 2008"},"content":{"rendered":"<p><a href=\"https:\/\/i0.wp.com\/essenglish.org\/messenger\/wp-content\/uploads\/sites\/2\/2016\/01\/mes172.jpg?ssl=1\" rel=\"attachment wp-att-654\"><img data-recalc-dims=\"1\" loading=\"lazy\" decoding=\"async\" class=\"aligncenter size-medium wp-image-654\" src=\"https:\/\/i0.wp.com\/essenglish.org\/messenger\/wp-content\/uploads\/sites\/2\/2016\/01\/mes172.jpg?resize=212%2C300&#038;ssl=1\" alt=\"mes172\" width=\"212\" height=\"300\" \/><\/a><br \/>\n<strong>Cover design, and image manipulation<\/strong>: Kristian Stotesbury, Valkeakoski, Finland.<br \/>\n<strong>Images<\/strong>: Front Cover and Inside Front Cover &#8220;Getting a Head I &amp; II&#8221; by John A Stotesbury; p. 3O &#8220;The ManU Stadium at Old Trafford&#8221; and p. 33 &#8220;Rajeshwar at the Roaches Lock Inn, Mossley, Lancashire&#8221; by Rajeshwar Mittapalli.<\/p>\n<hr \/>\n<p><strong>ESSE MATTERS<\/strong><\/p>\n<div>Fernando Galv\u00e1n, The ESSE President\u2019s Column, p. 3<\/div>\n<div>Editorial Note, Password, p. 6<\/div>\n<div>ESSE Positions, p. 6<\/div>\n<div>ESSE Bursaries for 2009, p. 7<\/div>\n<div>ESSE Book Awards 2008, p. 8<\/div>\n<div>ESSE 10 Conference, Torino, p. 9<\/div>\n<div><em>European Journal of English Studies<\/em>, p. 12<\/div>\n<div><em>European English Studies<\/em> vol. II, p. 15<\/div>\n<p>Clare Brant, Dark Matter, Big Books and ESSE Prizes, p. 16<\/p>\n<p><a href=\"https:\/\/essenglish.org\/messenger\/wp-content\/uploads\/sites\/2\/2016\/01\/172-3-19.pdf\" target=\"_blank\">Download pp. 3-19<\/a><\/p>\n<hr \/>\n<p><strong>TRAVELLERS WRITING<\/strong><\/p>\n<div>Ram\u00f3n E. Romero,<em> Silencing the Center(s) in American Travel Writing: From Washington Irving to Globe Trekker<\/em>, p. 20<\/div>\n<p>Rajeshwar Mittapalli, English July: An Indian Scholar\u2019s Travelogue, p. 28<\/p>\n<p><a href=\"https:\/\/essenglish.org\/messenger\/wp-content\/uploads\/sites\/2\/2016\/01\/172-20-35.pdf\" target=\"_blank\">Download pp. 20-35 <\/a><\/p>\n<hr \/>\n<p><strong>POETRY<\/strong><\/p>\n<p>Antony Rowland,&#8221;Kwak&#8221;, p. 36<\/p>\n<p><a href=\"https:\/\/essenglish.org\/messenger\/wp-content\/uploads\/sites\/2\/2016\/01\/172-36-36.pdf\" target=\"_blank\">Download pp. 36<\/a><\/p>\n<hr \/>\n<p><strong>ARTICLES<\/strong><\/p>\n<div>Megan Buckley,<em>&#8220;Feeling that the Room Had No Walls&#8221;: Ecopoiesis and Moya Cannon&#8217;s Dwelling Spaces<\/em>, p. 37<\/div>\n<p>Fran\u00e7ois Poirier, <em>Comparing Cultures: Our Subtext<\/em>, p. 43<\/p>\n<p><a href=\"https:\/\/essenglish.org\/messenger\/wp-content\/uploads\/sites\/2\/2016\/01\/172-37-62.pdf\" target=\"_blank\">Download pp. 37-62 <\/a><\/p>\n<hr \/>\n<p>BOOK REVIEWS<\/p>\n<p>Christina Dokou, Claudia F. Br\u00fchwiler, Roumen Genov, Jos\u00e9 Carlos Redondo-Olmedilla, Cristina Ceron, Marco de Waard, Martina H\u00e4cker, Yves Laberge, Greg Matthews, Angeles Ruiz Moneva, p. 63<\/p>\n<p><a href=\"https:\/\/essenglish.org\/messenger\/wp-content\/uploads\/sites\/2\/2016\/01\/172-63-82.pdf\" target=\"_blank\">Download pp. 63-82<\/a><\/p>\n<hr \/>\n<p>RESPONSE, REPORTS<\/p>\n<p>R\u00fcdiger Zimmermann, Aoife Leahy, Mark Berninger, Isabel Soares Santos, Jeff Thoss, p.83<\/p>\n<p><a href=\"https:\/\/essenglish.org\/messenger\/wp-content\/uploads\/sites\/2\/2016\/01\/172-83-91.pdf\" target=\"_blank\">Download pp. 83-91<\/a><\/p>\n<hr \/>\n<p>CALLS FOR PAPERS &amp; ARTICLES, p. 92<\/p>\n<div>ESSE BOARD MEMBERS: NATIONAL REPRESENTATIVES, p. 96<\/div>\n","protected":false},"excerpt":{"rendered":"<p>Cover design, and image manipulation: Kristian Stotesbury, Valkeakoski, Finland. Images: Front Cover and Inside Front Cover &#8220;Getting a Head I &amp; II&#8221; by John A Stotesbury; p. 3O &#8220;The ManU Stadium at Old Trafford&#8221; and p. 33 &#8220;Rajeshwar at the Roaches Lock Inn, Mossley, Lancashire&#8221; by Rajeshwar Mittapalli. ESSE MATTERS Fernando Galv\u00e1n, The ESSE President\u2019s [&hellip;]<\/p>\n","protected":false},"author":2,"featured_media":0,"parent":33,"menu_order":0,"comment_status":"closed","ping_status":"closed","template":"","meta":{"_crdt_document":"","ngg_post_thumbnail":0,"jetpack_post_was_ever_published":false,"footnotes":""},"categories":[],"tags":[],"class_list":["post-653","page","type-page","status-publish","hentry"],"jetpack_sharing_enabled":true,"_links":{"self":[{"href":"https:\/\/essenglish.org\/messenger\/wp-json\/wp\/v2\/pages\/653","targetHints":{"allow":["GET"]}}],"collection":[{"href":"https:\/\/essenglish.org\/messenger\/wp-json\/wp\/v2\/pages"}],"about":[{"href":"https:\/\/essenglish.org\/messenger\/wp-json\/wp\/v2\/types\/page"}],"author":[{"embeddable":true,"href":"https:\/\/essenglish.org\/messenger\/wp-json\/wp\/v2\/users\/2"}],"replies":[{"embeddable":true,"href":"https:\/\/essenglish.org\/messenger\/wp-json\/wp\/v2\/comments?post=653"}],"version-history":[{"count":2,"href":"https:\/\/essenglish.org\/messenger\/wp-json\/wp\/v2\/pages\/653\/revisions"}],"predecessor-version":[{"id":662,"href":"https:\/\/essenglish.org\/messenger\/wp-json\/wp\/v2\/pages\/653\/revisions\/662"}],"up":[{"embeddable":true,"href":"https:\/\/essenglish.org\/messenger\/wp-json\/wp\/v2\/pages\/33"}],"wp:attachment":[{"href":"https:\/\/essenglish.org\/messenger\/wp-json\/wp\/v2\/media?parent=653"}],"wp:term":[{"taxonomy":"category","embeddable":true,"href":"https:\/\/essenglish.org\/messenger\/wp-json\/wp\/v2\/categories?post=653"},{"taxonomy":"post_tag","embeddable":true,"href":"https:\/\/essenglish.org\/messenger\/wp-json\/wp\/v2\/tags?post=653"}],"curies":[{"name":"wp","href":"https:\/\/api.w.org\/{rel}","templated":true}]}}