{"id":604,"date":"2016-01-08T12:23:35","date_gmt":"2016-01-08T11:23:35","guid":{"rendered":"https:\/\/essenglish.org\/messenger\/?page_id=604"},"modified":"2016-01-08T12:42:44","modified_gmt":"2016-01-08T11:42:44","slug":"issue-xix1-spring-2010","status":"publish","type":"page","link":"https:\/\/essenglish.org\/messenger\/back\/issue-xix1-spring-2010\/","title":{"rendered":"Issue XIX\/1 &#8211; Spring 2010"},"content":{"rendered":"<p><a href=\"https:\/\/i0.wp.com\/essenglish.org\/messenger\/wp-content\/uploads\/sites\/2\/2016\/01\/mes191.jpg?ssl=1\" rel=\"attachment wp-att-605\"><img data-recalc-dims=\"1\" loading=\"lazy\" decoding=\"async\" class=\"aligncenter size-medium wp-image-605\" src=\"https:\/\/i0.wp.com\/essenglish.org\/messenger\/wp-content\/uploads\/sites\/2\/2016\/01\/mes191.jpg?resize=219%2C300&#038;ssl=1\" alt=\"mes191\" width=\"219\" height=\"300\" \/><\/a><br \/>\n<strong>ESSE MATTERS<\/strong><\/p>\n<div>Fernando Galv\u00e1n, <em>The ESSE President&#8217;s Column<\/em>, p. 3<\/div>\n<div>Marina Dossena, <em>Editorial Notes and Password<\/em>, p. 5<\/div>\n<div>The New Editorial Team, p. 6<\/div>\n<div>Notes for Contributors and Stylesheet, p.9<\/div>\n<div>ESSE 2010 Conference, Turin, 24-28 August 2010, p.13<\/div>\n<div>EJES, Call for Topics, Call for Papers, p.27<\/div>\n<p>Obituary: Fran\u00e7ois Poirier, p.32<\/p>\n<div><\/div>\n<p><a href=\"https:\/\/essenglish.org\/messenger\/wp-content\/uploads\/sites\/2\/2016\/01\/191-3-33.pdf\">Donwload pp. 3-33<\/a><\/p>\n<hr \/>\n<p><strong>AUTHORS<\/strong><\/p>\n<div>Judy Kendall, p. 33<\/div>\n<p>Four poems by Geart fan der Mear in Frisian, Translated into English by Judy Kendall, p. 34<br \/>\nPoems by Judy Kendall, p. 38<\/p>\n<div><\/div>\n<p><a href=\"https:\/\/essenglish.org\/messenger\/wp-content\/uploads\/sites\/2\/2016\/01\/191-33-40.pdf\">Download pp. 33-40<\/a><\/p>\n<div>\n<hr \/>\n<p><strong>RESEARCH<\/strong><\/p>\n<\/div>\n<div><\/div>\n<div>Richard Dury, The New Robert Louis Stevenson Website, p. 41<\/div>\n<div>Lidia Vianu, Eliot&#8217;s Hidden Agenda: Joyce?, p. 43<\/div>\n<p>J. Derrick McClure, The Dido Episode in Gavin Douglas&#8217;s Translation of the Aeneid, p.47<\/p>\n<div><\/div>\n<p><a href=\"https:\/\/essenglish.org\/messenger\/wp-content\/uploads\/sites\/2\/2016\/01\/191-41-56.pdf\">Download pp. 41-56<\/a><\/p>\n<hr \/>\n<p><strong>REPORTS AND REVIEWS<\/strong><\/p>\n<p>Erik Martiny, Kristine Steenbergh, Erik Kooper, Erik Martiny, Onno Kosters, Iain Halliday, Till Kinzel, Alessandra Petrina, Nata\u0161a Baki\u0107-Miri\u0107, Stavros Stavrou Karayanni, Maria Schoina, Faye Tudor, Kate Watson, p.57<\/p>\n<div><\/div>\n<p><a href=\"https:\/\/essenglish.org\/messenger\/wp-content\/uploads\/sites\/2\/2016\/01\/191-57-90.pdf\">Download pp. 57-90<\/a><\/p>\n<hr \/>\n<p><strong>CALLS FOR PAPERS: NOVELTIES AND REMINDERS<\/strong><\/p>\n<p><strong>ESSE BOARD MEMBERS: NATIONAL REPRESENTATIVES<\/strong>, p. 96<\/p>\n","protected":false},"excerpt":{"rendered":"<p>ESSE MATTERS Fernando Galv\u00e1n, The ESSE President&#8217;s Column, p. 3 Marina Dossena, Editorial Notes and Password, p. 5 The New Editorial Team, p. 6 Notes for Contributors and Stylesheet, p.9 ESSE 2010 Conference, Turin, 24-28 August 2010, p.13 EJES, Call for Topics, Call for Papers, p.27 Obituary: Fran\u00e7ois Poirier, p.32 Donwload pp. 3-33 AUTHORS Judy [&hellip;]<\/p>\n","protected":false},"author":2,"featured_media":0,"parent":33,"menu_order":0,"comment_status":"closed","ping_status":"closed","template":"","meta":{"_crdt_document":"","ngg_post_thumbnail":0,"jetpack_post_was_ever_published":false,"footnotes":""},"categories":[],"tags":[],"class_list":["post-604","page","type-page","status-publish","hentry"],"jetpack_sharing_enabled":true,"_links":{"self":[{"href":"https:\/\/essenglish.org\/messenger\/wp-json\/wp\/v2\/pages\/604","targetHints":{"allow":["GET"]}}],"collection":[{"href":"https:\/\/essenglish.org\/messenger\/wp-json\/wp\/v2\/pages"}],"about":[{"href":"https:\/\/essenglish.org\/messenger\/wp-json\/wp\/v2\/types\/page"}],"author":[{"embeddable":true,"href":"https:\/\/essenglish.org\/messenger\/wp-json\/wp\/v2\/users\/2"}],"replies":[{"embeddable":true,"href":"https:\/\/essenglish.org\/messenger\/wp-json\/wp\/v2\/comments?post=604"}],"version-history":[{"count":9,"href":"https:\/\/essenglish.org\/messenger\/wp-json\/wp\/v2\/pages\/604\/revisions"}],"predecessor-version":[{"id":618,"href":"https:\/\/essenglish.org\/messenger\/wp-json\/wp\/v2\/pages\/604\/revisions\/618"}],"up":[{"embeddable":true,"href":"https:\/\/essenglish.org\/messenger\/wp-json\/wp\/v2\/pages\/33"}],"wp:attachment":[{"href":"https:\/\/essenglish.org\/messenger\/wp-json\/wp\/v2\/media?parent=604"}],"wp:term":[{"taxonomy":"category","embeddable":true,"href":"https:\/\/essenglish.org\/messenger\/wp-json\/wp\/v2\/categories?post=604"},{"taxonomy":"post_tag","embeddable":true,"href":"https:\/\/essenglish.org\/messenger\/wp-json\/wp\/v2\/tags?post=604"}],"curies":[{"name":"wp","href":"https:\/\/api.w.org\/{rel}","templated":true}]}}