{"id":538,"date":"2016-01-07T20:41:36","date_gmt":"2016-01-07T19:41:36","guid":{"rendered":"https:\/\/essenglish.org\/messenger\/?page_id=538"},"modified":"2016-01-07T21:01:31","modified_gmt":"2016-01-07T20:01:31","slug":"issue-xx2-autumn-2011","status":"publish","type":"page","link":"https:\/\/essenglish.org\/messenger\/back\/issue-xx2-autumn-2011\/","title":{"rendered":"Issue XX\/2 &#8211; Autumn 2011"},"content":{"rendered":"<p><a href=\"https:\/\/i0.wp.com\/essenglish.org\/messenger\/wp-content\/uploads\/sites\/2\/2016\/01\/mes202.jpg?ssl=1\" rel=\"attachment wp-att-540\"><img data-recalc-dims=\"1\" loading=\"lazy\" decoding=\"async\" class=\"aligncenter size-medium wp-image-540\" src=\"https:\/\/i0.wp.com\/essenglish.org\/messenger\/wp-content\/uploads\/sites\/2\/2016\/01\/mes202.jpg?resize=217%2C300&#038;ssl=1\" alt=\"mes202\" width=\"217\" height=\"300\" \/><\/a><br \/>\n<strong>ESSE MATTERS<\/strong><\/p>\n<div>Fernando Galv\u00e1n, <em>The ESSE President\u2019s Column,<\/em> p. 3<\/div>\n<div>Marina Dossena, <em>Editorial Notes and Password<\/em>, p. 5<\/div>\n<div>Jacques Ramel, <em>News from the Webmaster<\/em>, p. 6<\/div>\n<div>Tim Caudery, <em>ESSE Treasurer\u2019s Report<\/em>, p. 7<\/div>\n<div>ESSE Positions: Call for applications and nominations<\/div>\n<div>\u00a0\u00a0\u00a0\u00a0 PRESIDENT OF ESSE, p. 10<\/div>\n<div>\u00a0\u00a0\u00a0\u00a0 EDITOR OF THE EUROPEAN ENGLISH MESSENGER, p. 11<\/div>\n<div>ESSE Bursaries for 2012, p. 11<\/div>\n<div>2012 ESSE Book Awards, p. 12<\/div>\n<div>11th ESSE Conference, p. 14<\/div>\n<p><em>European Journal of English Studies<\/em>, p. 45<\/p>\n<p><a href=\"https:\/\/essenglish.org\/messenger\/wp-content\/uploads\/sites\/2\/2016\/01\/202-3-46.pdf\" target=\"_blank\">Download pp. 3-46<\/a><\/p>\n<hr \/>\n<p><strong>RESEARCH<\/strong><\/p>\n<div>Anna Budziak,<em>Of Mirrors and Multiversity, Doppelg\u00e4ngers and Doppelg\u00e4ngerins<\/em>, p. 47<\/div>\n<div>John Corbett,Introducing the Corpus of Modern Scottish Writing (1700-1945), p. 54<\/div>\n<div>Angela Locatelli, <em>An Interview with Jean-Jacques Lecercle<\/em>, p. 59<\/div>\n<p>Sara Laviosa, <em>Translating Culture: An Interview with Isabella Vaj,<\/em> p. 67<\/p>\n<p><a href=\"https:\/\/essenglish.org\/messenger\/wp-content\/uploads\/sites\/2\/2016\/01\/202-47-70.pdf\" target=\"_blank\">Download pp. 47-70<\/a><\/p>\n<hr \/>\n<p><strong>REPORTS AND REVIEWS<\/strong><\/p>\n<p>Betsab\u00e9 Navarro Romero, Carla Sassi, Lidia Vianu, Francesca Saggini, Daniele Franceschi, Bel\u00e9n M\u00e9ndez Naya, Minna Palander-Collin, Iain Halliday, David Malcolm, Nic Panagopoulos, Polina Shvanyukova, p.71<\/p>\n<div><\/div>\n<div><a href=\"https:\/\/essenglish.org\/messenger\/wp-content\/uploads\/sites\/2\/2016\/01\/202-71-94.pdf\" target=\"_blank\">Download pp. 71-94<\/a><\/div>\n<p>&nbsp;<\/p>\n","protected":false},"excerpt":{"rendered":"<p>ESSE MATTERS Fernando Galv\u00e1n, The ESSE President\u2019s Column, p. 3 Marina Dossena, Editorial Notes and Password, p. 5 Jacques Ramel, News from the Webmaster, p. 6 Tim Caudery, ESSE Treasurer\u2019s Report, p. 7 ESSE Positions: Call for applications and nominations \u00a0\u00a0\u00a0\u00a0 PRESIDENT OF ESSE, p. 10 \u00a0\u00a0\u00a0\u00a0 EDITOR OF THE EUROPEAN ENGLISH MESSENGER, p. 11 [&hellip;]<\/p>\n","protected":false},"author":2,"featured_media":0,"parent":33,"menu_order":0,"comment_status":"closed","ping_status":"closed","template":"","meta":{"_crdt_document":"","ngg_post_thumbnail":0,"jetpack_post_was_ever_published":false,"footnotes":""},"categories":[],"tags":[],"class_list":["post-538","page","type-page","status-publish","hentry"],"jetpack_sharing_enabled":true,"_links":{"self":[{"href":"https:\/\/essenglish.org\/messenger\/wp-json\/wp\/v2\/pages\/538","targetHints":{"allow":["GET"]}}],"collection":[{"href":"https:\/\/essenglish.org\/messenger\/wp-json\/wp\/v2\/pages"}],"about":[{"href":"https:\/\/essenglish.org\/messenger\/wp-json\/wp\/v2\/types\/page"}],"author":[{"embeddable":true,"href":"https:\/\/essenglish.org\/messenger\/wp-json\/wp\/v2\/users\/2"}],"replies":[{"embeddable":true,"href":"https:\/\/essenglish.org\/messenger\/wp-json\/wp\/v2\/comments?post=538"}],"version-history":[{"count":11,"href":"https:\/\/essenglish.org\/messenger\/wp-json\/wp\/v2\/pages\/538\/revisions"}],"predecessor-version":[{"id":555,"href":"https:\/\/essenglish.org\/messenger\/wp-json\/wp\/v2\/pages\/538\/revisions\/555"}],"up":[{"embeddable":true,"href":"https:\/\/essenglish.org\/messenger\/wp-json\/wp\/v2\/pages\/33"}],"wp:attachment":[{"href":"https:\/\/essenglish.org\/messenger\/wp-json\/wp\/v2\/media?parent=538"}],"wp:term":[{"taxonomy":"category","embeddable":true,"href":"https:\/\/essenglish.org\/messenger\/wp-json\/wp\/v2\/categories?post=538"},{"taxonomy":"post_tag","embeddable":true,"href":"https:\/\/essenglish.org\/messenger\/wp-json\/wp\/v2\/tags?post=538"}],"curies":[{"name":"wp","href":"https:\/\/api.w.org\/{rel}","templated":true}]}}