{"id":3805,"date":"2023-04-01T18:11:14","date_gmt":"2023-04-01T15:11:14","guid":{"rendered":"https:\/\/essenglish.org\/messenger\/?page_id=3805"},"modified":"2025-08-26T10:17:46","modified_gmt":"2025-08-26T07:17:46","slug":"volume-31-1-summer-2022","status":"publish","type":"page","link":"https:\/\/essenglish.org\/messenger\/volume-31-1-summer-2022\/","title":{"rendered":"Volume 31-1 Summer 2022"},"content":{"rendered":"\n<p class=\"has-text-align-center wp-block-paragraph\"><a href=\"https:\/\/essenglish.org\/messenger\/\"><strong>Home<\/strong><\/a> | <strong><a href=\"https:\/\/essenglish.org\/messenger\/issues\/\">Back to Issues<\/a><\/strong><\/p>\n\n\n\n<div class=\"wp-block-media-text alignwide is-stacked-on-mobile has-white-background-color has-background\" style=\"grid-template-columns:30% auto\"><figure class=\"wp-block-media-text__media\"><img data-recalc-dims=\"1\" loading=\"lazy\" decoding=\"async\" width=\"640\" height=\"909\" src=\"https:\/\/i0.wp.com\/essenglish.org\/messenger\/wp-content\/uploads\/sites\/2\/2023\/04\/cover-31-1-S2022.png?resize=640%2C909&#038;ssl=1\" alt=\"\" class=\"wp-image-3807 size-full\" srcset=\"https:\/\/i0.wp.com\/essenglish.org\/messenger\/wp-content\/uploads\/sites\/2\/2023\/04\/cover-31-1-S2022.png?resize=721%2C1024&amp;ssl=1 721w, https:\/\/i0.wp.com\/essenglish.org\/messenger\/wp-content\/uploads\/sites\/2\/2023\/04\/cover-31-1-S2022.png?resize=211%2C300&amp;ssl=1 211w, https:\/\/i0.wp.com\/essenglish.org\/messenger\/wp-content\/uploads\/sites\/2\/2023\/04\/cover-31-1-S2022.png?resize=768%2C1091&amp;ssl=1 768w, https:\/\/i0.wp.com\/essenglish.org\/messenger\/wp-content\/uploads\/sites\/2\/2023\/04\/cover-31-1-S2022.png?w=1039&amp;ssl=1 1039w\" sizes=\"auto, (max-width: 640px) 100vw, 640px\" \/><\/figure><div class=\"wp-block-media-text__content\">\n<h2 class=\"wp-block-heading\">English Studies during Pandemic Times<\/h2>\n\n\n\n<p class=\"wp-block-paragraph\">The COVID-19 pandemic, as an unprecedented global phenomenon, has deeply affected higher education and academia. It has also forced us to reconsider the place of the Humanities during periods of severe economic and social crisis. This special issue gathers papers on the impact of the current pandemic on topics within the field of English Studies.<\/p>\n\n\n\n<div class=\"wp-block-buttons is-layout-flex wp-block-buttons-is-layout-flex\">\n<div class=\"wp-block-button\"><a class=\"wp-block-button__link has-white-color has-luminous-vivid-orange-background-color has-text-color has-background has-link-color has-small-font-size has-custom-font-size wp-element-button\" href=\"https:\/\/essenglish.org\/messenger\/wp-content\/uploads\/sites\/2\/2023\/04\/31-1-S2022.pdf\">Download PDF<\/a><\/div>\n<\/div>\n<\/div><\/div>\n\n\n\n<div style=\"height:30px\" aria-hidden=\"true\" class=\"wp-block-spacer\"><\/div>\n\n\n\n<h3 class=\"wp-block-heading\">Sabrina Fusari, Culturemes in an Italian-English Bilingual Food Blog during COVID-19<\/h3>\n\n\n\n<p class=\"wp-block-paragraph\">This paper presents a parallel corpus study of culturemes in the Italian and English versions of the food blo<em>g Juls\u2019 Kitchen \u2013 Stories and Recipes from Tuscany<\/em> during COVID-19 total lockdown in Italy (9 March-18 May 2020) to ascertain how some culturemes may have shifted due to lifestyle changes originating from COVID-19 measures. Three categories of culturemes are analyzed: time-related, food-related and lockdown-related. The results show that lifestyle changes have affected not only the practice and narration of cooking but also such fundamental tenets of culture as time, in different ways in the Italian and English version of the blog.<\/p>\n\n\n\n<div class=\"wp-block-buttons is-layout-flex wp-block-buttons-is-layout-flex\">\n<div class=\"wp-block-button\"><a class=\"wp-block-button__link has-white-color has-luminous-vivid-orange-background-color has-text-color has-background has-link-color has-small-font-size has-custom-font-size wp-element-button\" href=\"https:\/\/essenglish.org\/messenger\/wp-content\/uploads\/sites\/2\/2023\/04\/31-1-fusari.pdf\">Download PDF<\/a><\/div>\n<\/div>\n\n\n\n<div style=\"height:30px\" aria-hidden=\"true\" class=\"wp-block-spacer\"><\/div>\n\n\n\n<h3 class=\"wp-block-heading\">Michelle Gadpaille, Pandemic and Politics in Mary Shelley\u2019s <em>The Last Man<\/em><\/h3>\n\n\n\n<p class=\"wp-block-paragraph\">As we emerge from the COVID-19 pandemic, readers and scholars turn to previous pandemic writing. Among the accounts of past pandemics, Mary Shelley\u2019s <em>The Last Man<\/em> (1826) might not be the most familiar, although it stands out, not merely because of its female author and futuristic, dystopian mode. Its real distinction is that it predicts the social and political fallout of a pandemic in ways that echo the global experience of coronavirus reaction over the last few years, specifically, the ideological polarization created by anti-pandemic measures.<\/p>\n\n\n\n<div class=\"wp-block-buttons is-layout-flex wp-block-buttons-is-layout-flex\">\n<div class=\"wp-block-button\"><a class=\"wp-block-button__link has-white-color has-luminous-vivid-orange-background-color has-text-color has-background has-link-color has-small-font-size has-custom-font-size wp-element-button\" href=\"https:\/\/essenglish.org\/messenger\/wp-content\/uploads\/sites\/2\/2023\/04\/31-1-gadpaille.pdf\">Download PDF<\/a><\/div>\n<\/div>\n\n\n\n<div style=\"height:30px\" aria-hidden=\"true\" class=\"wp-block-spacer\"><\/div>\n\n\n\n<h2 class=\"wp-block-heading\">Reviews<\/h2>\n\n\n\n<p class=\"wp-block-paragraph\">Tomovi\u0107, Nenad. <em>Applied Linguistics and English Language Teaching<\/em>. Belgrade: FOCUS \u2013 Forum za interkulturnu komunikaciju [Forum for Intercultural Communication], 2019. <br>by Milo\u0161 D. \u0110uri\u0107<\/p>\n\n\n\n<p class=\"wp-block-paragraph\">Horv\u00e1th, Korn\u00e9lia, Judit Mudriczki and Sarolta Osztroluczky, eds. <em>Diversity in Narration and Writing: The Novel<\/em>. Newcastle upon Tyne: Cambridge Scholars Publishing, 2022. <br>by Anett Sch\u00e4ffer<\/p>\n\n\n\n<div class=\"wp-block-buttons is-layout-flex wp-block-buttons-is-layout-flex\">\n<div class=\"wp-block-button\"><a class=\"wp-block-button__link has-white-color has-luminous-vivid-orange-background-color has-text-color has-background has-link-color has-small-font-size has-custom-font-size wp-element-button\" href=\"https:\/\/essenglish.org\/messenger\/wp-content\/uploads\/sites\/2\/2023\/04\/31-1-reviews.pdf\">Download PDF<\/a><\/div>\n<\/div>\n\n\n\n<p class=\"wp-block-paragraph\"><\/p>\n","protected":false},"excerpt":{"rendered":"<p>Home | Back to Issues Sabrina Fusari, Culturemes in an Italian-English Bilingual Food Blog during COVID-19 This paper presents a parallel corpus study of culturemes in the Italian and English versions of the food blog Juls\u2019 Kitchen \u2013 Stories and Recipes from Tuscany during COVID-19 total lockdown in Italy (9 March-18 May 2020) to ascertain [&hellip;]<\/p>\n","protected":false},"author":1,"featured_media":0,"parent":0,"menu_order":0,"comment_status":"closed","ping_status":"closed","template":"","meta":{"_crdt_document":"","ngg_post_thumbnail":0,"jetpack_post_was_ever_published":false,"footnotes":""},"categories":[],"tags":[],"class_list":["post-3805","page","type-page","status-publish","hentry"],"jetpack_sharing_enabled":true,"_links":{"self":[{"href":"https:\/\/essenglish.org\/messenger\/wp-json\/wp\/v2\/pages\/3805","targetHints":{"allow":["GET"]}}],"collection":[{"href":"https:\/\/essenglish.org\/messenger\/wp-json\/wp\/v2\/pages"}],"about":[{"href":"https:\/\/essenglish.org\/messenger\/wp-json\/wp\/v2\/types\/page"}],"author":[{"embeddable":true,"href":"https:\/\/essenglish.org\/messenger\/wp-json\/wp\/v2\/users\/1"}],"replies":[{"embeddable":true,"href":"https:\/\/essenglish.org\/messenger\/wp-json\/wp\/v2\/comments?post=3805"}],"version-history":[{"count":34,"href":"https:\/\/essenglish.org\/messenger\/wp-json\/wp\/v2\/pages\/3805\/revisions"}],"predecessor-version":[{"id":4509,"href":"https:\/\/essenglish.org\/messenger\/wp-json\/wp\/v2\/pages\/3805\/revisions\/4509"}],"wp:attachment":[{"href":"https:\/\/essenglish.org\/messenger\/wp-json\/wp\/v2\/media?parent=3805"}],"wp:term":[{"taxonomy":"category","embeddable":true,"href":"https:\/\/essenglish.org\/messenger\/wp-json\/wp\/v2\/categories?post=3805"},{"taxonomy":"post_tag","embeddable":true,"href":"https:\/\/essenglish.org\/messenger\/wp-json\/wp\/v2\/tags?post=3805"}],"curies":[{"name":"wp","href":"https:\/\/api.w.org\/{rel}","templated":true}]}}