{"id":3316,"date":"2021-11-27T07:20:03","date_gmt":"2021-11-27T06:20:03","guid":{"rendered":"https:\/\/essenglish.org\/messenger\/?page_id=3316"},"modified":"2021-11-28T11:58:04","modified_gmt":"2021-11-28T10:58:04","slug":"vol-30-1-summer-2021-contributors","status":"publish","type":"page","link":"https:\/\/essenglish.org\/messenger\/vol-30-1-summer-2021-contributors\/","title":{"rendered":"Vol. 30-1 Summer 2021 | Contributors"},"content":{"rendered":"<p><strong><a id=\"bastos\"><\/a>Jorge Bastos da Silva<\/strong> teaches in the Department of Anglo-American Studies, the Faculty of Arts and Humanities, University of Porto. His main fields of research are English Literature and Culture, Intellectual History, Utopian Studies, and Translation and Reception Studies. He has been a member of the Committee of the Utopian Studies Society \/ Europe since 2004, and a contributor to research projects at the universities of Porto, Lisbon, Gdansk and the Open University, UK. He has been a member of the teaching staff of two Erasmus Mundus PhD programmes: TEEME \u2013Text and Event in Early Modern Europe and MOVES \u2013 Migration and Modernity: Historical and Cultural Challenges. He is a researcher of CETAPS as well as ULICES, and the editor of <em>Op. Cit.: A Journal of Anglo-American Studies<\/em>. His publications include contributions to peer-reviewed journals like <em>Studies in the Literary Imagination<\/em> (USA), <em>Angelaki: Journal of the Theoretical Humanities<\/em> (UK), <em>Milton Studies<\/em> (USA), <em>Moreana<\/em> (France), <em>Utopian Studies<\/em> (USA), <em>Swift Studies<\/em> (Germany), etc. He is the author and editor of a number of books, including <em>Anglolusofilias. Alguns Tr\u00e2nsitos Liter\u00e1rios<\/em> (2018), <em>English Literature and the Disciplines of Knowledge, Early Modern to Eighteenth Century: A Trade for Light<\/em> (2017), <em>Tradu\u00e7\u00e3o e Cultura Liter\u00e1ria. <\/em><em>Ensaios sobre a Presen\u00e7a de Autores Estrangeiros em Portugal<\/em> (2014), and <em>A Institui\u00e7\u00e3o da Literatura. Horizonte Te\u00f3rico e Filos\u00f3fico da Cultura Liter\u00e1ria no Limiar da Modernidade<\/em> (2010). He is the current President of the Portuguese Association for Anglo-American Studies (APEAA).<\/p>\n<hr \/>\n<p><strong><a id=\"caballero\"><\/a>Rosario Caballero<\/strong> has a degree in History and a Ph.D. in English Linguistics and is currently Professor in the University of Castilla-La Mancha (Spain). Her research interests include professional genres, the role of metaphor in genre and sensory language. She is the author of <em>Re-Viewing Space. Figurative Language in Architects\u2019 Assessment of Built Space<\/em> (2006, Mouton), and <em>Representing Wine \u2013 Sensory Perceptions, Communication and Cultures <\/em>(2019, John Benjamins), the co-editor of <em>Sensuous Cognition. Explorations into Human Sentience<\/em> (2013, Mouton), and journal papers on metaphor in architectural and wine discourse.<\/p>\n<hr \/>\n<p><strong><a id=\"diaz\"><\/a>Javier E. D\u00edaz-Vera<\/strong> is a Professor in English Historical Linguistics and Sociolinguistics at the Department of Modern Languages, University of Castilla-La Mancha (Spain). His research focuses on the study of conceptual metaphor and metonymy from a variationist perspective, including historical, sociolinguistic and dialectal approaches. He has published a wide variety of papers and book chapters on the multimodal expression of emotions, cognition and sensorial perception in historical and Present-Day varieties of English, with special attention to Old English. Editor of <em>Metaphor and Metonymy across Time and Cultures: Perspectives on the Sociohistorical Linguistics of Figurative Language<\/em> (2014, Mouton) and co-editor of <em>Sensuous Cognition. Explorations into Human Sentience<\/em> (2013, Mouton).<br \/>\n<strong>Address for correspondence<\/strong>: Departamento de Filolog\u00eda Moderna, Facultad de Letras, Universidad de Castilla-La Mancha, Avda. Camilo Jos\u00e9 Cela, s\/n, 13071, Ciudad Real, Spain.<\/p>\n<hr \/>\n<p><strong><a id=\"hamade\"><\/a>Nadia Hamade Almeida<\/strong> has a Ph.D. in English Linguistics from the Complutense University of Madrid (Spain). Her research focuses on English historical linguistics, dialect variation and the linguistic study of northern dialects, in particular the Lancashire dialect. Her investigation into this vernacular variety tackles dialect representation in literature and the study of non-standard spellings represented in literary dialect texts. She is currently working as an Assistant Lecturer at the University Camilo Jos\u00e9 Cela, where she teaches several courses in the degrees in Teacher Training for Preschool Education and in Teacher Training for Elementary School.<br \/>\n<strong>Address for correspondence<\/strong>: Universidad Camilo Jos\u00e9 Cela, C\/ Castillo de Alarc\u00f3n, 49, 28692, Villafranca del Castillo, Madrid, Spain.<\/p>\n<hr \/>\n<p><strong><a id=\"sajtos\"><\/a>Erika Sajt\u00f3s<\/strong> has BA degree in English and American Studies from P\u00e1zm\u00e1ny P\u00e9ter Catholic University. Her field of research is the phonology and phonetics of New Zealand English with special emphasis on the pronunciation of vowel sounds. She is currently working on a project which also looks into New Zealand English, focusing on the KIT vowel from a sociolinguistic point of view.<br \/>\n<strong>Address for correspondence<\/strong>: Institute of English and American Studies, P\u00e1zm\u00e1ny P\u00e9ter Catholic University, Miksz\u00e1th K\u00e1lm\u00e1n t\u00e9r 1., 1088, Budapest, Hungary.<\/p>\n<hr \/>\n<p><strong><a id=\"soriano\"><\/a>Carlos Soriano-Jim\u00e9nez<\/strong> is a Research Assistant at the Department of English, French and German Philology of the University of M\u00e1laga (Spain). He received a collaboration research grant funded by the <em>Ministerio de Educaci\u00f3n y Formaci\u00f3n Profesional<\/em> in 2020. Once he graduated in English Studies (2020), he completed a Master\u2019s degree in Teaching English as a Foreign Language (2021). He is currently studying a Master\u2019s degree in English Studies, Multilingual and Intercultural Communication at the University of M\u00e1laga. His research interests are the study of language change in World Englishes and Corpus Linguistics.<br \/>\n<strong>Address for correspondence<\/strong>: Departamento de Filolog\u00eda Inglesa, Francesa y Alemana, Facultad de Filosof\u00eda y Letras, Universidad de M\u00e1laga, Campus de Teatinos, 29071 M\u00e1laga, Spain.<\/p>\n<p>&nbsp;<\/p>\n","protected":false},"excerpt":{"rendered":"<p>Jorge Bastos da Silva teaches in the Department of Anglo-American Studies, the Faculty of Arts and Humanities, University of Porto. His main fields of research are English Literature and Culture, Intellectual History, Utopian Studies, and Translation and Reception Studies. He has been a member of the Committee of the Utopian Studies Society \/ Europe since [&hellip;]<\/p>\n","protected":false},"author":2,"featured_media":0,"parent":0,"menu_order":0,"comment_status":"closed","ping_status":"closed","template":"","meta":{"_crdt_document":"","ngg_post_thumbnail":0,"jetpack_post_was_ever_published":false,"footnotes":""},"categories":[],"tags":[],"class_list":["post-3316","page","type-page","status-publish","hentry"],"jetpack_sharing_enabled":true,"_links":{"self":[{"href":"https:\/\/essenglish.org\/messenger\/wp-json\/wp\/v2\/pages\/3316","targetHints":{"allow":["GET"]}}],"collection":[{"href":"https:\/\/essenglish.org\/messenger\/wp-json\/wp\/v2\/pages"}],"about":[{"href":"https:\/\/essenglish.org\/messenger\/wp-json\/wp\/v2\/types\/page"}],"author":[{"embeddable":true,"href":"https:\/\/essenglish.org\/messenger\/wp-json\/wp\/v2\/users\/2"}],"replies":[{"embeddable":true,"href":"https:\/\/essenglish.org\/messenger\/wp-json\/wp\/v2\/comments?post=3316"}],"version-history":[{"count":6,"href":"https:\/\/essenglish.org\/messenger\/wp-json\/wp\/v2\/pages\/3316\/revisions"}],"predecessor-version":[{"id":3347,"href":"https:\/\/essenglish.org\/messenger\/wp-json\/wp\/v2\/pages\/3316\/revisions\/3347"}],"wp:attachment":[{"href":"https:\/\/essenglish.org\/messenger\/wp-json\/wp\/v2\/media?parent=3316"}],"wp:term":[{"taxonomy":"category","embeddable":true,"href":"https:\/\/essenglish.org\/messenger\/wp-json\/wp\/v2\/categories?post=3316"},{"taxonomy":"post_tag","embeddable":true,"href":"https:\/\/essenglish.org\/messenger\/wp-json\/wp\/v2\/tags?post=3316"}],"curies":[{"name":"wp","href":"https:\/\/api.w.org\/{rel}","templated":true}]}}