{"id":3313,"date":"2021-11-27T07:17:37","date_gmt":"2021-11-27T06:17:37","guid":{"rendered":"https:\/\/essenglish.org\/messenger\/?page_id=3313"},"modified":"2021-12-04T10:33:31","modified_gmt":"2021-12-04T09:33:31","slug":"vol-30-1-summer-2021","status":"publish","type":"page","link":"https:\/\/essenglish.org\/messenger\/vol-30-1-summer-2021\/","title":{"rendered":"Vol. 30-1 Summer 2021"},"content":{"rendered":"<p><a href=\"https:\/\/essenglish.org\/messenger\/wp-content\/uploads\/sites\/2\/2021\/12\/30-1-S2021.pdf\" target=\"_blank\" rel=\"attachment noopener wp-att-3333\"><img data-recalc-dims=\"1\" loading=\"lazy\" decoding=\"async\" class=\"alignnone wp-image-3333\" src=\"https:\/\/i0.wp.com\/essenglish.org\/messenger\/wp-content\/uploads\/sites\/2\/2021\/11\/cover-S2021.jpg?resize=300%2C426&#038;ssl=1\" alt=\"\" width=\"300\" height=\"426\" srcset=\"https:\/\/i0.wp.com\/essenglish.org\/messenger\/wp-content\/uploads\/sites\/2\/2021\/11\/cover-S2021.jpg?resize=211%2C300&amp;ssl=1 211w, https:\/\/i0.wp.com\/essenglish.org\/messenger\/wp-content\/uploads\/sites\/2\/2021\/11\/cover-S2021.jpg?resize=721%2C1024&amp;ssl=1 721w, https:\/\/i0.wp.com\/essenglish.org\/messenger\/wp-content\/uploads\/sites\/2\/2021\/11\/cover-S2021.jpg?resize=768%2C1091&amp;ssl=1 768w, https:\/\/i0.wp.com\/essenglish.org\/messenger\/wp-content\/uploads\/sites\/2\/2021\/11\/cover-S2021.jpg?w=1040&amp;ssl=1 1040w\" sizes=\"auto, (max-width: 300px) 100vw, 300px\" \/><\/a><\/p>\n<p><a href=\"https:\/\/essenglish.org\/messenger\/wp-content\/uploads\/sites\/2\/2021\/12\/30-1-S2021.pdf\" target=\"_blank\" rel=\"attachment noopener wp-att-1301\"><img data-recalc-dims=\"1\" loading=\"lazy\" decoding=\"async\" class=\"size-full wp-image-1301 alignnone\" src=\"https:\/\/i0.wp.com\/essenglish.org\/messenger\/wp-content\/uploads\/sites\/2\/2016\/06\/download-pdf.png?resize=138%2C36&#038;ssl=1\" alt=\"\" width=\"138\" height=\"36\" \/><\/a><\/p>\n<h2>Contents<\/h2>\n<h3><a href=\"https:\/\/essenglish.org\/messenger\/vol-25-1-summer-2016\/page-bw\/\" rel=\"attachment wp-att-1230\"><img data-recalc-dims=\"1\" loading=\"lazy\" decoding=\"async\" class=\" wp-image-1230 alignnone\" src=\"https:\/\/i0.wp.com\/essenglish.org\/messenger\/wp-content\/uploads\/sites\/2\/2016\/05\/page-bw.jpg?resize=32%2C32&#038;ssl=1\" alt=\"\" width=\"32\" height=\"32\" \/><\/a> Language Change: Diachronic and Synchronic Approaches<\/h3>\n<p>Change in languages over time seems to be an inevitable constant. All languages have undergone and, if not dead, are undergoing change. As Ferdinand de Saussure put it more than a century ago, \u201cthe linguistic river never stops flowing\u201d (Course in General Linguistics, 1916). The English language has been no exception and topics addressing linguistic change have been\u2014and continue to be\u2014widely discussed from different areas or branches of linguistics, such as generative, historical, variationist or corpus linguistics. There is, however, much that still needs to be investigated.<\/p>\n<h3><a href=\"https:\/\/essenglish.org\/messenger\/vol-25-1-summer-2016\/page-bw\/\" rel=\"attachment wp-att-1230\"><img data-recalc-dims=\"1\" loading=\"lazy\" decoding=\"async\" class=\" wp-image-1230 alignnone\" src=\"https:\/\/i0.wp.com\/essenglish.org\/messenger\/wp-content\/uploads\/sites\/2\/2016\/05\/page-bw.jpg?resize=32%2C32&#038;ssl=1\" alt=\"\" width=\"32\" height=\"32\" \/><\/a> Metaphor Variation and Change in World Englishes<\/h3>\n<h4>Rosario Caballero and Javier E. D\u00edaz-Vera\u00a0 \u00a0<a href=\"https:\/\/essenglish.org\/messenger\/vol-30-1-summer-2021-contributors\/#caballero\" target=\"_blank\" rel=\"attachment noopener wp-att-2974\"><img data-recalc-dims=\"1\" loading=\"lazy\" decoding=\"async\" class=\"alignnone wp-image-2974 size-full\" src=\"https:\/\/i0.wp.com\/essenglish.org\/messenger\/wp-content\/uploads\/sites\/2\/2020\/08\/Information_icon_orange-e1596887991603.png?resize=25%2C25&#038;ssl=1\" alt=\"\" width=\"25\" height=\"25\" \/><\/a><\/h4>\n<p>Differently from other areas of linguistic research, the study of metaphor variation and change presents some uniquely difficult challenges for systematic linguistic analysis. The recent development of cognitive sociolinguistic theory has showcased the importance of the study of conceptual differences among linguistic varieties. This paper is intended as a contribution to this field of investigation: using statistical analysis of large sets of dialectal data, we will propose an analysis of onomasiological lexical variation and change across varieties of World English. In particular, we will focus on why particular emotion conceptualizations are more frequent in some of these varieties of English. Our analysis shows that local socio-cultural models of emotions affect lexical variation and change at the dialectal level.<\/p>\n<p><a href=\"https:\/\/essenglish.org\/messenger\/wp-content\/uploads\/sites\/2\/2021\/12\/30-1-S2021-caballero-diaz.pdf\" target=\"_blank\" rel=\"attachment noopener wp-att-1301\"><img data-recalc-dims=\"1\" loading=\"lazy\" decoding=\"async\" class=\"size-full wp-image-1301 alignnone\" src=\"https:\/\/i0.wp.com\/essenglish.org\/messenger\/wp-content\/uploads\/sites\/2\/2016\/06\/download-pdf.png?resize=138%2C36&#038;ssl=1\" alt=\"\" width=\"138\" height=\"36\" \/><\/a><\/p>\n<h3><a href=\"https:\/\/essenglish.org\/messenger\/vol-25-1-summer-2016\/page-bw\/\" rel=\"attachment wp-att-1230\"><img data-recalc-dims=\"1\" loading=\"lazy\" decoding=\"async\" class=\" wp-image-1230 alignnone\" src=\"https:\/\/i0.wp.com\/essenglish.org\/messenger\/wp-content\/uploads\/sites\/2\/2016\/05\/page-bw.jpg?resize=32%2C32&#038;ssl=1\" alt=\"\" width=\"32\" height=\"32\" \/><\/a> A Synchronic Study of the Phonological Variants within the GOAT Lexical Set in the Dialect of Nineteenth-Century Lancashire<\/h3>\n<h4>Nadia Hamade Almeida\u00a0\u00a0 <a href=\"https:\/\/essenglish.org\/messenger\/vol-30-1-summer-2021-contributors\/#hamade\" target=\"_blank\" rel=\"attachment noopener wp-att-2974\"><img data-recalc-dims=\"1\" loading=\"lazy\" decoding=\"async\" class=\"alignnone wp-image-2974 size-full\" src=\"https:\/\/i0.wp.com\/essenglish.org\/messenger\/wp-content\/uploads\/sites\/2\/2020\/08\/Information_icon_orange-e1596887991603.png?resize=25%2C25&#038;ssl=1\" alt=\"\" width=\"25\" height=\"25\" \/><\/a><\/h4>\n<p>Literary-dialect works are useful tools for dialect study as they are characterized by the presence of deviant spellings based on semi-phonetic spellings of Standard English. This paper analyzes these spellings and their sounds within the GOAT lexical set in the dialect of nineteenth-century Lancashire, according to the classification that Wells (1982) provides for RP [\u0259\u028a]. For this purpose, we examined nineteen literary-dialect works. In this endeavor, the deviant spellings related to that RP diphthong were gathered and attributed to their realizations in the dialect. This paper discusses the coexistence of the different sounds related to RP [\u0259\u028a] considering historical and sociolinguistic reasons.<\/p>\n<p><a href=\"https:\/\/essenglish.org\/messenger\/wp-content\/uploads\/sites\/2\/2021\/12\/30-1-S2021-hamade.pdf\" target=\"_blank\" rel=\"attachment noopener wp-att-1301\"><img data-recalc-dims=\"1\" loading=\"lazy\" decoding=\"async\" class=\"size-full wp-image-1301 alignnone\" src=\"https:\/\/i0.wp.com\/essenglish.org\/messenger\/wp-content\/uploads\/sites\/2\/2016\/06\/download-pdf.png?resize=138%2C36&#038;ssl=1\" alt=\"\" width=\"138\" height=\"36\" \/><\/a><\/p>\n<h3><a href=\"https:\/\/essenglish.org\/messenger\/vol-25-1-summer-2016\/page-bw\/\" rel=\"attachment wp-att-1230\"><img data-recalc-dims=\"1\" loading=\"lazy\" decoding=\"async\" class=\" wp-image-1230 alignnone\" src=\"https:\/\/i0.wp.com\/essenglish.org\/messenger\/wp-content\/uploads\/sites\/2\/2016\/05\/page-bw.jpg?resize=32%2C32&#038;ssl=1\" alt=\"\" width=\"32\" height=\"32\" \/><\/a> Investigating Short Front Vowel Shifts in New Zealand English<\/h3>\n<h4>Erika Sajt\u00f3s\u00a0 \u00a0<a href=\"https:\/\/essenglish.org\/messenger\/vol-30-1-summer-2021-contributors\/#sajtos\" target=\"_blank\" rel=\"attachment noopener wp-att-2974\"><img data-recalc-dims=\"1\" loading=\"lazy\" decoding=\"async\" class=\"alignnone wp-image-2974 size-full\" src=\"https:\/\/i0.wp.com\/essenglish.org\/messenger\/wp-content\/uploads\/sites\/2\/2020\/08\/Information_icon_orange-e1596887991603.png?resize=25%2C25&#038;ssl=1\" alt=\"\" width=\"25\" height=\"25\" \/><\/a><\/h4>\n<p>This paper reports on an auditory analysis of the historical development of raised and fronted TRAP and DRESS vowels, and centralised KIT vowel in New Zealand English (NZE). For the sake of simplicity, three words from Wells\u2019s lexical sets (1982) are used to refer to these vowels. We aim to prove that the realisation of the short front vowels in NZE is not the result of a single factor, but two competing hypotheses have had important roles in this process: new dialect formation and a vowel chain shift. An empirical investigation is carried out regarding a one-hundred-year-long period which considers speech samples of ten male New Zealanders born between 1890 and 1990. The results show that raised TRAP and DRESS originated from England and this finding is supported by the theory of new-dialect formation; they remained high and continued raising as the first steps of a vowel chain shift, while in England they lowered later as an innovation. Thus, the realisation of these vowels is conservative in New Zealand English. Later, DRESS raising triggered KIT centralisation, which was a twentieth-century innovation. Based on the results, it is also proven that it is a push chain consisting of three sequential steps. Furthermore, it is demonstrated that DRESS is still raising, therefore, the vowel chain shift is still in progress.<\/p>\n<p><a href=\"https:\/\/essenglish.org\/messenger\/wp-content\/uploads\/sites\/2\/2021\/12\/30-1-S2021-sajtos.pdf\" target=\"_blank\" rel=\"attachment noopener wp-att-1301\"><img data-recalc-dims=\"1\" loading=\"lazy\" decoding=\"async\" class=\"size-full wp-image-1301 alignnone\" src=\"https:\/\/i0.wp.com\/essenglish.org\/messenger\/wp-content\/uploads\/sites\/2\/2016\/06\/download-pdf.png?resize=138%2C36&#038;ssl=1\" alt=\"\" width=\"138\" height=\"36\" \/><\/a><\/p>\n<h3><a href=\"https:\/\/essenglish.org\/messenger\/vol-25-1-summer-2016\/page-bw\/\" rel=\"attachment wp-att-1230\"><img data-recalc-dims=\"1\" loading=\"lazy\" decoding=\"async\" class=\" wp-image-1230 alignnone\" src=\"https:\/\/i0.wp.com\/essenglish.org\/messenger\/wp-content\/uploads\/sites\/2\/2016\/05\/page-bw.jpg?resize=32%2C32&#038;ssl=1\" alt=\"\" width=\"32\" height=\"32\" \/><\/a> Modals and Quasi-Modals of Obligation and Necessity in Indian and Canadian English<\/h3>\n<h3>Carlos Soriano-Jim\u00e9nez \u00a0\u00a0<a href=\"https:\/\/essenglish.org\/messenger\/vol-30-1-summer-2021-contributors\/#soriano\" target=\"_blank\" rel=\"attachment noopener wp-att-2974\"><img data-recalc-dims=\"1\" loading=\"lazy\" decoding=\"async\" class=\"alignnone wp-image-2974 size-full\" src=\"https:\/\/i0.wp.com\/essenglish.org\/messenger\/wp-content\/uploads\/sites\/2\/2020\/08\/Information_icon_orange-e1596887991603.png?resize=25%2C25&#038;ssl=1\" alt=\"\" width=\"25\" height=\"25\" \/><\/a><\/h3>\n<p>This paper explores the differences of the distribution and use of the modals and quasi-modals which convey deontic and epistemic obligation and necessity in Canadian and Indian English. More precisely, must and ought to are compared to their counterparts and their semantically related quasi-modals have got to and be supposed to. The aim of this paper is to provide new insights into the patterns of distribution between these pairs of modals and quasi-modals and to outline some possible reasons for the existing differences. For this purpose, the online Corpus of Global Web-Based English has been employed (Davies, 2013).<\/p>\n<p><a href=\"https:\/\/essenglish.org\/messenger\/wp-content\/uploads\/sites\/2\/2021\/12\/30-1-S2021-soriano.pdf\" target=\"_blank\" rel=\"attachment noopener wp-att-1301\"><img data-recalc-dims=\"1\" loading=\"lazy\" decoding=\"async\" class=\"size-full wp-image-1301 alignnone\" src=\"https:\/\/i0.wp.com\/essenglish.org\/messenger\/wp-content\/uploads\/sites\/2\/2016\/06\/download-pdf.png?resize=138%2C36&#038;ssl=1\" alt=\"\" width=\"138\" height=\"36\" \/><\/a><\/p>\n<h2>Developing Academic Skills<\/h2>\n<h3><a href=\"https:\/\/essenglish.org\/messenger\/vol-25-1-summer-2016\/page-bw\/\" rel=\"attachment wp-att-1230\"><img data-recalc-dims=\"1\" loading=\"lazy\" decoding=\"async\" class=\" wp-image-1230 alignnone\" src=\"https:\/\/i0.wp.com\/essenglish.org\/messenger\/wp-content\/uploads\/sites\/2\/2016\/05\/page-bw.jpg?resize=32%2C32&#038;ssl=1\" alt=\"\" width=\"32\" height=\"32\" \/><\/a>Submitting an Abstract<\/h3>\n<h4>Jorge Bastos da Silva \u00a0\u00a0<a href=\"https:\/\/essenglish.org\/messenger\/vol-30-1-summer-2021-contributors\/#bastos\" target=\"_blank\" rel=\"attachment noopener wp-att-2974\"><img data-recalc-dims=\"1\" loading=\"lazy\" decoding=\"async\" class=\"alignnone wp-image-2974 size-full\" src=\"https:\/\/i0.wp.com\/essenglish.org\/messenger\/wp-content\/uploads\/sites\/2\/2020\/08\/Information_icon_orange-e1596887991603.png?resize=25%2C25&#038;ssl=1\" alt=\"\" width=\"25\" height=\"25\" \/><\/a><\/h4>\n<p><a href=\"https:\/\/essenglish.org\/messenger\/wp-content\/uploads\/sites\/2\/2021\/12\/30-1-S2021-bastos.pdf\" target=\"_blank\" rel=\"attachment noopener wp-att-1301\"><img data-recalc-dims=\"1\" loading=\"lazy\" decoding=\"async\" class=\"size-full wp-image-1301 alignnone\" src=\"https:\/\/i0.wp.com\/essenglish.org\/messenger\/wp-content\/uploads\/sites\/2\/2016\/06\/download-pdf.png?resize=138%2C36&#038;ssl=1\" alt=\"\" width=\"138\" height=\"36\" \/><\/a><\/p>\n<h2>Reviews<\/h2>\n<p><a href=\"https:\/\/essenglish.org\/messenger\/vol-29-1-summer-2020\/book-32-3\/\" rel=\"attachment wp-att-391\"><img data-recalc-dims=\"1\" loading=\"lazy\" decoding=\"async\" class=\"size-full wp-image-391 alignnone\" src=\"https:\/\/i0.wp.com\/essenglish.org\/messenger\/wp-content\/uploads\/sites\/2\/2015\/12\/Book-32-3.png?resize=32%2C32&#038;ssl=1\" alt=\"\" width=\"32\" height=\"32\" \/><\/a> <em>Renaissance: Things Old and New<\/em>. Newcastle: Cambridge Scholars Publishing, 2019.<br \/>\nAmira Aloui<\/p>\n<p><a href=\"https:\/\/essenglish.org\/messenger\/vol-29-1-summer-2020\/book-32-3\/\" rel=\"attachment wp-att-391\"><img data-recalc-dims=\"1\" loading=\"lazy\" decoding=\"async\" class=\"size-full wp-image-391 alignnone\" src=\"https:\/\/i0.wp.com\/essenglish.org\/messenger\/wp-content\/uploads\/sites\/2\/2015\/12\/Book-32-3.png?resize=32%2C32&#038;ssl=1\" alt=\"\" width=\"32\" height=\"32\" \/><\/a> Keller, Daniela and Ina Habermann, eds., <em>Brexit and Beyond: Nation and Identity<\/em>, SPELL 39 (Swiss Papers in English Language and Literature). T\u00fcbingen: Narr Franke Attempto Verlag, 2021,<br \/>\nNeil Forsyth<\/p>\n<p><a href=\"https:\/\/essenglish.org\/messenger\/vol-29-1-summer-2020\/book-32-3\/\" rel=\"attachment wp-att-391\"><img data-recalc-dims=\"1\" loading=\"lazy\" decoding=\"async\" class=\"size-full wp-image-391 alignnone\" src=\"https:\/\/i0.wp.com\/essenglish.org\/messenger\/wp-content\/uploads\/sites\/2\/2015\/12\/Book-32-3.png?resize=32%2C32&#038;ssl=1\" alt=\"\" width=\"32\" height=\"32\" \/><\/a> Gadpaille, Michelle and Victor Kennedy. <em>Words, Music and Gender.<\/em> Newcastle upon Tyne: Cambridge Scholars Publishing, 2020.<br \/>\nCarla Fusco<\/p>\n<p><a href=\"https:\/\/essenglish.org\/messenger\/vol-29-1-summer-2020\/book-32-3\/\" rel=\"attachment wp-att-391\"><img data-recalc-dims=\"1\" loading=\"lazy\" decoding=\"async\" class=\"size-full wp-image-391 alignnone\" src=\"https:\/\/i0.wp.com\/essenglish.org\/messenger\/wp-content\/uploads\/sites\/2\/2015\/12\/Book-32-3.png?resize=32%2C32&#038;ssl=1\" alt=\"\" width=\"32\" height=\"32\" \/><\/a> K\u00e9rchy, Anna and Bj\u00f6rn Sundmark. eds. <em>Translating and Transmediating Children\u2019s Literature<\/em>. Cham: Palgrave Macmillan, 2020.<br \/>\n\u00c1gota Budai<\/p>\n<p><a href=\"https:\/\/essenglish.org\/messenger\/vol-29-1-summer-2020\/book-32-3\/\" rel=\"attachment wp-att-391\"><img data-recalc-dims=\"1\" loading=\"lazy\" decoding=\"async\" class=\"size-full wp-image-391 alignnone\" src=\"https:\/\/i0.wp.com\/essenglish.org\/messenger\/wp-content\/uploads\/sites\/2\/2015\/12\/Book-32-3.png?resize=32%2C32&#038;ssl=1\" alt=\"\" width=\"32\" height=\"32\" \/><\/a> Mudriczki, Judit. <em>Shakespeare\u2019s Art of Poesy in King Lear: An Emblematic Mirror of Governance on the Jacobean Stage<\/em>. Budapest and Paris: L\u2019Harmattan, 2020.<br \/>\nF\u00e1bi\u00e1n Annam\u00e1ria<\/p>\n<p><a href=\"https:\/\/essenglish.org\/messenger\/vol-29-1-summer-2020\/book-32-3\/\" rel=\"attachment wp-att-391\"><img data-recalc-dims=\"1\" loading=\"lazy\" decoding=\"async\" class=\"size-full wp-image-391 alignnone\" src=\"https:\/\/i0.wp.com\/essenglish.org\/messenger\/wp-content\/uploads\/sites\/2\/2015\/12\/Book-32-3.png?resize=32%2C32&#038;ssl=1\" alt=\"\" width=\"32\" height=\"32\" \/><\/a> Mayer, Jean-Cristophe. <em>Shakespeare\u2019s Early Readers: A Cultural History from 1590-1800<\/em>. Cambridge: Cambridge University Press, 2018.<br \/>\nElif Derya \u015eenduran<\/p>\n<h2><a href=\"https:\/\/essenglish.org\/messenger\/wp-content\/uploads\/sites\/2\/2021\/12\/30-1-S2021-reviews.pdf\" target=\"_blank\" rel=\"attachment noopener wp-att-1301\"><img data-recalc-dims=\"1\" loading=\"lazy\" decoding=\"async\" class=\"size-full wp-image-1301 alignnone\" src=\"https:\/\/i0.wp.com\/essenglish.org\/messenger\/wp-content\/uploads\/sites\/2\/2016\/06\/download-pdf.png?resize=138%2C36&#038;ssl=1\" alt=\"\" width=\"138\" height=\"36\" \/><\/a><\/h2>\n","protected":false},"excerpt":{"rendered":"<p>Contents Language Change: Diachronic and Synchronic Approaches Change in languages over time seems to be an inevitable constant. All languages have undergone and, if not dead, are undergoing change. As Ferdinand de Saussure put it more than a century ago, \u201cthe linguistic river never stops flowing\u201d (Course in General Linguistics, 1916). The English language has [&hellip;]<\/p>\n","protected":false},"author":2,"featured_media":0,"parent":0,"menu_order":0,"comment_status":"closed","ping_status":"closed","template":"","meta":{"_crdt_document":"","ngg_post_thumbnail":0,"jetpack_post_was_ever_published":false,"footnotes":""},"categories":[],"tags":[],"class_list":["post-3313","page","type-page","status-publish","hentry"],"jetpack_sharing_enabled":true,"_links":{"self":[{"href":"https:\/\/essenglish.org\/messenger\/wp-json\/wp\/v2\/pages\/3313","targetHints":{"allow":["GET"]}}],"collection":[{"href":"https:\/\/essenglish.org\/messenger\/wp-json\/wp\/v2\/pages"}],"about":[{"href":"https:\/\/essenglish.org\/messenger\/wp-json\/wp\/v2\/types\/page"}],"author":[{"embeddable":true,"href":"https:\/\/essenglish.org\/messenger\/wp-json\/wp\/v2\/users\/2"}],"replies":[{"embeddable":true,"href":"https:\/\/essenglish.org\/messenger\/wp-json\/wp\/v2\/comments?post=3313"}],"version-history":[{"count":15,"href":"https:\/\/essenglish.org\/messenger\/wp-json\/wp\/v2\/pages\/3313\/revisions"}],"predecessor-version":[{"id":3379,"href":"https:\/\/essenglish.org\/messenger\/wp-json\/wp\/v2\/pages\/3313\/revisions\/3379"}],"wp:attachment":[{"href":"https:\/\/essenglish.org\/messenger\/wp-json\/wp\/v2\/media?parent=3313"}],"wp:term":[{"taxonomy":"category","embeddable":true,"href":"https:\/\/essenglish.org\/messenger\/wp-json\/wp\/v2\/categories?post=3313"},{"taxonomy":"post_tag","embeddable":true,"href":"https:\/\/essenglish.org\/messenger\/wp-json\/wp\/v2\/tags?post=3313"}],"curies":[{"name":"wp","href":"https:\/\/api.w.org\/{rel}","templated":true}]}}