{"id":2977,"date":"2020-08-08T14:10:23","date_gmt":"2020-08-08T12:10:23","guid":{"rendered":"https:\/\/essenglish.org\/messenger\/?page_id=2977"},"modified":"2021-11-28T07:10:28","modified_gmt":"2021-11-28T06:10:28","slug":"vol-29-1-summer-2020-contributors","status":"publish","type":"page","link":"https:\/\/essenglish.org\/messenger\/vol-29-1-summer-2020\/vol-29-1-summer-2020-contributors\/","title":{"rendered":"Vol. 29-1 Summer 2020 &#8211; Contributors"},"content":{"rendered":"<p><strong><a id=\"abril\"><\/a>Abril-Hern\u00e1ndez, Ana <\/strong>is an independent Scholar,\u00a0 PhD Cum Laude in Comparative Literature from Universidad Complutense de Madrid (UCM), Master\u2019s Degree in Literary Studies (UCM), Master\u2019s Degree in Teacher Training for Compulsory Secondary Education, Upper Secondary Education, Vocational Training and Language Teaching (UCM), and Master\u2019s Degree in Literary and Cultural Studies in Great Britain and Anglophone Countries: Literature, Culture, Communication and Translation (Universidad Aut\u00f3noma de Madrid). Ana\u2019s research follows a semiotic approach to literature and intermedial adaptations of it on different formats. Her publications in different books and journals revolve around the same fields with a special interest in comparative approaches to world literatures.<\/p>\n<hr \/>\n<p><strong><a id=\"ahmetspahic\"><\/a>Ahmetspahi\u0107, Adisa<\/strong> works as a teaching assistant at the Faculty of Philosophy Zenica, Bosnia and Herzegovina. She teaches Anglophone literature and history courses. She holds a BA degree in English Language and Literature and is currently a graduate student at the Faculty of Philosophy in Sarajevo. She is a member of American Studies Association in Bosnia and Herzegovina. Her research interests encompass identity problems and manifestation of minority groups in the modern era.<\/p>\n<hr \/>\n<p><strong>Kahri\u0107,<\/strong> <strong>Damir <\/strong>earned his Bachelor of Arts degree in English Language and Literature in 2018. Damir Kahri\u0107 is a graduate student at the Faculty of Philosophy, University of Sarajevo, and his MA thesis focuses on the analysis of Shakespearean dramas. He is currently working as an editor and translator of the new poetry collection <em>Shakespeare Again Visits My Home <\/em>in Sarajevo.<\/p>\n<hr \/>\n<p><strong><a id=\"carrere\"><\/a>Carrere, Ana\u00efs<\/strong> since 2016 September a Ph. D student and assistant junior professor at the University Bordeaux-Montaigne at the English Department of the English Studies, member of the CLIMAS laboratory. Her doctoral dissertation focuses on \u201cWhat language and gender studies might reveal about the conversational style of committed women in the public sphere: a historical and empirical perspective\u201d under the supervision of Jean-R\u00e9mi LAPAIRE, a certified professor at the University of Bordeaux Montaigne in English linguistics, cognitive linguistics and gesture studies. Research interests: English linguistics (syntax, pragmatics, lexical, semantics aspects), Socio-linguistics, Discourse analysis (feminist and politics), Women\u2019s studies and feminist studies, Gender and identity. Email: anais.carrere@u-bordeaux-montaigne.fr.<\/p>\n<hr \/>\n<p><strong>Peake, Jeni<\/strong> is a PhD candidate and English language teacher at the University of Bordeaux Montaigne, France. She obtained a master\u2019s degree in\u00a0<em>Anglophone Studies<\/em>\u00a0in 2019 from the University of Bordeaux Montaigne. Her main areas of study are language hybridity in public spaces, with a particular focus on graffiti. Her thesis title is \u201c<em>Urban graffiti and inscriptions as linguistic markers of language flux and hybridity in France: implications for English language teaching.<\/em>\u201d Email: jeni.peake@u-bordeaux.fr<\/p>\n<hr \/>\n<p><strong><a id=\"fernandez\"><\/a>Fern\u00e1ndez Rodr\u00edguez, Carmen Mar\u00eda<\/strong> is at present a teacher at the Official School of Languages in A Coru\u00f1a (Spain) and she holds a Ph.D. in English Philology. A\u00a0member of <em>The Burney Society<\/em> and a regular collaborator of <em>The Burney Letter, <\/em>Fern\u00e1ndez\u00a0is also the co-editor and the translator into Spanish of Frances Burney\u2019s plays <em>The Witlings<\/em> and <em>A Busy Day<\/em> (2017), and she has published articles on Jane Austen, Sarah Harriet Burney, and on the reception of Maria Edgeworth&#8217;s <em>oeuvre<\/em> on the Continent.<\/p>\n<hr \/>\n<p><strong><a id=\"freij\"><\/a>Freij, Maria<\/strong> (PhD) is a Senior Lecturer in English, Kristianstad University, Sweden. Her teaching interests include Creative Writing, poetry, literature, grammar, and translation. Research interests include representations of selves and identities through the imagery of childhood landscapes, metanostalgia, and melancholy, primarily in the poetry of Lars Gustafsson. Her critical work appears in <em>Humanities, AJFS<\/em>, and <em>TEXT<\/em>; translations in the <em>Redroom Company\/Lyrikline Project<\/em> and <em>Mascara Literary Review<\/em>; and creative work in journals including <em>Meanjin<\/em>, <em>Blue Dog, Southerly, Softblow<\/em>, and<em> Overland<\/em>. Her translation of Boris Vian\u2019s <em>Je Voudrais pas Crever <\/em>was published in <em>If I say If\u2014The Poems and Short Stories of Boris Vian<\/em> (Adelaide University Press 2014, ed. Rolls et al.).<\/p>\n<hr \/>\n<p><strong><a id=\"garcia\"><\/a>Garc\u00eda Coto, B\u00e1rbara <\/strong>holds a BA in Spanish Language and Literature (University of Oviedo), as well as in English Studies (UNED, National University of Distance Education) and an MA in Spanish as a Foreign Language (University of Alcal\u00e1) and in Asturian Language (University of Oviedo). I am also an associate member of the Chartered Institute of Linguists, a certified English-Spanish translator (DipTrans loLET) and ESL teacher (Trinity College London). I received my PhD in Literary Theory and Comparative Literature at the University of Oviedo. I currently work as a teacher of Spanish Language and Literature in Torrej\u00f3n de Ardoz (Madrid), where I have a permanent position.<\/p>\n<hr \/>\n<p><strong><a id=\"kosinaga\"><\/a>Ko\u0161inaga, Jelena<\/strong> is a second-year Ph.D. student at the Doctoral School of Literary and Cultural Studies, University of Szeged. She is currently researching \u201cJapanese Women\u2019s Desire for English: Reconfiguration of Occidentalist Longings and Commodity Feminism.\u201d Email: jmilosavljevic87@gmail.com.<\/p>\n<hr \/>\n<p><strong><a id=\"le-bihan\"><\/a>Le Bihan-Colleran, Christ\u00e8le<\/strong> is currently an Associate Professor in American Studies at the University of Poitiers (France). She is affiliated to the interdisciplinary research group MIMMOC (M\u00e9moires, Identit\u00e9s, Marginalit\u00e9s dans le Monde Occidental Contemporain). She is the author of a PhD dissertation on the \u201cpolitically correct\u201d movement on American campuses. She works on issues related to this movement, and more broadly on multiculturalism and its impact on both higher education and American society, which she analyzed notably in an article entitled \u201cMulticulturalism in the United States: A <em>Fait Accompli<\/em>?\u201d. She is the co-editor of a collection of articles on the challenges of cultural diversity in the labor market (2020). Her research interests also include the history of feminism, which she has been teaching for several years.<\/p>\n<hr \/>\n<p><strong><a id=\"sandip\"><\/a>Sandip Paul<\/strong> is currently working as a Junior Research Fellow in the Department of English at Banaras Hindu University, India. He is doing a full-time Ph.D. on the autobiography of Maya Angelou. He has done MA in English from West Bengal State University in 2014 and worked as a faculty of English with Ministry of Labour, State Govt. of West Bengal in 2017.<\/p>\n<p><strong>Muhammad,<\/strong> <strong>Ahmad Abdullah Salih <\/strong>is a Ph.D. ICCR Scholar in the Department of English, Banaras Hindu University, India. He is on a study leave as he works as a university English language teacher at the Department of English, Faculty of Arts, Thamar University, Yemen. He is at present doing Ph.D. on modern Yemeni novel in relation to society and politics. He has also worked as a co-translator for a book published in 2018 and another under review for publication.<\/p>\n<hr \/>\n<p><strong><a id=\"szekelyhidi\"><\/a>Sz\u00e9kelyhidi, Johanna E<\/strong>. is a PhD candidate at the School of English and American Studies at E\u00f6tv\u00f6s Lor\u00e1nd University in Hungary. She is currently researching gender in modern and contemporary British theatre between 1950-2010. Her thesis focuses on gender and performative identity in the works of Caryl Churchill.<\/p>\n<hr \/>\n<p><strong><a id=\"terentieva\"><\/a>Terentieva, Yuliia<\/strong> is a PhD student at the Doctoral School of Literary Studies at E\u00f6tv\u00f6s Lor\u00e1nd University, Budapest. The focus of her research is the representation of space in a selection of novels written by David Lodge. Her research interests include spatial studies, trauma theory and gender studies as applied to contemporary English-speaking literature. Her recent articles include a research entitled \u201cThe Image of the Library in the Novel <em>The British Museum Is Falling Down<\/em> by David Lodge\u201d which focuses on the heterotopic features of libraries in Lodge\u2019s fiction as well as in other famous texts.<\/p>\n<hr \/>\n<p><strong><a id=\"tully\"><\/a>Tully, Cassandra S.<\/strong> is currently a PhD candidate at the University of Extremadura in C\u00e1ceres, Spain. She is specialising in Irish literature and Gender Studies while working as an assintant lecturer at the Faculty of Humanities in Extremadura. She holds a BA in English Studies by the University of Seville (Spain), a Master&#8217;s in\u00a0English\u00a0Teaching and an MA in Gender and Literature both by the University of Extremadura.\u00a0Her research interests include the study of literature through Corpus Linguistics, Corpus Stylistics, and the use of digital toolkits such as AntConc or Sketch Engine.<\/p>\n","protected":false},"excerpt":{"rendered":"<p>Abril-Hern\u00e1ndez, Ana is an independent Scholar,\u00a0 PhD Cum Laude in Comparative Literature from Universidad Complutense de Madrid (UCM), Master\u2019s Degree in Literary Studies (UCM), Master\u2019s Degree in Teacher Training for Compulsory Secondary Education, Upper Secondary Education, Vocational Training and Language Teaching (UCM), and Master\u2019s Degree in Literary and Cultural Studies in Great Britain and Anglophone [&hellip;]<\/p>\n","protected":false},"author":2,"featured_media":0,"parent":2924,"menu_order":0,"comment_status":"closed","ping_status":"closed","template":"","meta":{"_crdt_document":"","ngg_post_thumbnail":0,"jetpack_post_was_ever_published":false,"footnotes":""},"categories":[],"tags":[],"class_list":["post-2977","page","type-page","status-publish","hentry"],"jetpack_sharing_enabled":true,"_links":{"self":[{"href":"https:\/\/essenglish.org\/messenger\/wp-json\/wp\/v2\/pages\/2977","targetHints":{"allow":["GET"]}}],"collection":[{"href":"https:\/\/essenglish.org\/messenger\/wp-json\/wp\/v2\/pages"}],"about":[{"href":"https:\/\/essenglish.org\/messenger\/wp-json\/wp\/v2\/types\/page"}],"author":[{"embeddable":true,"href":"https:\/\/essenglish.org\/messenger\/wp-json\/wp\/v2\/users\/2"}],"replies":[{"embeddable":true,"href":"https:\/\/essenglish.org\/messenger\/wp-json\/wp\/v2\/comments?post=2977"}],"version-history":[{"count":7,"href":"https:\/\/essenglish.org\/messenger\/wp-json\/wp\/v2\/pages\/2977\/revisions"}],"predecessor-version":[{"id":3330,"href":"https:\/\/essenglish.org\/messenger\/wp-json\/wp\/v2\/pages\/2977\/revisions\/3330"}],"up":[{"embeddable":true,"href":"https:\/\/essenglish.org\/messenger\/wp-json\/wp\/v2\/pages\/2924"}],"wp:attachment":[{"href":"https:\/\/essenglish.org\/messenger\/wp-json\/wp\/v2\/media?parent=2977"}],"wp:term":[{"taxonomy":"category","embeddable":true,"href":"https:\/\/essenglish.org\/messenger\/wp-json\/wp\/v2\/categories?post=2977"},{"taxonomy":"post_tag","embeddable":true,"href":"https:\/\/essenglish.org\/messenger\/wp-json\/wp\/v2\/tags?post=2977"}],"curies":[{"name":"wp","href":"https:\/\/api.w.org\/{rel}","templated":true}]}}