{"id":2688,"date":"2019-07-15T19:07:51","date_gmt":"2019-07-15T17:07:51","guid":{"rendered":"https:\/\/essenglish.org\/messenger\/?page_id=2688"},"modified":"2022-02-11T07:31:29","modified_gmt":"2022-02-11T06:31:29","slug":"book-reviews-books-from-brill","status":"publish","type":"page","link":"https:\/\/essenglish.org\/messenger\/book-reviews-books-from-brill\/","title":{"rendered":"Books from Brill"},"content":{"rendered":"<h2>For book reviewers<\/h2>\n<p>Potential reviewers are cordially invited to select the title of their review from the lista below and contact the <strong>Book Review Editor<\/strong>,\u00a0<strong>Dr. Ana Chapman<\/strong> at <span style=\"color: #cc6018;\">achapman [ at ] uma.es<\/span>, indicating the title(s) in which they are interested. This is important for evidence and to avoid multiple reviews of the same title(s).<\/p>\n<h3>How to deal with books from Brill<\/h3>\n<p>The reviewers are requested to send a <strong>Word<\/strong> copy of their review to the <strong>Review Editor<\/strong> and a PDF extract of the published review at <a href=\"mailto:reviews@brill.com\">reviews@brill.com<\/a>. Here is how you can access your book for review.<\/p>\n<h4>Method 1<\/h4>\n<p>1. For the books listed below, in order to activate the token, please log in on the publisher&#8217;s<strong>\u00a0<\/strong>website <a href=\"https:\/\/eur04.safelinks.protection.outlook.com\/?url=http%3A%2F%2Fwww.brill.com&amp;data=02%7C01%7C%7C02453b0f9c3f4180d42d08d68d0e525c%7C84df9e7fe9f640afb435aaaaaaaaaaaa%7C1%7C0%7C636851489975288189&amp;sdata=GznF20rfe6sOtG2dDC0zWZVlFh0Ify7KRL%2BpOUIjJ50%3D&amp;reserved=0\" target=\"_blank\" rel=\"noopener noreferrer\">www.brill.com<\/a>, where you can activate the token by going to \u201cMy Account\u201d, \u201cTokens\u201d button. If you don&#8217;t have an account, you need to sign up for a new one.<\/p>\n<p>2. More detailed instructions on how to download your E-Book can be found <a href=\"https:\/\/eur04.safelinks.protection.outlook.com\/?url=https%3A%2F%2Fbrill.com%2Ffileasset%2Fdownloads_static%2Fstatic_reviews_howtodownloadebook.pdf&amp;data=02%7C01%7C%7C02453b0f9c3f4180d42d08d68d0e525c%7C84df9e7fe9f640afb435aaaaaaaaaaaa%7C1%7C0%7C636851489975298197&amp;sdata=FsEoLbRQ4IHEz%2F7Pg69HteXntRGJI%2BKIOqhYbSrgDxg%3D&amp;reserved=0\" target=\"_blank\" rel=\"noopener noreferrer\">here<\/a>.<\/p>\n<p>3. Please note that for a <strong>print<\/strong> copy you can send a message, including the reviewer\u2019s full shipping details, at <a href=\"mailto:reviews@brill.com\">reviews@brill.com<\/a>.<\/p>\n<p>4. The reviewers are requested to send a <strong>Word<\/strong> copy of their review to the <strong>Review Editor<\/strong> and a PDF extract of the published review at <a href=\"mailto:reviews@brill.com\">reviews@brill.com<\/a>.<\/p>\n<table style=\"width: 600px;\">\n<tbody>\n<tr>\n<td style=\"width: 450px; background-color: #d4cfcf;\"><strong>Book title and author<\/strong><\/td>\n<td style=\"width: 150px; background-color: #d4cfcf;\"><strong>Token code<\/strong><\/td>\n<\/tr>\n<tr>\n<td style=\"width: 450px; text-align: left; vertical-align: top;\"><em>Narrating the Slave Trade, Theorizing Community,<br \/>\n<\/em>by Rapha\u00ebl Lambert (Kansai University, Osaka)<br \/>\nISBN: 978-90-04-37758-5<\/td>\n<td style=\"text-align: left; vertical-align: top; width: 150px;\">rv4017840<\/td>\n<\/tr>\n<tr>\n<td style=\"width: 450px; text-align: left; vertical-align: top;\"><em>Picturing America,<br \/>\n<\/em>Edited by Kerstin Schmidt (Catholic University of Eichstaett-Ingolstadt) and Julia Faisst (Catholic University of Eichstaett-Ingolstadt)<br \/>\nISBN: 978-90-04-38546-7<\/td>\n<td style=\"text-align: left; vertical-align: top; width: 150px;\">\u00a0rv4020081<\/td>\n<\/tr>\n<tr>\n<td style=\"width: 450px; text-align: left; vertical-align: top;\"><em>Patrick McCabe\u2019s Ireland<\/em>,<br \/>\nEdited by Jennifer Keating, (Carnegie Mellon University)<br \/>\nISBN: 978-90-04-38899-4<\/td>\n<td style=\"text-align: left; vertical-align: top; width: 150px;\">\u00a0rv4019743<\/td>\n<\/tr>\n<tr>\n<td style=\"width: 450px; text-align: left; vertical-align: top;\"><em>Fred D&#8217;Aguiar and Caribbean Literature<\/em>,<strong><em><br \/>\n<\/em><\/strong>by Leo Courbot (University of Lille)<strong><br \/>\n<\/strong>ISBN: 978-90-04-39164-2<\/td>\n<td style=\"text-align: left; vertical-align: top; width: 150px;\">\u00a0rv4020632<\/td>\n<\/tr>\n<tr>\n<td style=\"width: 450px; text-align: left; vertical-align: top;\"><em>Postcolonial Past &amp; Present<\/em>,<strong><em><br \/>\n<\/em><\/strong>Edited by Anne Collett (University of Wollongong) and Leigh Dale (University of Wollongong)<strong><br \/>\n<\/strong>ISBN: 978-90-04-37653-3<\/td>\n<td style=\"text-align: left; vertical-align: top; width: 150px;\">\u00a0rv4017542<\/td>\n<\/tr>\n<tr>\n<td style=\"width: 450px; text-align: left; vertical-align: top;\"><em>The Pathogenesis of Fear<\/em><strong>,<\/strong><strong><em><br \/>\n<\/em><\/strong>by Elizabeth Hollis Berry, (University of Alberta)<br \/>\nISBN: 978-90-04-36734-0<\/td>\n<td style=\"text-align: left; vertical-align: top; width: 150px;\">\u00a0rv4014877<\/td>\n<\/tr>\n<tr>\n<td style=\"width: 450px; text-align: left; vertical-align: top;\"><em>Philosophical Foundations of the African Humanities, through Postcolonial Perspectives<br \/>\n<\/em>Edited by Helen Yitah (University of Ghana), and Helen Lauer (University of Dar es Salaam)<br \/>\nISBN: 978-90-04-37759-2<\/td>\n<td style=\"text-align: left; vertical-align: top; width: 150px;\">\u00a0rv4017841<\/td>\n<\/tr>\n<tr>\n<td style=\"width: 450px; text-align: left; vertical-align: top;\"><em>Artistic Reconfigurations of Rome<\/em>,<strong><em><br \/>\n<\/em><\/strong>by Kaspar Thormod<strong><br \/>\n<\/strong>ISBN: 978-90-04-39420-9<\/td>\n<td style=\"text-align: left; vertical-align: top; width: 150px;\">\u00a0rv4039843<\/td>\n<\/tr>\n<tr>\n<td style=\"width: 450px; text-align: left; vertical-align: top;\"><em>Spaces of Longing and Belonging<\/em>,<strong><em><br \/>\n<\/em><\/strong>Edited by Brigitte Le Juez (Dublin City University), and Bill Richardson (National University of Ireland, Galway)<strong><br \/>\n<\/strong>ISBN: 978-90-04-40292-8<\/td>\n<td style=\"text-align: left; vertical-align: top; width: 150px;\">rv4044752<\/td>\n<\/tr>\n<tr>\n<td style=\"width: 450px; text-align: left; vertical-align: top;\"><em>Bodies in the Streets: The Somaesthetics of City Life<\/em>,<br \/>\nEdited by Richard Shusterman (Florida Atlantic University)<br \/>\nISBN: 978-90-04-41112-8<\/td>\n<td style=\"text-align: left; vertical-align: top; width: 150px;\">rv4050369<\/td>\n<\/tr>\n<tr>\n<td style=\"width: 450px; text-align: left; vertical-align: top;\"><em>Aphoristic Modernity<\/em>,<br \/>\n<span style=\"font-family: inherit; font-size: inherit;\">Edited by Kostas Boyiopoulos (Durham University) and Michael Shallcross<strong>\u00a0 \u00a0<\/strong><br \/>\nISBN<strong>:<\/strong> 978-90-04-40004-7<\/span><\/td>\n<td style=\"text-align: left; vertical-align: top; width: 150px;\">rv4043225<\/td>\n<\/tr>\n<tr>\n<td style=\"width: 450px; text-align: left; vertical-align: top;\"><em>Negotiating Space in Latin America<\/em>,<br \/>\nEdited by Patricia Vilches, Harlaxton College<strong><br \/>\n<\/strong>ISBN: 978-90-04-38070-7<\/td>\n<td style=\"text-align: left; vertical-align: top; width: 150px;\">rv4046763<\/td>\n<\/tr>\n<tr>\n<td style=\"width: 450px; text-align: left; vertical-align: top;\"><em>Forays into Contemporary South African Theatre<\/em>,<br \/>\nEdited by Marc and Jessica Maufort, Universit\u00e9 Libre de Bruxelles<br \/>\nISBN: 978-90-04-41445-7<\/td>\n<td style=\"text-align: left; vertical-align: top; width: 150px;\">rv4052707<\/td>\n<\/tr>\n<tr>\n<td style=\"width: 450px; text-align: left; vertical-align: top;\"><em>Beirut to Carnival City<\/em><br \/>\nEdited by Krzysztof Majer, University of Lodz<br \/>\nISBN: 978-90-04-41729-8<em><br \/>\n<\/em><\/td>\n<td style=\"text-align: left; vertical-align: top; width: 150px;\">rv4053703<\/td>\n<\/tr>\n<tr>\n<td style=\"width: 450px; text-align: left; vertical-align: top;\"><em>Biblical Women in Contemporary Novels in English<\/em><br \/>\nby Ingrid Bertrand<br \/>\nISBN: 978-90-04-39030-0<em><br \/>\n<\/em><\/td>\n<td style=\"text-align: left; vertical-align: top; width: 150px;\">rv4037845<\/td>\n<\/tr>\n<tr>\n<td style=\"width: 450px; text-align: left; vertical-align: top;\"><em>Site-Seeing Aesthetics<\/em><br \/>\nby Lene M. Johannessen<br \/>\nISBN: 978-90-04-43799-9<em><br \/>\n<\/em><\/td>\n<td style=\"text-align: left; vertical-align: top; width: 150px;\">rv4063536<\/td>\n<\/tr>\n<tr>\n<td style=\"width: 450px; text-align: left; vertical-align: top;\"><em>Haunted Childhoods in George MacDonald<\/em><br \/>\nby John Patrick Pazdziora<br \/>\nISBN: 978-90-04-42059-5<em><br \/>\n<\/em><\/td>\n<td style=\"text-align: left; vertical-align: top; width: 150px;\">rv4055583<\/td>\n<\/tr>\n<tr>\n<td style=\"width: 450px; text-align: left; vertical-align: top;\"><em>Haunted Childhoods in George MacDonald<\/em><br \/>\nby John Patrick Pazdziora<br \/>\nISBN: 978-90-04-42059-5<em><br \/>\n<\/em><\/td>\n<td style=\"text-align: left; vertical-align: top; width: 150px;\">rv4055583<\/td>\n<\/tr>\n<tr>\n<td style=\"width: 450px; text-align: left; vertical-align: top;\"><em>Scots Folk Singers and their Sources<\/em><br \/>\nby Caroline Macafee<br \/>\nISBN: 978-90-04-46440-7<\/td>\n<td style=\"text-align: left; vertical-align: top; width: 150px;\">rv4064492<\/td>\n<\/tr>\n<tr>\n<td style=\"width: 450px; text-align: left; vertical-align: top;\"><em>Negotiating Institutional Heritage and Wellbeing<\/em><br \/>\nEdited by Elisabeth Punzi, Christoph Singer and Cornelia W\u00e4chter<br \/>\nISBN: 978-90-04-46889-4<\/td>\n<td style=\"text-align: left; vertical-align: top; width: 150px;\">rv4066791<\/td>\n<\/tr>\n<tr>\n<td style=\"width: 450px; text-align: left; vertical-align: top;\"><em>Amitav Ghosh\u2019s Culture Chromosome<\/em><br \/>\nEdited by Asis De and Alessandro Vescovi<br \/>\nISBN: 978-90-04-40431-1<\/td>\n<td style=\"text-align: left; vertical-align: top; width: 150px;\">rv4044838<\/td>\n<\/tr>\n<tr>\n<td style=\"width: 450px; text-align: left; vertical-align: top;\"><em>Black Neo-Victoriana\u00a0<\/em><br \/>\nEdited by Felipe Espinoza Garrido, Marlena Tronicke and Julian Wacker.<br \/>\nISBN: 978-90-04-46914-3<\/td>\n<td style=\"text-align: left; vertical-align: top; width: 150px;\"><span lang=\"EN-GB\">rv<\/span><span lang=\"EN-US\">4073534<\/span><\/td>\n<\/tr>\n<\/tbody>\n<\/table>\n<h4>Method 2<\/h4>\n<p>1. For the books listed below, more detailed information about this publication can be found by copying and pasting the address <a href=\"https:\/\/brill.com\/\" target=\"_blank\" rel=\"noopener noreferrer\">https:\/\/brill.com\/<\/a> into your web browser and entering the search number next to each title into the <strong>Search<\/strong> box (top, right corner of the page).<\/p>\n<p>2. If you are interested in reviewing this Brill title, please send an email mentioning if you would like access to the <strong>e-book<\/strong> or a <strong>print copy<\/strong>, in addition to the journal name, title and ISBN of the requested work, as well as the shipping address (if you prefer a print copy), to <a href=\"mailto:reviews@brill.com\">reviews@brill.com<\/a>.<\/p>\n<table style=\"width: 600px; border-collapse: collapse;\">\n<tbody>\n<tr>\n<td style=\"width: 450px; background-color: #d4cfcf; text-align: left; vertical-align: top;\"><strong>Book title and author<\/strong><\/td>\n<td style=\"width: 150px; background-color: #d4cfcf; text-align: left; vertical-align: top;\"><strong>Search number<\/strong><\/td>\n<\/tr>\n<tr>\n<td style=\"width: 450px; text-align: left; vertical-align: top;\"><em>Reading(s) \/ across \/ Borders<\/em><br \/>\nEdited by Ciaran Ross.<br \/>\nISBN: 978-90-04-41787-8<\/td>\n<td style=\"width: 150px; text-align: left; vertical-align: top;\">4054123<\/td>\n<\/tr>\n<tr>\n<td style=\"width: 450px; text-align: left; vertical-align: top;\"><em>Sydney Goodsir Smith, Poet<\/em><br \/>\nEdited by Richie McCaffery<br \/>\nISBN: 978-90-04-42510-1<\/td>\n<td style=\"width: 150px; text-align: left; vertical-align: top;\">4058284<\/td>\n<\/tr>\n<tr>\n<td style=\"width: 450px; text-align: left; vertical-align: top;\"><em>American History in Transition<\/em><br \/>\nby Yoshinari Yamaguchi<br \/>\nISBN: 978-90-04-42430-2<em><br \/>\n<\/em><\/td>\n<td style=\"width: 150px; text-align: left; vertical-align: top;\">4058010<\/td>\n<\/tr>\n<tr>\n<td style=\"width: 450px; text-align: left; vertical-align: top;\"><em>Geographies of Affect in Contemporary Literature and Visual Culture<br \/>\n<\/em>Edited by \u00c1gnes Gy\u00f6rke, K\u00e1roli G\u00e1sp\u00e1r University, Budapest, and Imola B\u00fclg\u00f6zdi, University of Debrecen.<br \/>\nISBN: 978-90-04-44088-3<em><br \/>\n<\/em><\/td>\n<td style=\"width: 150px; text-align: left; vertical-align: top;\">4066331<\/td>\n<\/tr>\n<tr>\n<td style=\"width: 450px; text-align: left; vertical-align: top;\"><em>Neo-Victorian Biofiction<\/em><br \/>\nEdited by Marie-Louise Kohlke, and Christian Gutleben<br \/>\nISBN: 978-90-04-43413-4<em><br \/>\n<\/em><\/td>\n<td style=\"width: 150px; text-align: left; vertical-align: top;\">4062574<\/td>\n<\/tr>\n<tr>\n<td style=\"width: 450px; text-align: left; vertical-align: top;\"><em>T. S. Eliot\u2019s Ascetic Ideal<\/em><br \/>\nby Joshua Richards<br \/>\nISBN: 978-90-04-37258-0<em><br \/>\n<\/em><\/td>\n<td style=\"width: 150px; text-align: left; vertical-align: top;\">4016489<\/td>\n<\/tr>\n<tr>\n<td style=\"width: 450px; text-align: left; vertical-align: top;\"><em>Women and Crime in Post-Transitional South African Crime Fiction<\/em><br \/>\nby Sabine Binder<br \/>\nISBN: 978-90-04-43743-2<\/td>\n<td style=\"width: 150px; text-align: left; vertical-align: top;\">4058885<\/td>\n<\/tr>\n<tr>\n<td style=\"width: 450px; text-align: left; vertical-align: top;\"><em>Ideology in Postcolonial Texts and Contexts<\/em><br \/>\nEdited by Katja Sarkowsky, and Mark U. Stein<br \/>\nISBN: 978-90-04-42805-8<em><br \/>\n<\/em><\/td>\n<td style=\"width: 150px; text-align: left; vertical-align: top;\">4059404<\/td>\n<\/tr>\n<\/tbody>\n<\/table>\n<p>&nbsp;<\/p>\n","protected":false},"excerpt":{"rendered":"<p>For book reviewers Potential reviewers are cordially invited to select the title of their review from the lista below and contact the Book Review Editor,\u00a0Dr. Ana Chapman at achapman [ at ] uma.es, indicating the title(s) in which they are interested. This is important for evidence and to avoid multiple reviews of the same title(s). [&hellip;]<\/p>\n","protected":false},"author":2,"featured_media":0,"parent":0,"menu_order":0,"comment_status":"closed","ping_status":"closed","template":"","meta":{"_crdt_document":"","ngg_post_thumbnail":0,"jetpack_post_was_ever_published":false,"footnotes":""},"categories":[],"tags":[],"class_list":["post-2688","page","type-page","status-publish","hentry"],"jetpack_sharing_enabled":true,"_links":{"self":[{"href":"https:\/\/essenglish.org\/messenger\/wp-json\/wp\/v2\/pages\/2688","targetHints":{"allow":["GET"]}}],"collection":[{"href":"https:\/\/essenglish.org\/messenger\/wp-json\/wp\/v2\/pages"}],"about":[{"href":"https:\/\/essenglish.org\/messenger\/wp-json\/wp\/v2\/types\/page"}],"author":[{"embeddable":true,"href":"https:\/\/essenglish.org\/messenger\/wp-json\/wp\/v2\/users\/2"}],"replies":[{"embeddable":true,"href":"https:\/\/essenglish.org\/messenger\/wp-json\/wp\/v2\/comments?post=2688"}],"version-history":[{"count":35,"href":"https:\/\/essenglish.org\/messenger\/wp-json\/wp\/v2\/pages\/2688\/revisions"}],"predecessor-version":[{"id":3458,"href":"https:\/\/essenglish.org\/messenger\/wp-json\/wp\/v2\/pages\/2688\/revisions\/3458"}],"wp:attachment":[{"href":"https:\/\/essenglish.org\/messenger\/wp-json\/wp\/v2\/media?parent=2688"}],"wp:term":[{"taxonomy":"category","embeddable":true,"href":"https:\/\/essenglish.org\/messenger\/wp-json\/wp\/v2\/categories?post=2688"},{"taxonomy":"post_tag","embeddable":true,"href":"https:\/\/essenglish.org\/messenger\/wp-json\/wp\/v2\/tags?post=2688"}],"curies":[{"name":"wp","href":"https:\/\/api.w.org\/{rel}","templated":true}]}}