{"id":2438,"date":"2018-12-06T14:54:40","date_gmt":"2018-12-06T13:54:40","guid":{"rendered":"https:\/\/essenglish.org\/messenger\/?page_id=2438"},"modified":"2025-02-17T07:51:14","modified_gmt":"2025-02-17T05:51:14","slug":"journal","status":"publish","type":"page","link":"https:\/\/essenglish.org\/messenger\/journal\/","title":{"rendered":"The ESSE Messenger"},"content":{"rendered":"\n<p class=\"wp-block-paragraph\"><b>ISSN<\/b>:&nbsp;2518-3567<br><b>Frequency of publication<\/b>: biannual<br><strong>Issues<\/strong>:&nbsp;<a href=\"https:\/\/essenglish.org\/messenger\/issues\/\">https:\/\/essenglish.org\/messenger\/issues\/<\/a><br>All issues are <strong>open access<\/strong>.<\/p>\n\n\n\n<h2 class=\"wp-block-heading\">Editors&nbsp;<\/h2>\n\n\n\n<div class=\"wp-block-columns is-layout-flex wp-container-core-columns-is-layout-8f761849 wp-block-columns-is-layout-flex\">\n<div class=\"wp-block-column is-layout-flow wp-block-column-is-layout-flow\"><div class=\"wp-block-image\">\n<figure class=\"aligncenter size-large is-resized\"><img data-recalc-dims=\"1\" height=\"854\" width=\"640\" decoding=\"async\" src=\"https:\/\/i0.wp.com\/essenglish.org\/messenger\/wp-content\/uploads\/sites\/2\/2022\/01\/laura-e1739686182186-767x1024.jpg?resize=640%2C854&#038;ssl=1\" alt=\"\" class=\"wp-image-3401\" style=\"width:156px;height:auto\"\/><\/figure>\n<\/div>\n\n\n<div style=\"height:30px\" aria-hidden=\"true\" class=\"wp-block-spacer\"><\/div>\n\n\n\n<p class=\"has-text-align-center wp-block-paragraph\"><strong>Dr Laura Esteban-Segura<\/strong> <br>University of M\u00e1laga, Spain <br>General editor<br><a href=\"mailto:esse.messenger@uma.es\">esse.messenger@uma.es<\/a><\/p>\n<\/div>\n\n\n\n<div class=\"wp-block-column is-layout-flow wp-block-column-is-layout-flow\"><div class=\"wp-block-image\">\n<figure class=\"aligncenter size-full is-resized\"><img data-recalc-dims=\"1\" loading=\"lazy\" decoding=\"async\" width=\"450\" height=\"563\" src=\"https:\/\/i0.wp.com\/essenglish.org\/messenger\/wp-content\/uploads\/sites\/2\/2025\/02\/ana-chapman-e1739686521339.jpeg?resize=450%2C563&#038;ssl=1\" alt=\"\" class=\"wp-image-4251\" style=\"width:165px;height:auto\" srcset=\"https:\/\/i0.wp.com\/essenglish.org\/messenger\/wp-content\/uploads\/sites\/2\/2025\/02\/ana-chapman-e1739686521339.jpeg?w=450&amp;ssl=1 450w, https:\/\/i0.wp.com\/essenglish.org\/messenger\/wp-content\/uploads\/sites\/2\/2025\/02\/ana-chapman-e1739686521339.jpeg?resize=240%2C300&amp;ssl=1 240w\" sizes=\"auto, (max-width: 450px) 100vw, 450px\" \/><\/figure>\n<\/div>\n\n\n<div style=\"height:30px\" aria-hidden=\"true\" class=\"wp-block-spacer\"><\/div>\n\n\n\n<p class=\"has-text-align-center wp-block-paragraph\"><strong>Dr. Ana Chapman<\/strong> <br>University of M\u00e1laga, Spain<br>Book reviews editor<br><a href=\"mailto:achapman@uma.es\">achapman@uma.es<\/a><\/p>\n<\/div>\n\n\n\n<div class=\"wp-block-column is-layout-flow wp-block-column-is-layout-flow\"><\/div>\n\n\n\n<div class=\"wp-block-column is-layout-flow wp-block-column-is-layout-flow\"><\/div>\n<\/div>\n\n\n\n<h2 class=\"wp-block-heading\">Academic Editorial Board<\/h2>\n\n\n\n<ul class=\"wp-block-list\">\n<li>Professor Liliane Louvel, Universit\u00e9 de Poitiers, France<\/li>\n\n\n\n<li>Professor Lieven Buysse, KU Leuven, Belgium<\/li>\n\n\n\n<li>Professor Wilfrid Rotg\u00e9, Sorbonne Universit\u00e9, France<\/li>\n\n\n\n<li>Professor Rainer Emig, Johannes Gutenberg Universit\u00e4t, Mainz, Germany<\/li>\n\n\n\n<li>Professor Ewa K\u0119b\u0142owska-\u0141awniczak, University of Wroclaw, Poland<\/li>\n\n\n\n<li>Professor Teresa Botelho, Nova University of Lisbon, Portugal<\/li>\n\n\n\n<li>Professor Montserrat Mart\u00ednez V\u00e1zquez, Universidad Pablo de Olavide, Spain<\/li>\n\n\n\n<li>Professor Himmet Umun\u00e7, Baskent University, Ankara, Turkey<\/li>\n\n\n\n<li>Associate Professor Attila Kiss, University of Szeged, Hungary<\/li>\n<\/ul>\n\n\n\n<h2 class=\"wp-block-heading\">Peer Review<\/h2>\n\n\n\n<p class=\"wp-block-paragraph\">The journal articles published in the ESSE Messenger will be submitted to two double-blind peer-reviews, carried out by two external experts not affiliated with the same institution as the article\u2019s author. Details about the process and the peer review form can be found in the documents inserted below.<\/p>\n\n\n\n<p class=\"wp-block-paragraph\"><img data-recalc-dims=\"1\" loading=\"lazy\" decoding=\"async\" src=\"https:\/\/i0.wp.com\/essenglish.org\/messenger\/wp-content\/uploads\/sites\/2\/2016\/01\/File-Extension-Pdf-32.png?resize=32%2C32&#038;ssl=1\" alt=\"\" width=\"32\" height=\"32\">&nbsp;<a href=\"https:\/\/essenglish.org\/messenger\/wp-content\/uploads\/sites\/2\/2018\/11\/Peer-Review-Process.pdf\" target=\"_blank\" rel=\"noreferrer noopener\">Peer Review Process<\/a><\/p>\n\n\n\n<p class=\"wp-block-paragraph\"><a href=\"https:\/\/essenglish.org\/messenger\/about-the-journal\/word-icon-cropped\/\"><\/a>&nbsp;<img data-recalc-dims=\"1\" loading=\"lazy\" decoding=\"async\" width=\"32\" height=\"32\" class=\"wp-image-2416\" style=\"width: 32px;\" src=\"https:\/\/i0.wp.com\/essenglish.org\/messenger\/wp-content\/uploads\/sites\/2\/2018\/11\/word-icon-cropped-e1541414372210.png?resize=32%2C32&#038;ssl=1\" alt=\"\"> <a href=\"https:\/\/essenglish.org\/messenger\/wp-content\/uploads\/sites\/2\/2018\/11\/Peer-review-form.docx\" target=\"_blank\" rel=\"noreferrer noopener\">Peer Review Form<\/a><\/p>\n\n\n\n<p class=\"wp-block-paragraph\">The final screening and decision of publication belongs to the ESSE Messenger Academic Editorial Board.<\/p>\n\n\n\n<p class=\"wp-block-paragraph\">The peer-review process has to comply with the requirements and criteria contained in COPE guidelines for peer reviewers contained in the document inserted below.<\/p>\n\n\n\n<p class=\"wp-block-paragraph\"><img data-recalc-dims=\"1\" loading=\"lazy\" decoding=\"async\" src=\"https:\/\/i0.wp.com\/essenglish.org\/messenger\/wp-content\/uploads\/sites\/2\/2016\/01\/File-Extension-Pdf-32.png?resize=32%2C32&#038;ssl=1\" alt=\"\" width=\"32\" height=\"32\">&nbsp;<a href=\"https:\/\/publicationethics.org\/files\/Peer%20review%20guidelines.pdf\" target=\"_blank\" rel=\"noreferrer noopener\">COPE Ethical Guidelines for Peer Reviewers<\/a><\/p>\n\n\n\n<h2 class=\"wp-block-heading\">Indexed in \/ Listed at:<\/h2>\n\n\n\n<div class=\"wp-block-columns is-layout-flex wp-container-core-columns-is-layout-8f761849 wp-block-columns-is-layout-flex\">\n<div class=\"wp-block-column is-layout-flow wp-block-column-is-layout-flow\"><div class=\"wp-block-image\">\n<figure class=\"aligncenter size-full is-resized\"><img data-recalc-dims=\"1\" loading=\"lazy\" decoding=\"async\" width=\"409\" height=\"280\" src=\"https:\/\/i0.wp.com\/essenglish.org\/messenger\/wp-content\/uploads\/sites\/2\/2018\/12\/ebsco-host.png?resize=409%2C280&#038;ssl=1\" alt=\"\" class=\"wp-image-2460\" style=\"width:151px;height:auto\" srcset=\"https:\/\/i0.wp.com\/essenglish.org\/messenger\/wp-content\/uploads\/sites\/2\/2018\/12\/ebsco-host.png?w=409&amp;ssl=1 409w, https:\/\/i0.wp.com\/essenglish.org\/messenger\/wp-content\/uploads\/sites\/2\/2018\/12\/ebsco-host.png?resize=300%2C205&amp;ssl=1 300w\" sizes=\"auto, (max-width: 409px) 100vw, 409px\" \/><\/figure>\n<\/div>\n\n\n<p class=\"has-text-align-center wp-block-paragraph\">EBSCOHOST<br>MID: KQ5U<\/p>\n<\/div>\n\n\n\n<div class=\"wp-block-column is-layout-flow wp-block-column-is-layout-flow\"><div class=\"wp-block-image\">\n<figure class=\"aligncenter size-full is-resized\"><img data-recalc-dims=\"1\" loading=\"lazy\" decoding=\"async\" width=\"389\" height=\"129\" src=\"https:\/\/i0.wp.com\/essenglish.org\/messenger\/wp-content\/uploads\/sites\/2\/2019\/02\/erihplus2.jpeg?resize=389%2C129&#038;ssl=1\" alt=\"\" class=\"wp-image-2574\" style=\"width:163px;height:auto\" srcset=\"https:\/\/i0.wp.com\/essenglish.org\/messenger\/wp-content\/uploads\/sites\/2\/2019\/02\/erihplus2.jpeg?w=389&amp;ssl=1 389w, https:\/\/i0.wp.com\/essenglish.org\/messenger\/wp-content\/uploads\/sites\/2\/2019\/02\/erihplus2.jpeg?resize=300%2C99&amp;ssl=1 300w\" sizes=\"auto, (max-width: 389px) 100vw, 389px\" \/><\/figure>\n<\/div>\n\n\n<div style=\"height:30px\" aria-hidden=\"true\" class=\"wp-block-spacer\"><\/div>\n\n\n\n<p class=\"has-text-align-center wp-block-paragraph\">ERIHPLUS<\/p>\n<\/div>\n\n\n\n<div class=\"wp-block-column is-layout-flow wp-block-column-is-layout-flow\"><div class=\"wp-block-image\">\n<figure class=\"aligncenter size-full\"><img data-recalc-dims=\"1\" loading=\"lazy\" decoding=\"async\" width=\"120\" height=\"56\" src=\"https:\/\/i0.wp.com\/essenglish.org\/messenger\/wp-content\/uploads\/sites\/2\/2019\/03\/duotrope-logo.png?resize=120%2C56&#038;ssl=1\" alt=\"\" class=\"wp-image-2590\"\/><\/figure>\n<\/div>\n\n\n<div style=\"height:30px\" aria-hidden=\"true\" class=\"wp-block-spacer\"><\/div>\n\n\n\n<p class=\"has-text-align-center wp-block-paragraph\">DUOTROPE<\/p>\n<\/div>\n\n\n\n<div class=\"wp-block-column is-layout-flow wp-block-column-is-layout-flow\"><div class=\"wp-block-image\">\n<figure class=\"aligncenter size-full\"><img data-recalc-dims=\"1\" loading=\"lazy\" decoding=\"async\" width=\"234\" height=\"60\" src=\"https:\/\/i0.wp.com\/essenglish.org\/messenger\/wp-content\/uploads\/sites\/2\/2022\/11\/miar.png?resize=234%2C60&#038;ssl=1\" alt=\"\" class=\"wp-image-3683\"\/><\/figure>\n<\/div>\n\n\n<p class=\"has-text-align-center wp-block-paragraph\">MIAR<br>Information Matrix for the Analysis of Journals<\/p>\n<\/div>\n<\/div>\n\n\n\n<p class=\"wp-block-paragraph\"><\/p>\n","protected":false},"excerpt":{"rendered":"<p>ISSN:&nbsp;2518-3567Frequency of publication: biannualIssues:&nbsp;https:\/\/essenglish.org\/messenger\/issues\/All issues are open access. Editors&nbsp; Dr Laura Esteban-Segura University of M\u00e1laga, Spain General editoresse.messenger@uma.es Dr. Ana Chapman University of M\u00e1laga, SpainBook reviews editorachapman@uma.es Academic Editorial Board Peer Review The journal articles published in the ESSE Messenger will be submitted to two double-blind peer-reviews, carried out by two external experts not affiliated [&hellip;]<\/p>\n","protected":false},"author":2,"featured_media":0,"parent":0,"menu_order":0,"comment_status":"closed","ping_status":"closed","template":"","meta":{"_crdt_document":"","ngg_post_thumbnail":0,"jetpack_post_was_ever_published":false,"footnotes":""},"categories":[],"tags":[],"class_list":["post-2438","page","type-page","status-publish","hentry"],"jetpack_sharing_enabled":true,"_links":{"self":[{"href":"https:\/\/essenglish.org\/messenger\/wp-json\/wp\/v2\/pages\/2438","targetHints":{"allow":["GET"]}}],"collection":[{"href":"https:\/\/essenglish.org\/messenger\/wp-json\/wp\/v2\/pages"}],"about":[{"href":"https:\/\/essenglish.org\/messenger\/wp-json\/wp\/v2\/types\/page"}],"author":[{"embeddable":true,"href":"https:\/\/essenglish.org\/messenger\/wp-json\/wp\/v2\/users\/2"}],"replies":[{"embeddable":true,"href":"https:\/\/essenglish.org\/messenger\/wp-json\/wp\/v2\/comments?post=2438"}],"version-history":[{"count":33,"href":"https:\/\/essenglish.org\/messenger\/wp-json\/wp\/v2\/pages\/2438\/revisions"}],"predecessor-version":[{"id":4282,"href":"https:\/\/essenglish.org\/messenger\/wp-json\/wp\/v2\/pages\/2438\/revisions\/4282"}],"wp:attachment":[{"href":"https:\/\/essenglish.org\/messenger\/wp-json\/wp\/v2\/media?parent=2438"}],"wp:term":[{"taxonomy":"category","embeddable":true,"href":"https:\/\/essenglish.org\/messenger\/wp-json\/wp\/v2\/categories?post=2438"},{"taxonomy":"post_tag","embeddable":true,"href":"https:\/\/essenglish.org\/messenger\/wp-json\/wp\/v2\/tags?post=2438"}],"curies":[{"name":"wp","href":"https:\/\/api.w.org\/{rel}","templated":true}]}}