{"id":418,"date":"2020-05-26T14:12:56","date_gmt":"2020-05-26T12:12:56","guid":{"rendered":"https:\/\/essenglish.org\/ejes\/?page_id=418"},"modified":"2026-02-07T18:15:36","modified_gmt":"2026-02-07T17:15:36","slug":"issues","status":"publish","type":"page","link":"https:\/\/essenglish.org\/ejes\/issues\/","title":{"rendered":"Issues"},"content":{"rendered":"\n<h2 id=\"forthcoming\" class=\"wp-block-heading\">Forthcoming Issues<\/h2>\n\n\n\n<h4 class=\"wp-block-heading\"><img loading=\"lazy\" decoding=\"async\" width=\"100\" height=\"75\" class=\"wp-image-608\" style=\"width: 100px;\" src=\"https:\/\/essenglish.org\/ejes\/wp-content\/uploads\/sites\/3\/2024\/08\/ejes-logo.jpg\" alt=\"\"> Volume 30 (to be published in 2026)<\/h4>\n\n\n\n<p class=\"wp-block-paragraph\"><a rel=\"noreferrer noopener\" href=\"https:\/\/essenglish.org\/wp-content\/uploads\/2025\/03\/Call-for-Papers-for-Volume-30-Cabinets-of-Curiosities.pdf\" target=\"_blank\">Cabinets of Curiosities: Collecting, Displaying, Consuming<\/a>. Guest editors: Mark Hutchings (University of Valladolid), Susana Oliveira (Universidade Aberta, Portugal), and Veronika Schandl (P\u00e1zm\u00e1ny P\u00e9ter Catholic University).<\/p>\n\n\n\n<p class=\"wp-block-paragraph\"><a rel=\"noreferrer noopener\" href=\"https:\/\/essenglish.org\/wp-content\/uploads\/2025\/03\/CFP-Accessing-Shakespearean-Drama.pdf\" target=\"_blank\">Accessing Shakespearean Drama through (Re)translation and Audiovisual Adaptation in the 21st Century<\/a>. Guest editors: Judit Mudriczki (K\u00e1roli G\u00e1sp\u00e1r University, Hungary) and Irene Ranzato (Sapienza University of Rome, Italy).&nbsp;<\/p>\n\n\n\n<p class=\"wp-block-paragraph\"><a rel=\"noreferrer noopener\" href=\"https:\/\/essenglish.org\/ejes\/wp-content\/uploads\/sites\/3\/2025\/10\/CfP_Medical-Objects-in-Illness-Narratives-2025.pdf\" target=\"_blank\">Medical Objects in Illness Narratives<\/a>. Guest editors: Cristina Hurtado-Botella (University of Murcia), Joanne \u2018Bob\u2019 Whalley (University of the Arts London), Teresa Casal (University of Lisbon).<\/p>\n\n\n\n<h2 class=\"wp-block-heading\">Recent Issues<\/h2>\n\n\n\n<h4 class=\"wp-block-heading\"><img loading=\"lazy\" decoding=\"async\" width=\"100\" height=\"75\" class=\"wp-image-608\" style=\"width: 100px;\" src=\"https:\/\/essenglish.org\/ejes\/wp-content\/uploads\/sites\/3\/2024\/08\/ejes-logo.jpg\" alt=\"\"> Volume 29 (2025)<\/h4>\n\n\n\n<p class=\"wp-block-paragraph\">29.3 <a href=\"https:\/\/www.tandfonline.com\/toc\/neje20\/29\/3?nav=tocList\" target=\"_blank\" rel=\"noreferrer noopener\">The Poetics and Politics of Gender, Mobility and Migration in the New Anglophone Literature<\/a>, eds. Nadia Butt (University of Giessen, Germany), Radhika Mohanram (Cardiff University, Wales) and Michelle Stork (University of Frankfurt, Germany)<\/p>\n\n\n\n<p class=\"wp-block-paragraph\">29.2 <a href=\"https:\/\/www.tandfonline.com\/toc\/neje20\/29\/2?nav=tocList\" target=\"_blank\" rel=\"noreferrer noopener\">Wasted Lives in Contemporary Fiction: Bodies That Do Not Matter<\/a>, eds. Maria Isabel Romero-Ruiz (University of M\u00e1laga, Spain) and Simonetta Falchi (University of Sassari, Italy)<\/p>\n\n\n\n<p class=\"wp-block-paragraph\">29.1 <a href=\"https:\/\/www.tandfonline.com\/toc\/neje20\/29\/1?nav=tocList\" target=\"_blank\" rel=\"noreferrer noopener\">The Place of Race in Law &amp; Literature<\/a>, eds. Andrew Benjamin Bricker (Ghent University), Elise Wang (California State University, Fullerton) and Cedric Essi (Osnabr\u00fcck University)<\/p>\n\n\n\n<h2 class=\"wp-block-heading\">Back Issues<\/h2>\n\n\n\n<h4 class=\"wp-block-heading\"><img loading=\"lazy\" decoding=\"async\" width=\"100\" height=\"75\" class=\"wp-image-608\" style=\"width: 100px;\" src=\"https:\/\/essenglish.org\/ejes\/wp-content\/uploads\/sites\/3\/2024\/08\/ejes-logo.jpg\" alt=\"\"> <a href=\"https:\/\/www.tandfonline.com\/toc\/neje20\/current\" target=\"_blank\" rel=\"noreferrer noopener\">Volume 28 (2024)<\/a><\/h4>\n\n\n\n<p class=\"wp-block-paragraph\">28.1 <a href=\"https:\/\/www.tandfonline.com\/toc\/neje20\/28\/1?nav=tocList\" target=\"_blank\" rel=\"noreferrer noopener\">Cultures of Empathy<\/a>, eds. Pilar Cuder-Dom\u00ednguez (COIDESO, University of Huelva, Spain), Ana Cristina Mendes (University of Lisbon, Portugal) and Erzs\u00e9bet Bar\u00e1t (University of Szeged, Hungary)<\/p>\n\n\n\n<p class=\"wp-block-paragraph\">28.2 &amp; 28.3:<a href=\"https:\/\/www.tandfonline.com\/toc\/neje20\/28\/2-3?nav=tocList\" target=\"_blank\" rel=\"noreferrer noopener\"> Open Topic Double Issue<\/a>. Ed. Birte Christ, Justus-Liebig-Universit\u00e4t Giessen (forthcoming)<\/p>\n\n\n\n<h4 class=\"wp-block-heading\"><img loading=\"lazy\" decoding=\"async\" width=\"100\" height=\"75\" class=\"wp-image-608\" style=\"width: 100px;\" src=\"https:\/\/essenglish.org\/ejes\/wp-content\/uploads\/sites\/3\/2024\/08\/ejes-logo.jpg\" alt=\"\"> Volume 27 (2023)<\/h4>\n\n\n\n<p class=\"wp-block-paragraph\">27.1 <a href=\"https:\/\/www.tandfonline.com\/toc\/neje20\/27\/1?nav=tocList\" target=\"_blank\" rel=\"noopener\"><em>Hashtags across Borders: Considering #Instapoetry as a Transglobal and Translingual Literary Movement<\/em><\/a>, eds. Anna Nacher (Uniwersytet Jagiello\u0144ski w Krakowie), James Mackay (European University Cyprus), JuEunhae Knox (University of Glasgow)<\/p>\n\n\n\n<p class=\"wp-block-paragraph\">27.2 <em><a href=\"https:\/\/www.tandfonline.com\/toc\/neje20\/27\/2?nav=tocList\" target=\"_blank\" rel=\"noopener\">Nineteenth-Century Interstitial Spaces<\/a><\/em>, eds. Frederik Van Dam (Radboud University), Joanna Hofer-Robinson (University College Cork) and Chris Louttit (Radboud University)<\/p>\n\n\n\n<p class=\"wp-block-paragraph\">27.3 <em><a href=\"https:\/\/www.tandfonline.com\/toc\/neje20\/27\/3?nav=tocList\" target=\"_blank\" rel=\"noopener\">Limitrophy in Contemporary Literatures in English<\/a>, <\/em>eds. Laura Ma Lojo Rodr\u00edguez (Universidade de Santiago de Compostela, Spain), Jorge Sacido Romero (Universidade de Santiago de Compostela, Spain) and Roberto Del Valle Alcal\u00e1 (S\u00f6dert\u00f6rn University, Sweden)<\/p>\n\n\n\n<h4 class=\"wp-block-heading\"><img loading=\"lazy\" decoding=\"async\" width=\"100\" height=\"75\" class=\"wp-image-608\" style=\"width: 100px;\" src=\"https:\/\/essenglish.org\/ejes\/wp-content\/uploads\/sites\/3\/2024\/08\/ejes-logo.jpg\" alt=\"\"> Volume 26 (2022)<\/h4>\n\n\n\n<p class=\"wp-block-paragraph\">26.1<em><a href=\"https:\/\/www.tandfonline.com\/toc\/neje20\/26\/1?nav=tocList\">Victorian Materialisms<\/a><\/em>, eds <span lang=\"EN-GB\">Ursula Kluwick (University of Bern), <\/span><span lang=\"EN-US\">Ariane de Waal (MLU Halle-Wittenberg)<\/span><\/p>\n\n\n\n<p class=\"wp-block-paragraph\">26.2 <em><a href=\"https:\/\/www.tandfonline.com\/toc\/neje20\/26\/2?nav=tocList\">Patriarchal backlashes to feminism in times of crisis: plus \u00e7a change, moins \u00e7a change<\/a><\/em>, eds <span lang=\"EN-US\">Florence Binard (<\/span><span lang=\"EN-GB\">University of Paris) and <\/span><span lang=\"EN-US\">Renate Haas <\/span><span lang=\"EN-GB\">(University of Kiel)<\/span><\/p>\n\n\n\n<p class=\"wp-block-paragraph\">26.3 <em><a href=\"https:\/\/www.tandfonline.com\/toc\/neje20\/current\">Going Viral: Chronotopes of Disaster in Film and Visual Media<\/a>,<\/em> eds Sotirios Bampatzimopoulos (Ankara University) and Geli Mademli (University of Amsterdam)<\/p>\n\n\n\n<h4 class=\"wp-block-heading\"><img loading=\"lazy\" decoding=\"async\" width=\"100\" height=\"75\" class=\"wp-image-608\" style=\"width: 100px;\" src=\"https:\/\/essenglish.org\/ejes\/wp-content\/uploads\/sites\/3\/2024\/08\/ejes-logo.jpg\" alt=\"\"> Volume 25 (2021)<\/h4>\n\n\n\n<p class=\"wp-block-paragraph\">25.1<em><a href=\"https:\/\/www.tandfonline.com\/toc\/neje20\/25\/1?nav=tocList\"> Brexit and Academia<\/a><\/em>, eds Sibylle Baumbach (Stuttgart) and Andreas Maurer (Innsbruck)<\/p>\n\n\n\n<p class=\"wp-block-paragraph\">25.2 <em><a href=\"https:\/\/www.tandfonline.com\/toc\/neje20\/25\/2?nav=tocList&amp;\">Feminist Responses to Populist Politics<\/a><\/em>, eds M\u00f3nica Cano Abad\u00eda (University of Graz), Sanja Bojani\u0107 (University of Rijeka), <span class=\"articleEntryAuthorsLinks\">Valentina Moro<\/span> (University of Verona)<\/p>\n\n\n\n<p class=\"wp-block-paragraph\">25.3&nbsp;<em><a href=\"https:\/\/www.tandfonline.com\/toc\/neje20\/25\/3?nav=tocList\">Disseminating Knowledge: The Effects of Digitalized Academic Discourse on Language, Genre and Identity<\/a><\/em>, eds Rosa Lor\u00e9s Sanz (Universidad de Zaragoza), Giuliana Diani (Universit\u00e0 di Modena e Reggio Emilia)<\/p>\n\n\n\n<h4 class=\"wp-block-heading\"><img loading=\"lazy\" decoding=\"async\" width=\"100\" height=\"75\" class=\"wp-image-608\" style=\"width: 100px;\" src=\"https:\/\/essenglish.org\/ejes\/wp-content\/uploads\/sites\/3\/2024\/08\/ejes-logo.jpg\" alt=\"\"> Volume 24 (2020)<\/h4>\n\n\n\n<p class=\"wp-block-paragraph\">24.1 <em><a href=\"https:\/\/www.tandfonline.com\/toc\/neje20\/24\/1?nav=tocList\">Representing Trans<\/a>,<\/em> eds Elahe Haschemi Yekani (Berlin), Anson Koch-Rein (Grinnell) and Jasper Verlinden (Berlin)<\/p>\n\n\n\n<p class=\"wp-block-paragraph\">24.2 <a href=\"https:\/\/www.tandfonline.com\/toc\/neje20\/24\/2?nav=tocList\">&#8216;<em>Decentering Commemorations&#8217;: Literary, Cultural, Historical and Political Commemorations across and beyond the British Isles<\/em><\/a>, eds Jeremy Tranmer, and C\u00e9line Sabiron (Lorraine)<\/p>\n\n\n\n<p class=\"wp-block-paragraph\">24.3 <em><a href=\"https:\/\/www.tandfonline.com\/toc\/neje20\/24\/3?nav=tocList\">Neo-Victorian Negotiations of Hostility, Empathy and Hospitality<\/a><\/em>, eds Rosario Arias (M\u00e1laga) and Mark Llewellyn (Cardiff)<\/p>\n\n\n\n<h4 class=\"wp-block-heading\"><img loading=\"lazy\" decoding=\"async\" width=\"100\" height=\"75\" class=\"wp-image-608\" style=\"width: 100px;\" src=\"https:\/\/essenglish.org\/ejes\/wp-content\/uploads\/sites\/3\/2024\/08\/ejes-logo.jpg\" alt=\"\"> Volume 23 (2019)<\/h4>\n\n\n\n<p class=\"wp-block-paragraph\">23.1 <em><a href=\"https:\/\/www.tandfonline.com\/toc\/neje20\/23\/1?nav=tocList\">Narratives of Religious Conversion from the Enlightenment to the Present<\/a>,<\/em> eds Ludmilla Kostova (Turnovo) and Efterpi Mitsi (Athens)<\/p>\n\n\n\n<p class=\"wp-block-paragraph\">23.2 <a href=\"https:\/\/www.tandfonline.com\/toc\/neje20\/23\/2?nav=tocList\"><em>Fact and Fiction in Contemporary Narratives<\/em><\/a>, eds Jan Alber (Aachen) and Alice Bell (Sheffield)<\/p>\n\n\n\n<p class=\"wp-block-paragraph\">23.3 <em><a href=\"https:\/\/www.tandfonline.com\/toc\/neje20\/23\/3?nav=tocList\">Shame and Shamelessness in Anglophone Literature and Media<\/a><\/em>, eds Katrin R\u00f6der (Potsdam), Christine Vogt-William (Berlin) and Kaye Mitchell (Manchester)<\/p>\n\n\n\n<h4 class=\"wp-block-heading\"><img loading=\"lazy\" decoding=\"async\" width=\"100\" height=\"75\" class=\"wp-image-608\" style=\"width: 100px;\" src=\"https:\/\/essenglish.org\/ejes\/wp-content\/uploads\/sites\/3\/2024\/08\/ejes-logo.jpg\" alt=\"\"> Volume 22 (2018)<\/h4>\n\n\n\n<p class=\"wp-block-paragraph\">22.1 <em>Approaches to Old Age,<\/em> eds Sarah Falcus and Maricel Or\u00f3 Piqueras<\/p>\n\n\n\n<p class=\"wp-block-paragraph\">22.2 <em>Global Responses to the \u2018War on Terror\u2019<\/em>, eds Michael C. Frank (D\u00fcsseldorf) and Pavan Kumar Malreddy (Frankfurt)<\/p>\n\n\n\n<p class=\"wp-block-paragraph\">22.3 <em>Poetry, Science and Technology<\/em>, eds Irmtraud Huber (Berne), Wolfgang Funk (Mainz)<\/p>\n\n\n\n<h4 class=\"wp-block-heading\"><img loading=\"lazy\" decoding=\"async\" width=\"100\" height=\"75\" class=\"wp-image-608\" style=\"width: 100px;\" src=\"https:\/\/essenglish.org\/ejes\/wp-content\/uploads\/sites\/3\/2024\/08\/ejes-logo.jpg\" alt=\"\"> Volume 21 (2017)<\/h4>\n\n\n\n<p class=\"wp-block-paragraph\">21.1 <em>Getting and Spending<\/em>, eds Silvana Colella, Brecht de Groote, Frederik Van Dam<\/p>\n\n\n\n<p class=\"wp-block-paragraph\">21.2 <em>Debating the Afropolitan<\/em>, eds Emilia Mar\u00eda Dur\u00e1n-Almarza, Carla Rodr\u00edguez Gonz\u00e1lez, Ananya J. Kabir<\/p>\n\n\n\n<p class=\"wp-block-paragraph\">21.3<em> Feminist Interventions in Intermedial Studies<\/em>, eds Anna K\u00e9rchy and Catriona McAra<\/p>\n\n\n\n<h4 class=\"wp-block-heading\"><img loading=\"lazy\" decoding=\"async\" width=\"100\" height=\"75\" class=\"wp-image-608\" style=\"width: 100px;\" src=\"https:\/\/essenglish.org\/ejes\/wp-content\/uploads\/sites\/3\/2024\/08\/ejes-logo.jpg\" alt=\"\"> Volume 20 (2016)<\/h4>\n\n\n\n<p class=\"wp-block-paragraph\">20.1 <em>Formulaicity in Language and Literature<\/em>, eds Ian MacKenzie and Martin A. Kayman<\/p>\n\n\n\n<p class=\"wp-block-paragraph\">20.2&nbsp;<em>J.M. Coetzee and the non-English Literary Traditions<\/em>, eds Mar\u00eda J. L\u00f3pez, &amp; Kai Wiegandt<\/p>\n\n\n\n<p class=\"wp-block-paragraph\">20.3 <i>The Politics of Form<\/i>, eds Sarah Copland &amp; Greta Olson<\/p>\n\n\n\n<h4 class=\"wp-block-heading\"><img loading=\"lazy\" decoding=\"async\" width=\"100\" height=\"75\" class=\"wp-image-608\" style=\"width: 100px;\" src=\"https:\/\/essenglish.org\/ejes\/wp-content\/uploads\/sites\/3\/2024\/08\/ejes-logo.jpg\" alt=\"\"> Volume 19 (2015)<\/h4>\n\n\n\n<p class=\"wp-block-paragraph\">19.1 <em>Modern Creatures<\/em>, eds Virginia Richter &amp; and Pieter Vermeulen<\/p>\n\n\n\n<p class=\"wp-block-paragraph\">19.2 <em>Mendacity in Early Modern Literature and Culture<\/em>, eds Ingo Berensmeyer &amp; Andrew Hadfield<\/p>\n\n\n\n<p class=\"wp-block-paragraph\">19.3 <em>Poetics and Partition<\/em>, eds GJV Prasad &amp; Stephanos Stephanides<\/p>\n\n\n\n<h4 class=\"wp-block-heading\"><img loading=\"lazy\" decoding=\"async\" width=\"100\" height=\"75\" class=\"wp-image-608\" style=\"width: 100px;\" src=\"https:\/\/essenglish.org\/ejes\/wp-content\/uploads\/sites\/3\/2024\/08\/ejes-logo.jpg\" alt=\"\"> Volume 18 (2014)<\/h4>\n\n\n\n<p class=\"wp-block-paragraph\">18.1&nbsp; <em>Scottish Renaissances<\/em>, eds Wolfram R. Keller, J. Derrick McClure &amp; Kirsten Sandrock<\/p>\n\n\n\n<p class=\"wp-block-paragraph\">18:2&nbsp; <em>European Posthumanism<\/em>, eds Stefan Herbrechter, Ivan Callus &amp; Manuela Rossini<\/p>\n\n\n\n<p class=\"wp-block-paragraph\">18.3&nbsp; <em>Translating Ethnicity<\/em>, eds Silvia Bruti, Roberto A. Valde\u00f3n and Serenella Zanotti<\/p>\n\n\n\n<h4 class=\"wp-block-heading\"><img loading=\"lazy\" decoding=\"async\" width=\"100\" height=\"75\" class=\"wp-image-608\" style=\"width: 100px;\" src=\"https:\/\/essenglish.org\/ejes\/wp-content\/uploads\/sites\/3\/2024\/08\/ejes-logo.jpg\" alt=\"\"> Volume 17 (2013)<\/h4>\n\n\n\n<p class=\"wp-block-paragraph\">17.1&nbsp;<em>Visual Text<\/em>, eds Judy Kendall, Manuel Portela &amp; Glyn White<\/p>\n\n\n\n<p class=\"wp-block-paragraph\">17.2 <em>Myths of Europe: East of Venice<\/em>, eds Ljiljana Ina Gjurgjan &amp; Aidan O\u2019Malley<\/p>\n\n\n\n<p class=\"wp-block-paragraph\">17.3 <em>The Rhetoric of Science<\/em>, eds Maria Freddi, Barbara Korte &amp; Josef Schmied<\/p>\n\n\n\n<h4 class=\"wp-block-heading\"><img loading=\"lazy\" decoding=\"async\" width=\"100\" height=\"75\" class=\"wp-image-608\" style=\"width: 100px;\" src=\"https:\/\/essenglish.org\/ejes\/wp-content\/uploads\/sites\/3\/2024\/08\/ejes-logo.jpg\" alt=\"\"> Volume 16 (2012)<\/h4>\n\n\n\n<p class=\"wp-block-paragraph\">16.1 <em>Housing fictions: The House in Writing and Culture, 1950 to the Present<\/em>, eds Janet Larson, Francesca Saggini &amp; Anna Enrichetta Soccio<\/p>\n\n\n\n<p class=\"wp-block-paragraph\">16.2 <em>Dislocations and Ecologies<\/em>, eds Alexa Weik &amp; Christoph Irmscher<\/p>\n\n\n\n<p class=\"wp-block-paragraph\">16.3: <em>Gender Resistance<\/em>, &nbsp;eds Evgenia Sifaki &amp; Angeliki Spiropoulou<\/p>\n\n\n\n<p class=\"has-background wp-block-paragraph\" style=\"background-color:#abb7c263\">The tables of contents of the most recent and all issues published since 2000, abstracts and access to the essays, can be found on the website of&nbsp;<a href=\"http:\/\/www.tandfonline.com\/loi\/neje20#.VqDacvHzQTk\" target=\"_blank\" rel=\"noreferrer noopener\">the journal&#8217;s page at Taylor &amp; Francis <img loading=\"lazy\" decoding=\"async\" width=\"23\" height=\"21\" class=\"wp-image-674\" style=\"width: 23px;\" src=\"https:\/\/essenglish.org\/ejes\/wp-content\/uploads\/sites\/3\/2025\/02\/new-window-e1739630988221.png\" alt=\"\"><\/a>.<\/p>\n\n\n\n<hr class=\"wp-block-separator has-alpha-channel-opacity\"\/>\n\n\n\n<h2 class=\"wp-block-heading\">The <em>European Journal of English Studies<\/em>: <br>A list of themes and editors 1997-2017<\/h2>\n\n\n\n<figure class=\"wp-block-table\"><table class=\"has-fixed-layout\"><tbody><tr><td colspan=\"3\"><strong>General editors: Catherine Belsey, Herbert Grabes, Jean-Jacques Lecercle<\/strong><\/td><\/tr><tr><td colspan=\"3\"><strong>1997<\/strong><\/td><\/tr><tr><td>1.1<\/td><td><em>Untitled<\/em><\/td><td>Catherine Belsey, Herbert Grabes, Jean-Jacques Lecercle<\/td><\/tr><tr><td>1.2<\/td><td><em>Postmodernism<\/em><\/td><td>Catherine Bernard<\/td><\/tr><tr><td>1.3<\/td><td><em>Current Shakespeare<\/em><\/td><td>John Drakakis<\/td><\/tr><tr><td colspan=\"3\"><strong>1998<\/strong><\/td><\/tr><tr><td>2.1<\/td><td><em>Postcolonial Literary Strategies<\/em><\/td><td>J. L. Gionvannanageli<\/td><\/tr><tr><td>2.2<\/td><td><em>Language &amp; Literature<\/em><\/td><td>Monika Fludernik<\/td><\/tr><tr><td>2.3<\/td><td><em>Feminism<\/em><\/td><td>Claudine Raynaud<\/td><\/tr><tr><td colspan=\"3\"><strong>1999<\/strong><\/td><\/tr><tr><td>3.1<\/td><td><em>Reconceptions of Genre<\/em><\/td><td>Joao Ferreira Duarte<\/td><\/tr><tr><td>3.2<\/td><td><em>Postmodern Parody<\/em><\/td><td>Ansgar N\u00fcnning<\/td><\/tr><tr><td>3.3<\/td><td><em>Postcolonial Ireland?<\/em><\/td><td>Claire Connolly<\/td><\/tr><tr><td colspan=\"3\"><strong>2000<\/strong><\/td><\/tr><tr><td>4.1<\/td><td><em>The Visual and the Written<\/em><\/td><td>Liliane Louvel<\/td><\/tr><tr><td>4.2<\/td><td><em>The Continuation of Historicism<\/em><\/td><td>Slavoj Zizek<\/td><\/tr><tr><td>4.3<\/td><td><em>Historical Sociolinguistics<\/em><\/td><td>Ingrid Tieken-Boon van Ostade<\/td><\/tr><tr><td colspan=\"3\"><strong>General editors: Catherine Bernard, Claire Connolly, Herbert Grabes<\/strong><\/td><\/tr><tr><td colspan=\"3\"><strong>2001<\/strong><\/td><\/tr><tr><td>5.1<\/td><td><em>Iconicity<\/em><\/td><td>Max Nanny &amp; Olga Fischer<\/td><\/tr><tr><td>5.2<\/td><td><em>Early Modern English Text Types<\/em><\/td><td>Lilo Moessner<\/td><\/tr><tr><td>5.3<\/td><td><em>Systems Theory<\/em><\/td><td>Christoph Reinfandt<\/td><\/tr><tr><td colspan=\"3\"><strong>General editors: Catherine Bernard, Claire Connolly, Ansgar N\u00fcnning<\/strong><\/td><\/tr><tr><td colspan=\"3\"><strong>2002<\/strong><\/td><\/tr><tr><td>6.1<\/td><td><em>The New Poetics<\/em><\/td><td>Adolphe Haberer<\/td><\/tr><tr><td>6.2<\/td><td><em>Romanticism &amp; Cultural Geography<\/em><\/td><td>Diego Saglia<\/td><\/tr><tr><td>6.3<\/td><td><em>Current Critical Theories in Europe<\/em><\/td><td>Catherine Bernard &amp; Ansgar N\u00fcnning<\/td><\/tr><tr><td colspan=\"3\"><strong>2003<\/strong><\/td><\/tr><tr><td>7.1<\/td><td><em>New English Dramaturgies<\/em><\/td><td>Elizabeth Angel-Perez<\/td><\/tr><tr><td>7.2<\/td><td><em>Ethics &amp; Literature<\/em><\/td><td>Robert Eaglestone<\/td><\/tr><tr><td>7.3<\/td><td><em>Literature &amp; Trauma<\/em><\/td><td>Ortwin de Graef, Vivian Liska, Katrien Vloberghs<\/td><\/tr><tr><td colspan=\"3\"><strong>2004<\/strong><\/td><\/tr><tr><td>8.1<\/td><td><em>New Approaches to Narrative Theory<\/em><\/td><td>Roy Sommer<\/td><\/tr><tr><td>8.2<\/td><td><em>European Views on Englishness<\/em><\/td><td>Vera N\u00fcnning<\/td><\/tr><tr><td>8.3<\/td><td><em>Cultural Variation in Metaphor<\/em><\/td><td>Zolt\u00e1n K\u00f6vecses<\/td><\/tr><tr><td colspan=\"3\"><strong>2005<\/strong><\/td><\/tr><tr><td>9.1<\/td><td><em>Letters &amp; Letter Writing<\/em><\/td><td>Minna Nevala &amp; Minna Palander-Collin<\/td><\/tr><tr><td>9.2<\/td><td><em>Cognitive Criticism<\/em><\/td><td>Michael Toolan &amp; Jean Jacques Weber<\/td><\/tr><tr><td>9.3<\/td><td><em>Intimate Transfers<\/em><\/td><td>Effie Yiannopoulou &amp; Maria Margaroni<\/td><\/tr><tr><td colspan=\"3\"><strong>General editors: Martin A. Kayman, Angela Locatelli, Ansgar N\u00fcnning<\/strong><\/td><\/tr><tr><td colspan=\"3\"><strong>2006<\/strong><\/td><\/tr><tr><td>10.1<\/td><td><em>European Englishes<\/em><\/td><td>Martin Kayman, Angela Locatelli, Ansgar N\u00fcnning<\/td><\/tr><tr><td>10.2<\/td><td><em>Literature and the Production of Cultural Memory<\/em><\/td><td>Astrid Eril &amp; Ann Rigney<\/td><\/tr><tr><td>10.3<\/td><td><em>Cultural Exchange<\/em><\/td><td>Gesa Stedman<\/td><\/tr><tr><td colspan=\"3\"><strong>2007<\/strong><\/td><\/tr><tr><td>11.1<\/td><td><em>Law, Literature &amp; Language<\/em><\/td><td>MAK &amp; Greta Olson<\/td><\/tr><tr><td>11.2<\/td><td><em>New Textualities<\/em><\/td><td>Manuel Portela<\/td><\/tr><tr><td>11.3<\/td><td><em>Literature, Epistemology &amp; Science<\/em><\/td><td>Ronald Shusterman<\/td><\/tr><tr><td colspan=\"3\"><strong>2008<\/strong><\/td><\/tr><tr><td>12.1<\/td><td><em>New Englishes<\/em><\/td><td>Bessie Dendrinos, Mina Karavanta &amp; Bessie Mitsikopoulou<\/td><\/tr><tr><td>12.2<\/td><td><em>Translation, Cultures and the Media<\/em><\/td><td>Elena di Giovanni<\/td><\/tr><tr><td>12.3<\/td><td><em>Reading the Modernist Past<\/em><\/td><td>Helene Aji &amp; Helen Dennis<\/td><\/tr><tr><td colspan=\"3\"><strong>2009<\/strong><\/td><\/tr><tr><td>13.1<\/td><td><em>Travelling Concepts in English Studies<\/em><\/td><td>Birgit Neumann &amp; Frederik Tygstrup<\/td><\/tr><tr><td>13.2<\/td><td><em>Intercultural Negotiations<\/em><\/td><td>Ian MacKenzie<\/td><\/tr><tr><td>13.3<\/td><td><em>Rhetoric of National Character<\/em><\/td><td>Ton Hoenselaars &amp; Joep Leersen<\/td><\/tr><tr><td colspan=\"3\"><strong>2010<\/strong><\/td><\/tr><tr><td>14.1<\/td><td><em>Beyond Trauma: The Uses of the Past in 21c Europe<\/em><\/td><td>Jacek Gutorow, Jerzy Jarniewicz, David Kennedy<\/td><\/tr><tr><td>14.2<\/td><td><em>Crime Narratives<\/em><\/td><td>Heather Worthington &amp; Maurizio Ascari<\/td><\/tr><tr><td>14.3<\/td><td><em>Comparative Cultural Histories<\/em><\/td><td>Logie Barrow &amp; Karine Bigand<\/td><\/tr><tr><td colspan=\"3\"><strong>General editors: Martin A. Kayman, Greta Olson &amp; Stephanos Stephanides<\/strong><\/td><\/tr><tr><td colspan=\"3\"><strong>2011 <\/strong><\/td><\/tr><tr><td>15.1<\/td><td><em>Matter &amp; Material Culture<\/em><\/td><td>Maurizio Calbi &amp; Marlena Parlati<\/td><\/tr><tr><td>15.2<\/td><td><em>Medievalism<\/em><\/td><td>Ute Berns &amp; Andrew Johnston<\/td><\/tr><tr><td>15.3<\/td><td><em>The Estoteric in Post\/Modernism<\/em><\/td><td>Pia Br\u00eenzeu &amp; Gy\u00f6rgy Sz\u00f6ny<\/td><\/tr><tr><td colspan=\"3\">2012<\/td><\/tr><tr><td>16.1<\/td><td><em>Housing Fiction 1950 to Present<\/em><\/td><td>Janet Larson, Francesda Saggini &amp; Anna-Enrichetta Soccio<\/td><\/tr><tr><td>16.2<\/td><td><em>Dislocations &amp; Ecologies<\/em><\/td><td>Alexa Weik &amp; Christoph Irmscher<\/td><\/tr><tr><td>16.3<\/td><td><em>Gender Resistance<\/em><\/td><td>Evgenia Sifaki &amp; Angeliki Spiropoulou<\/td><\/tr><tr><td colspan=\"3\"><strong>2013<\/strong><\/td><\/tr><tr><td>17.1<\/td><td><em>Visual Text<\/em><\/td><td>Judy Kendall, Manuel Portela &amp; Glyn White<\/td><\/tr><tr><td>17.2<\/td><td><em>Myths of Europe: East of Venice<\/em><\/td><td>Aidan O&#8217;Malley<\/td><\/tr><tr><td>17.3<\/td><td><em>The Rhetoric of Science<\/em><\/td><td>Maria Freddi, Barbara Korte &amp; Josef Schmied<\/td><\/tr><tr><td colspan=\"3\"><strong>2014<\/strong><\/td><\/tr><tr><td>18.1<\/td><td><em>Scottish Renaissances<\/em><\/td><td>Wolfram R. Keller, J. Derrick McClure &amp; Kirsten Sandrock<\/td><\/tr><tr><td>18.2<\/td><td><em>European Posthumanism<\/em><\/td><td>Ivan Callus, Stefan Herbrechter &amp; Manuel Rossini<\/td><\/tr><tr><td>18.3<\/td><td><em>Translating Ethnicity<\/em><\/td><td>Silvia Bruti, Robert Valde\u00f3n &amp;&nbsp; Serenella Zanotti<\/td><\/tr><tr><td colspan=\"3\"><strong>2015<\/strong><\/td><\/tr><tr><td>19.1<\/td><td><em>Modern Creatures<\/em><\/td><td>Pieter Vermeulen &amp; Virginia Richter<\/td><\/tr><tr><td>19.2<\/td><td><em>Mendacity in Early Modern<\/em><\/td><td>Ingo Berensmeyer &amp; Andrew Hadfield<\/td><\/tr><tr><td>19.3<\/td><td><em>Poetics &amp; Partition<\/em><\/td><td>GJV Prasad &amp; Stephanos Stephanides<\/td><\/tr><tr><td colspan=\"3\"><strong>General editors: Martin A. Kayman, Greta Olson &amp; Isabel Carrera Su\u00e1rez<\/strong><\/td><\/tr><tr><td colspan=\"3\"><strong>2016<\/strong><\/td><\/tr><tr><td>20.1<\/td><td><em>Formulaicity in Language &amp; Literature<\/em><\/td><td>Martin Kayman &amp; Ian MacKenzie<\/td><\/tr><tr><td>20.2<\/td><td><em>J.M. Coetzee and the non-English literary traditions<\/em><\/td><td>Mar\u00eda J. L\u00f3pez &amp; Kai Wiegandt<\/td><\/tr><tr><td>20.3<\/td><td><em>The Politics of Form<\/em><\/td><td>Sarah Copland &amp; Greta Olson<\/td><\/tr><tr><td colspan=\"3\"><strong>2017<\/strong><\/td><\/tr><tr><td>21.1<\/td><td><em>Getting and Spending<\/em><\/td><td>Silvana Colella, Brecht de Groote, Frederik Van Dam<\/td><\/tr><tr><td>21.2<\/td><td><em>Debating the Afropolitan<\/em><\/td><td>Emilia Mar\u00eda Dur\u00e1n-Almarza, Carla Rodr\u00edguez Gonz\u00e1lez, Ananya J. Kabir<\/td><\/tr><tr><td>21.3<\/td><td><em>Feminist Interventions in Intermedial Studies<\/em><\/td><td>Anna K\u00e9rchy and Catriona McAra<\/td><\/tr><tr><td colspan=\"3\"><strong>General editors: Greta Olson, Isabel Carrera Su\u00e1rez &amp; Katerina Kitsi<\/strong><\/td><\/tr><tr><td colspan=\"3\"><strong>2018<\/strong><\/td><\/tr><\/tbody><\/table><\/figure>\n","protected":false},"excerpt":{"rendered":"<p>Forthcoming Issues Volume 30 (to be published in 2026) Cabinets of Curiosities: Collecting, Displaying, Consuming. Guest editors: Mark Hutchings (University of Valladolid), Susana Oliveira (Universidade Aberta, Portugal), and Veronika Schandl (P\u00e1zm\u00e1ny P\u00e9ter Catholic University). Accessing Shakespearean Drama through (Re)translation and Audiovisual Adaptation in the 21st Century. Guest editors: Judit Mudriczki (K\u00e1roli G\u00e1sp\u00e1r University, Hungary) and [&hellip;]<\/p>\n","protected":false},"author":1,"featured_media":0,"parent":0,"menu_order":0,"comment_status":"closed","ping_status":"closed","template":"","meta":{"_crdt_document":"","ngg_post_thumbnail":0,"footnotes":""},"categories":[],"tags":[],"class_list":["post-418","page","type-page","status-publish","hentry"],"_links":{"self":[{"href":"https:\/\/essenglish.org\/ejes\/wp-json\/wp\/v2\/pages\/418","targetHints":{"allow":["GET"]}}],"collection":[{"href":"https:\/\/essenglish.org\/ejes\/wp-json\/wp\/v2\/pages"}],"about":[{"href":"https:\/\/essenglish.org\/ejes\/wp-json\/wp\/v2\/types\/page"}],"author":[{"embeddable":true,"href":"https:\/\/essenglish.org\/ejes\/wp-json\/wp\/v2\/users\/1"}],"replies":[{"embeddable":true,"href":"https:\/\/essenglish.org\/ejes\/wp-json\/wp\/v2\/comments?post=418"}],"version-history":[{"count":52,"href":"https:\/\/essenglish.org\/ejes\/wp-json\/wp\/v2\/pages\/418\/revisions"}],"predecessor-version":[{"id":818,"href":"https:\/\/essenglish.org\/ejes\/wp-json\/wp\/v2\/pages\/418\/revisions\/818"}],"wp:attachment":[{"href":"https:\/\/essenglish.org\/ejes\/wp-json\/wp\/v2\/media?parent=418"}],"wp:term":[{"taxonomy":"category","embeddable":true,"href":"https:\/\/essenglish.org\/ejes\/wp-json\/wp\/v2\/categories?post=418"},{"taxonomy":"post_tag","embeddable":true,"href":"https:\/\/essenglish.org\/ejes\/wp-json\/wp\/v2\/tags?post=418"}],"curies":[{"name":"wp","href":"https:\/\/api.w.org\/{rel}","templated":true}]}}